{"id":896,"date":"2025-03-21T08:58:53","date_gmt":"2025-03-21T08:58:53","guid":{"rendered":"https:\/\/www.mrhardwares.com\/?post_type=product&#038;p=896"},"modified":"2025-12-31T03:14:40","modified_gmt":"2025-12-31T03:14:40","slug":"wholesale-normal-furniture-hinge","status":"publish","type":"product","link":"https:\/\/www.mrhardwares.com\/de\/product\/wholesale-normal-furniture-hinge\/","title":{"rendered":"Gro\u00dfhandel Normal Scharniere f\u00fcr Kleiderschrank und Schrank, Bad Schr\u00e4nke - MR-261B2"},"content":{"rendered":"<h3 class=\"wp-block-heading\">Merkmale von Normal Scharniere MR-261B2<\/h3><p><strong>Sanftes \u00d6ffnen und Schlie\u00dfen<\/strong>Die hochpr\u00e4zise Fertigungstechnologie gew\u00e4hrleistet ein reibungsloses und ger\u00e4uschloses \u00d6ffnen und Schlie\u00dfen der T\u00fcrfl\u00fcgel.<\/p><p><strong>Hohe Belastbarkeit<\/strong>: Die Struktur ist stabil und kann gro\u00dfen Gewichten standhalten, um die sichere Verwendung der Schrankt\u00fcr zu gew\u00e4hrleisten.<\/p><p><strong>Geringe Wartungskosten<\/strong>: Die hohe Lebensdauer reduziert die H\u00e4ufigkeit des Austauschs und die sp\u00e4teren Wartungskosten.<\/p><p><strong>Anpassungsl\u00f6sung aus einer Hand:<\/strong> Gr\u00f6\u00dfe, Winkel, Federst\u00e4rke, Oberfl\u00e4chenbehandlung usw. k\u00f6nnen je nach Kundenbedarf angepasst werden.<\/p>","protected":false},"excerpt":{"rendered":"<p><strong>Preis: US $0.055\/Stk<\/strong><\/p>\n<p>Gro\u00dfhandel gew\u00f6hnliche Scharniere, geeignet f\u00fcr alle Arten von M\u00f6beln wie Schr\u00e4nke, Schr\u00e4nke, Bad Schr\u00e4nke, etc., geeignet f\u00fcr mehrere Szenarien wie Haus, Hotel, B\u00fcro, etc. Support OEM &amp; ODM Anpassung an die Bed\u00fcrfnisse der verschiedenen Kunden zu erf\u00fcllen, willkommen zu beraten und zu kooperieren.<\/p>\n<h2>Spezifikationen f\u00fcr Normales Scharnier - MR-261B2<\/h2>\n<table border=\"0\" cellspacing=\"0\" cellpadding=\"0\">\n<tbody style=\"font-size: 12px; border: 1px solid #ccc; overflow: hidden;\">\n<tr style=\"line-height: 1.4;\">\n<td style=\"width: 33%;\" width=\"36\" height=\"30\"><strong>Spezifikation<\/strong><\/td>\n<td style=\"width: 67%;\" width=\"72\"><strong>Einzelheiten<\/strong><\/td>\n<\/tr>\n<tr style=\"line-height: 1.4;\">\n<td style=\"width: 33%;\" width=\"36\" height=\"30\"><strong>Modellnummer<\/strong><\/td>\n<td style=\"width: 67%;\" width=\"72\">MR-261B2<\/td>\n<\/tr>\n<tr style=\"line-height: 1.4;\">\n<td style=\"width: 33%;\" width=\"36\" height=\"30\"><strong>Scharnier Material<\/strong><\/td>\n<td style=\"width: 67%;\" width=\"72\">Eisen<\/td>\n<\/tr>\n<tr style=\"line-height: 1.4;\">\n<td style=\"width: 33%;\" width=\"36\" height=\"30\"><strong>Scharnier Typ<\/strong><\/td>\n<td style=\"width: 67%;\" width=\"72\">Normale M\u00f6belscharniere<\/td>\n<\/tr>\n<tr style=\"line-height: 1.4;\">\n<td style=\"width: 33%;\" width=\"36\" height=\"60\"><strong>Anwendbare Szenarien<\/strong><\/td>\n<td style=\"width: 67%;\" width=\"72\">Kleiderschrank, Schrank, B\u00fccherregal, Badezimmerschrank, und mehr<\/td>\n<\/tr>\n<tr style=\"line-height: 1.4;\">\n<td style=\"width: 33%;\" width=\"36\" height=\"50\"><strong>OEM- und ODM-Dienstleistungen<\/strong><\/td>\n<td style=\"width: 67%;\" width=\"72\">Unterst\u00fctzt einfache und tiefgreifende Anpassungen<\/td>\n<\/tr>\n<\/tbody>\n<\/table>\n<p><script src=\"chrome-extension:\/\/fpelahbljekknahkcaegamhcndkfpfnc\/iFrame.js\" type=\"text\/javascript\"><\/script><\/p>\n<p>\n<script src=\"chrome-extension:\/\/fpelahbljekknahkcaegamhcndkfpfnc\/iFrame.js\" type=\"text\/javascript\"><\/script><\/p>","protected":false},"featured_media":1001,"comment_status":"closed","ping_status":"closed","template":"","meta":{"_acf_changed":false},"product_brand":[],"product_cat":[25],"product_tag":[],"class_list":{"0":"post-896","1":"product","2":"type-product","3":"status-publish","4":"has-post-thumbnail","6":"product_cat-wholesale-regular-furniture-hinges","8":"first","9":"instock","10":"shipping-taxable","11":"product-type-simple"},"acf":[],"_links":{"self":[{"href":"https:\/\/www.mrhardwares.com\/de\/wp-json\/wp\/v2\/product\/896","targetHints":{"allow":["GET"]}}],"collection":[{"href":"https:\/\/www.mrhardwares.com\/de\/wp-json\/wp\/v2\/product"}],"about":[{"href":"https:\/\/www.mrhardwares.com\/de\/wp-json\/wp\/v2\/types\/product"}],"replies":[{"embeddable":true,"href":"https:\/\/www.mrhardwares.com\/de\/wp-json\/wp\/v2\/comments?post=896"}],"wp:featuredmedia":[{"embeddable":true,"href":"https:\/\/www.mrhardwares.com\/de\/wp-json\/wp\/v2\/media\/1001"}],"wp:attachment":[{"href":"https:\/\/www.mrhardwares.com\/de\/wp-json\/wp\/v2\/media?parent=896"}],"wp:term":[{"taxonomy":"product_brand","embeddable":true,"href":"https:\/\/www.mrhardwares.com\/de\/wp-json\/wp\/v2\/product_brand?post=896"},{"taxonomy":"product_cat","embeddable":true,"href":"https:\/\/www.mrhardwares.com\/de\/wp-json\/wp\/v2\/product_cat?post=896"},{"taxonomy":"product_tag","embeddable":true,"href":"https:\/\/www.mrhardwares.com\/de\/wp-json\/wp\/v2\/product_tag?post=896"}],"curies":[{"name":"wp","href":"https:\/\/api.w.org\/{rel}","templated":true}]}}