{"id":906,"date":"2025-03-21T09:57:54","date_gmt":"2025-03-21T09:57:54","guid":{"rendered":"https:\/\/www.mrhardwares.com\/?post_type=product&#038;p=906"},"modified":"2025-12-31T02:57:54","modified_gmt":"2025-12-31T02:57:54","slug":"wholesale-concealed-soft-close-cabinet-hinges-mr-dtza","status":"publish","type":"product","link":"https:\/\/www.mrhardwares.com\/de\/product\/wholesale-concealed-soft-close-cabinet-hinges-mr-dtza\/","title":{"rendered":"Gro\u00dfhandel verdeckte Soft-Close-Schrank Scharniere, OEM und ODM verf\u00fcgbar - MR-DTZA"},"content":{"rendered":"<h3 class=\"wp-block-heading\">Merkmale des verdeckten Soft-Close-Scharniers f\u00fcr Schr\u00e4nke<\/h3><p><strong>Sanft schlie\u00dfende Funktion:<\/strong> Die Schrankt\u00fcr ist mit einer D\u00e4mpfungstechnologie ausgestattet, die ein sanftes und leises Schlie\u00dfen erm\u00f6glicht und so Aufprallsch\u00e4den vermeidet.<\/p><p><strong>Einstellbares Design<\/strong>: Unterst\u00fctzt die horizontale, vertikale und tiefe Einstellung, um eine pr\u00e4zise Ausrichtung der Schrankt\u00fcr zu gew\u00e4hrleisten und sich an unterschiedliche Installationsanforderungen anzupassen.<\/p><p><strong>Starke Tragf\u00e4higkeit:<\/strong> Das optimierte Design unterst\u00fctzt schwere Schrankt\u00fcren, um Stabilit\u00e4t und Haltbarkeit im t\u00e4glichen Gebrauch zu gew\u00e4hrleisten.<\/p><p><strong>Modernes Aussehen: <\/strong>Modernes und schlichtes Design, passend zu einer Vielzahl moderner Einrichtungsstile, wertet das Gesamtbild auf.<\/p><p><strong>Schnelle Installation<\/strong>: Einfache Installation, geeignet f\u00fcr private und gewerbliche R\u00e4ume, zeitsparend und effizient.<\/p><p><strong>Anpassungsm\u00f6glichkeiten:<\/strong> Wir bieten eine Vielzahl von Gr\u00f6\u00dfen, Farben und Designanpassungen, die perfekt auf die individuellen Bed\u00fcrfnisse Ihres Badezimmerschranks abgestimmt sind und Ihren pers\u00f6nlichen Anforderungen entsprechen.<\/p>","protected":false},"excerpt":{"rendered":"<p><strong>Preis: US $0.151\/St\u00fcck<\/strong><\/p>\n<p>Verdeckte Soft-Close-Scharniere f\u00fcr den Gro\u00dfhandel sorgen f\u00fcr ein leises, sanftes Schlie\u00dfen der T\u00fcren und sind f\u00fcr eine perfekte Ausrichtung einstellbar. Kontaktieren Sie uns, um Ihre individuelle Scharnierl\u00f6sung zu erhalten. Gro\u00dfeink\u00e4ufe zu Fabrikpreisen.<\/p>\n<h2>Spezifikationen des verdeckten, sanft schlie\u00dfenden Schrankscharniers<\/h2>\n<table border=\"0\" cellspacing=\"0\" cellpadding=\"0\">\n<tbody style=\"font-size: 12px; border: 1px solid #ccc; overflow: hidden;\">\n<tr style=\"line-height: 1.4;\">\n<td style=\"width: 33%;\" width=\"36\" height=\"30\"><strong>Spezifikation<\/strong><\/td>\n<td style=\"width: 67%;\" width=\"72\"><strong>Einzelheiten<\/strong><\/td>\n<\/tr>\n<tr style=\"line-height: 1.4;\">\n<td style=\"width: 33%;\" width=\"36\" height=\"30\"><strong>Modellnummer<\/strong><\/td>\n<td style=\"width: 67%;\" width=\"72\">MR-DTZA<\/td>\n<\/tr>\n<tr style=\"line-height: 1.4;\">\n<td style=\"width: 33%;\" width=\"36\" height=\"30\"><strong>Scharnier Material<\/strong><\/td>\n<td style=\"width: 67%;\" width=\"72\">Rostfreier Stahl oder kaltgewalzter Stahl<\/td>\n<\/tr>\n<tr style=\"line-height: 1.4;\">\n<td style=\"width: 33%;\" width=\"36\" height=\"30\"><strong>Scharnier Typ<\/strong><\/td>\n<td style=\"width: 67%;\" width=\"72\">Soft-Close-Scharnier<\/td>\n<\/tr>\n<tr style=\"line-height: 1.4;\">\n<td style=\"width: 33%;\" width=\"36\" height=\"60\"><strong>Anwendbare Szenarien<\/strong><\/td>\n<td style=\"width: 67%;\" width=\"72\">Kleiderschrank, Schrank, B\u00fccherregal, Badezimmerschrank, und mehr<\/td>\n<\/tr>\n<tr style=\"line-height: 1.4;\">\n<td style=\"width: 33%;\" width=\"36\" height=\"50\"><strong>OEM- und ODM-Dienstleistungen<\/strong><\/td>\n<td style=\"width: 67%;\" width=\"72\">Unterst\u00fctzt einfache und tiefgreifende Anpassungen<\/td>\n<\/tr>\n<\/tbody>\n<\/table>\n<p><script src=\"chrome-extension:\/\/fpelahbljekknahkcaegamhcndkfpfnc\/iFrame.js\" type=\"text\/javascript\"><\/script><\/p>\n<p><script src=\"chrome-extension:\/\/fpelahbljekknahkcaegamhcndkfpfnc\/iFrame.js\" type=\"text\/javascript\"><\/script><\/p>\n<p>\n<script src=\"chrome-extension:\/\/fpelahbljekknahkcaegamhcndkfpfnc\/iFrame.js\" type=\"text\/javascript\"><\/script><\/p>","protected":false},"featured_media":962,"comment_status":"closed","ping_status":"closed","template":"","meta":{"_acf_changed":false},"product_brand":[],"product_cat":[16,17,19,23],"product_tag":[],"class_list":{"0":"post-906","1":"product","2":"type-product","3":"status-publish","4":"has-post-thumbnail","6":"product_cat-wholesale-soft-closing-hinges","7":"product_cat-wholesale-cabinet-hinges","8":"product_cat-wholesale-furniture-hinges","9":"product_cat-wholesale-hydraulic-hinges","11":"first","12":"instock","13":"shipping-taxable","14":"product-type-simple"},"acf":[],"_links":{"self":[{"href":"https:\/\/www.mrhardwares.com\/de\/wp-json\/wp\/v2\/product\/906","targetHints":{"allow":["GET"]}}],"collection":[{"href":"https:\/\/www.mrhardwares.com\/de\/wp-json\/wp\/v2\/product"}],"about":[{"href":"https:\/\/www.mrhardwares.com\/de\/wp-json\/wp\/v2\/types\/product"}],"replies":[{"embeddable":true,"href":"https:\/\/www.mrhardwares.com\/de\/wp-json\/wp\/v2\/comments?post=906"}],"wp:featuredmedia":[{"embeddable":true,"href":"https:\/\/www.mrhardwares.com\/de\/wp-json\/wp\/v2\/media\/962"}],"wp:attachment":[{"href":"https:\/\/www.mrhardwares.com\/de\/wp-json\/wp\/v2\/media?parent=906"}],"wp:term":[{"taxonomy":"product_brand","embeddable":true,"href":"https:\/\/www.mrhardwares.com\/de\/wp-json\/wp\/v2\/product_brand?post=906"},{"taxonomy":"product_cat","embeddable":true,"href":"https:\/\/www.mrhardwares.com\/de\/wp-json\/wp\/v2\/product_cat?post=906"},{"taxonomy":"product_tag","embeddable":true,"href":"https:\/\/www.mrhardwares.com\/de\/wp-json\/wp\/v2\/product_tag?post=906"}],"curies":[{"name":"wp","href":"https:\/\/api.w.org\/{rel}","templated":true}]}}