{"id":908,"date":"2025-03-21T10:15:28","date_gmt":"2025-03-21T10:15:28","guid":{"rendered":"https:\/\/www.mrhardwares.com\/?post_type=product&#038;p=908"},"modified":"2025-12-31T03:02:58","modified_gmt":"2025-12-31T03:02:58","slug":"bulk-furniture-hinges-wholesale","status":"publish","type":"product","link":"https:\/\/www.mrhardwares.com\/de\/product\/bulk-furniture-hinges-wholesale\/","title":{"rendered":"Hochwertige Soft-Close-Scharniere MR-F4C, geeignet f\u00fcr Schr\u00e4nke, Kleiderschr\u00e4nke, Badezimmerschr\u00e4nke"},"content":{"rendered":"<h3 class=\"wp-block-heading\">Merkmale von hochwertigen M\u00f6belscharnieren<\/h3><p><strong>Hochwertige Scharniere<\/strong>: Hergestellt aus hochwertigem Edelstahl oder kaltgewalztem Stahl, langlebig und erschwinglich, geeignet f\u00fcr alle Arten von M\u00f6beln.<\/p><p><strong>Sanft schlie\u00dfende Funktion<\/strong>: Die Schrankt\u00fcr ist mit einem D\u00e4mpfungsmechanismus ausgestattet, der das Schlie\u00dfen erleichtert, St\u00f6\u00dfe vermeidet und die Lebensdauer verl\u00e4ngert.<\/p><p><strong>Hohe Belastbarkeit<\/strong>: Die hoch belastbare Konstruktion tr\u00e4gt schwerere T\u00fcren oder Schr\u00e4nke und gew\u00e4hrleistet Stabilit\u00e4t und Langlebigkeit.<\/p><p><strong>Breite Anwendbarkeit<\/strong>: Weit verbreitet in verschiedenen Umgebungen wie Haus und Gesch\u00e4ft, geeignet f\u00fcr K\u00fcche, Bad und B\u00fcrom\u00f6bel.<\/p><p><strong>Anpassungsdienst<\/strong>: Wir bieten kundenspezifische Optionen f\u00fcr verschiedene Gr\u00f6\u00dfen, Farben und Designs an, um sicherzustellen, dass die Scharniere den Anforderungen individueller Projekte gerecht werden.<\/p>","protected":false},"excerpt":{"rendered":"<p><strong>Preis: US $0.121\/Stk<\/strong><\/p>\n<p>Wir bieten hochwertige Scharniere aus langlebigem Edelstahl oder kaltgewalztem Stahl in Gro\u00dfhandelsmengen an. Sie verf\u00fcgen \u00fcber ein Soft-Close-Hydrauliksystem f\u00fcr ein sanftes Schlie\u00dfen der T\u00fcr und eine starke Tragf\u00e4higkeit, die f\u00fcr schwerere T\u00fcren geeignet ist. Sie eignen sich f\u00fcr eine Vielzahl von Umgebungen, darunter K\u00fcchen, B\u00e4der und B\u00fcros, und sind in kundenspezifischen Gr\u00f6\u00dfen und Ausf\u00fchrungen erh\u00e4ltlich. Gro\u00dfh\u00e4ndler und Distributoren sind herzlich eingeladen, uns f\u00fcr ein Angebot zu kontaktieren.<\/p>\n<h2>Spezifikationen f\u00fcr qualitativ hochwertige M\u00f6belscharniere<\/h2>\n<table border=\"0\" cellspacing=\"0\" cellpadding=\"0\">\n<tbody style=\"font-size: 12px; border: 1px solid #ccc; overflow: hidden;\">\n<tr style=\"line-height: 1.4;\">\n<td style=\"width: 33%;\" width=\"36\" height=\"30\"><strong>Spezifikation<\/strong><\/td>\n<td style=\"width: 67%;\" width=\"72\"><strong>Einzelheiten<\/strong><\/td>\n<\/tr>\n<tr style=\"line-height: 1.4;\">\n<td style=\"width: 33%;\" width=\"36\" height=\"30\"><strong>Modellnummer<\/strong><\/td>\n<td style=\"width: 67%;\" width=\"72\">Weiches MR-F4C<\/td>\n<\/tr>\n<tr style=\"line-height: 1.4;\">\n<td style=\"width: 33%;\" width=\"36\" height=\"30\"><strong>Scharnier Material<\/strong><\/td>\n<td style=\"width: 67%;\" width=\"72\">Rostfreier Stahl oder Eisen<\/td>\n<\/tr>\n<tr style=\"line-height: 1.4;\">\n<td style=\"width: 33%;\" width=\"36\" height=\"30\"><strong>Scharnier Typ<\/strong><\/td>\n<td style=\"width: 67%;\" width=\"72\">Soft-Close-Scharnier<\/td>\n<\/tr>\n<tr style=\"line-height: 1.4;\">\n<td style=\"width: 33%;\" width=\"36\" height=\"60\"><strong>Anwendbare Szenarien<\/strong><\/td>\n<td style=\"width: 67%;\" width=\"72\">Kleiderschrank, Schrank, B\u00fccherregal, Badezimmerschrank, und mehr<\/td>\n<\/tr>\n<tr style=\"line-height: 1.4;\">\n<td style=\"width: 33%;\" width=\"36\" height=\"50\"><strong>OEM- und ODM-Dienstleistungen<\/strong><\/td>\n<td style=\"width: 67%;\" width=\"72\">Unterst\u00fctzt einfache und tiefgreifende Anpassungen<\/td>\n<\/tr>\n<\/tbody>\n<\/table>\n<p>&nbsp;<\/p>\n<p>\n<script src=\"chrome-extension:\/\/fpelahbljekknahkcaegamhcndkfpfnc\/iFrame.js\" type=\"text\/javascript\"><\/script><\/p>","protected":false},"featured_media":986,"comment_status":"closed","ping_status":"closed","template":"","meta":{"_acf_changed":false},"product_brand":[],"product_cat":[16,17,19,23],"product_tag":[],"class_list":{"0":"post-908","1":"product","2":"type-product","3":"status-publish","4":"has-post-thumbnail","6":"product_cat-wholesale-soft-closing-hinges","7":"product_cat-wholesale-cabinet-hinges","8":"product_cat-wholesale-furniture-hinges","9":"product_cat-wholesale-hydraulic-hinges","11":"first","12":"instock","13":"shipping-taxable","14":"product-type-simple"},"acf":[],"_links":{"self":[{"href":"https:\/\/www.mrhardwares.com\/de\/wp-json\/wp\/v2\/product\/908","targetHints":{"allow":["GET"]}}],"collection":[{"href":"https:\/\/www.mrhardwares.com\/de\/wp-json\/wp\/v2\/product"}],"about":[{"href":"https:\/\/www.mrhardwares.com\/de\/wp-json\/wp\/v2\/types\/product"}],"replies":[{"embeddable":true,"href":"https:\/\/www.mrhardwares.com\/de\/wp-json\/wp\/v2\/comments?post=908"}],"wp:featuredmedia":[{"embeddable":true,"href":"https:\/\/www.mrhardwares.com\/de\/wp-json\/wp\/v2\/media\/986"}],"wp:attachment":[{"href":"https:\/\/www.mrhardwares.com\/de\/wp-json\/wp\/v2\/media?parent=908"}],"wp:term":[{"taxonomy":"product_brand","embeddable":true,"href":"https:\/\/www.mrhardwares.com\/de\/wp-json\/wp\/v2\/product_brand?post=908"},{"taxonomy":"product_cat","embeddable":true,"href":"https:\/\/www.mrhardwares.com\/de\/wp-json\/wp\/v2\/product_cat?post=908"},{"taxonomy":"product_tag","embeddable":true,"href":"https:\/\/www.mrhardwares.com\/de\/wp-json\/wp\/v2\/product_tag?post=908"}],"curies":[{"name":"wp","href":"https:\/\/api.w.org\/{rel}","templated":true}]}}