{"id":909,"date":"2025-03-21T23:57:03","date_gmt":"2025-03-21T23:57:03","guid":{"rendered":"https:\/\/www.mrhardwares.com\/?post_type=product&#038;p=909"},"modified":"2025-12-31T03:21:03","modified_gmt":"2025-12-31T03:21:03","slug":"wholesale-soft-close-cupboard-door-hinges-2","status":"publish","type":"product","link":"https:\/\/www.mrhardwares.com\/de\/product\/wholesale-soft-close-cupboard-door-hinges-2\/","title":{"rendered":"Gro\u00dfhandel Soft Close Schrank T\u00fcrscharniere MR-DTGS - Mingrun Scharnier Hersteller"},"content":{"rendered":"<h3 class=\"wp-block-heading\">Merkmale von Soft-Close-Schrankt\u00fcrscharnieren<\/h3><p><strong>Mechanismus zum Schlie\u00dfen des Puffers:<\/strong> Die Puffertechnologie kann die Sto\u00dfkraft zwischen der Schrankt\u00fcr und dem Schrankk\u00f6rper verringern und die Lebensdauer des Schranks verl\u00e4ngern.<\/p><p><strong>Umfassend angewendet: <\/strong>Geeignet f\u00fcr alle Arten von Haushalts- und Gewerbem\u00f6beln wie K\u00fcchenschr\u00e4nke, Kleiderschr\u00e4nke, Badezimmerschr\u00e4nke, B\u00fcroschr\u00e4nke, Lagerschr\u00e4nke, TV-Schr\u00e4nke usw., geeignet f\u00fcr die Nachfrage auf dem Weltmarkt.<\/p><p><strong>Gro\u00dfvolumiges Angebot: <\/strong>Mingrun verf\u00fcgt \u00fcber moderne Produktionslinien und automatisierte Produktionsanlagen mit hoher Tageskapazit\u00e4t, die den Bedarf an Gro\u00dfauftr\u00e4gen decken k\u00f6nnen.<\/p><p><strong>Qualit\u00e4tssicherung: <\/strong>Jedes Scharnier wird einer strengen Qualit\u00e4tskontrolle unterzogen, um eine stabile Leistung und lange Haltbarkeit zu gew\u00e4hrleisten.<\/p>","protected":false},"excerpt":{"rendered":"<p><strong>Price: US $0.136\/pc<\/strong><\/p>\n<p>Gro\u00dfhandelsscharniere f\u00fcr Schrankt\u00fcren, die sanft, leise und einfach zu schlie\u00dfen sind, eignen sich f\u00fcr K\u00fcchenschr\u00e4nke, Kleiderschr\u00e4nke, B\u00fcrom\u00f6bel und Badezimmerschr\u00e4nke. Wir bieten wettbewerbsf\u00e4hige Direktpreise und Gro\u00dflieferungen, um den Bedarf gro\u00dfer Projekte zu decken. Kontaktieren Sie uns f\u00fcr ein Angebot.<\/p>\n<h2>Spezifikationen f\u00fcr Soft-Close-Schrankt\u00fcrscharniere<\/h2>\n<table border=\"0\" cellspacing=\"0\" cellpadding=\"0\">\n<tbody style=\"font-size: 12px; border: 1px solid #ccc; overflow: hidden;\">\n<tr style=\"line-height: 1.4;\">\n<td style=\"width: 33%;\" width=\"36\" height=\"30\"><strong>Spezifikation<\/strong><\/td>\n<td style=\"width: 67%;\" width=\"72\"><strong>Einzelheiten<\/strong><\/td>\n<\/tr>\n<tr style=\"line-height: 1.4;\">\n<td style=\"width: 33%;\" width=\"36\" height=\"30\"><strong>Modellnummer<\/strong><\/td>\n<td style=\"width: 67%;\" width=\"72\">MR-DTGS<\/td>\n<\/tr>\n<tr style=\"line-height: 1.4;\">\n<td style=\"width: 33%;\" width=\"36\" height=\"30\"><strong>Scharnier Material<\/strong><\/td>\n<td style=\"width: 67%;\" width=\"72\">Rostfreier Stahl oder kaltgewalzter Stahl<\/td>\n<\/tr>\n<tr style=\"line-height: 1.4;\">\n<td style=\"width: 33%;\" width=\"36\" height=\"30\"><strong>Scharnier Typ<\/strong><\/td>\n<td style=\"width: 67%;\" width=\"72\">Soft-Close-Scharnier<\/td>\n<\/tr>\n<tr style=\"line-height: 1.4;\">\n<td style=\"width: 33%;\" width=\"36\" height=\"60\"><strong>Anwendbare Szenarien<\/strong><\/td>\n<td style=\"width: 67%;\" width=\"72\">Kleiderschrank, Schrank, B\u00fccherregal, Badezimmerschrank, und mehr<\/td>\n<\/tr>\n<tr style=\"line-height: 1.4;\">\n<td style=\"width: 33%;\" width=\"36\" height=\"50\"><strong>OEM- und ODM-Dienstleistungen<\/strong><\/td>\n<td style=\"width: 67%;\" width=\"72\">Unterst\u00fctzt einfache und tiefgreifende Anpassungen<\/td>\n<\/tr>\n<\/tbody>\n<\/table>\n<p><script src=\"chrome-extension:\/\/fpelahbljekknahkcaegamhcndkfpfnc\/iFrame.js\" type=\"text\/javascript\"><\/script><\/p>\n<p>\n<script src=\"chrome-extension:\/\/fpelahbljekknahkcaegamhcndkfpfnc\/iFrame.js\" type=\"text\/javascript\"><\/script><\/p>","protected":false},"featured_media":910,"comment_status":"closed","ping_status":"closed","template":"","meta":{"_acf_changed":false},"product_brand":[],"product_cat":[16],"product_tag":[],"class_list":{"0":"post-909","1":"product","2":"type-product","3":"status-publish","4":"has-post-thumbnail","6":"product_cat-wholesale-soft-closing-hinges","8":"first","9":"instock","10":"shipping-taxable","11":"product-type-simple"},"acf":[],"_links":{"self":[{"href":"https:\/\/www.mrhardwares.com\/de\/wp-json\/wp\/v2\/product\/909","targetHints":{"allow":["GET"]}}],"collection":[{"href":"https:\/\/www.mrhardwares.com\/de\/wp-json\/wp\/v2\/product"}],"about":[{"href":"https:\/\/www.mrhardwares.com\/de\/wp-json\/wp\/v2\/types\/product"}],"replies":[{"embeddable":true,"href":"https:\/\/www.mrhardwares.com\/de\/wp-json\/wp\/v2\/comments?post=909"}],"wp:featuredmedia":[{"embeddable":true,"href":"https:\/\/www.mrhardwares.com\/de\/wp-json\/wp\/v2\/media\/910"}],"wp:attachment":[{"href":"https:\/\/www.mrhardwares.com\/de\/wp-json\/wp\/v2\/media?parent=909"}],"wp:term":[{"taxonomy":"product_brand","embeddable":true,"href":"https:\/\/www.mrhardwares.com\/de\/wp-json\/wp\/v2\/product_brand?post=909"},{"taxonomy":"product_cat","embeddable":true,"href":"https:\/\/www.mrhardwares.com\/de\/wp-json\/wp\/v2\/product_cat?post=909"},{"taxonomy":"product_tag","embeddable":true,"href":"https:\/\/www.mrhardwares.com\/de\/wp-json\/wp\/v2\/product_tag?post=909"}],"curies":[{"name":"wp","href":"https:\/\/api.w.org\/{rel}","templated":true}]}}