{"id":915,"date":"2025-03-21T23:57:15","date_gmt":"2025-03-21T23:57:15","guid":{"rendered":"https:\/\/www.mrhardwares.com\/?post_type=product&#038;p=915"},"modified":"2025-12-31T02:42:56","modified_gmt":"2025-12-31T02:42:56","slug":"wholesale-soft-close-cabinet-door-hinges","status":"publish","type":"product","link":"https:\/\/www.mrhardwares.com\/de\/product\/wholesale-soft-close-cabinet-door-hinges\/","title":{"rendered":"Gro\u00dfhandel Schrank T\u00fcrscharniere Soft Close - MR-F4A, geeignet f\u00fcr Garderobe, Bad Schr\u00e4nke, und K\u00fcchenschr\u00e4nke"},"content":{"rendered":"<h3 class=\"wp-block-heading\">Merkmale von Soft-Close-Schrankt\u00fcrscharnieren<\/h3><p><strong>Kompatibel mit verschiedenen Materialien von Schrankt\u00fcren: <\/strong>Kompatibel mit Schrankt\u00fcren aus verschiedenen Materialien wie Holz, Glas, Verbundplatten usw., mit guter Vertr\u00e4glichkeit.<\/p><p><strong>Weit verbreitet: <\/strong>Weit verbreitet in Schlafzimmerschr\u00e4nken, Badezimmerschr\u00e4nken, K\u00fcchenschr\u00e4nken, B\u00fcroschr\u00e4nken, Hotelm\u00f6beln und anderen Anwendungen.<\/p><p><strong>Einfach zu installieren: <\/strong>Mit dem Design der schnellen Installation, ist die Installation einfach und schnell, besonders geeignet f\u00fcr die Massenproduktion von M\u00f6beln, um Montagezeit zu sparen.<\/p><p><strong>Direktverkauf ab Werk: <\/strong>Wir sind eine professionelle Scharnierfabrik, die Direktverkaufspreise anbietet, kundenspezifische OEM&amp;ODM Dienstleistungen unterst\u00fctzt und exklusive L\u00f6sungen anbietet.<\/p>","protected":false},"excerpt":{"rendered":"<p><strong>Preis: US $0.12\/St.<\/strong><\/p>\n<p>Gro\u00dfhandel Soft-Close-Schrankt\u00fcrscharniere, mit einstellbarer Positionierungsfunktion, k\u00f6nnen die T\u00fcr pr\u00e4zise ausrichten und gew\u00e4hrleisten ein nahtloses und professionelles Finish f\u00fcr Kleiderschr\u00e4nke, Badezimmerschr\u00e4nke und K\u00fcchenschr\u00e4nke. Mit Fabrikpreisen und Bulk-Lieferung, ist es eine ideale Wahl f\u00fcr M\u00f6belhersteller, Gro\u00dfh\u00e4ndler und gro\u00dfe Projekte. Willkommen bei uns.<\/p>\n<h2>Spezifikationen f\u00fcr Soft-Close-Schrankt\u00fcrscharniere<\/h2>\n<table border=\"0\" cellspacing=\"0\" cellpadding=\"0\">\n<tbody style=\"font-size: 12px; border: 1px solid #ccc; overflow: hidden;\">\n<tr style=\"line-height: 1.4;\">\n<td style=\"width: 33%;\" width=\"36\" height=\"30\"><strong>Spezifikation<\/strong><\/td>\n<td style=\"width: 67%;\" width=\"72\"><strong>Einzelheiten<\/strong><\/td>\n<\/tr>\n<tr style=\"line-height: 1.4;\">\n<td style=\"width: 33%;\" width=\"36\" height=\"30\"><strong>Modellnummer<\/strong><\/td>\n<td style=\"width: 67%;\" width=\"72\">MR-F4A<\/td>\n<\/tr>\n<tr style=\"line-height: 1.4;\">\n<td style=\"width: 33%;\" width=\"36\" height=\"30\"><strong>Scharnier Material<\/strong><\/td>\n<td style=\"width: 67%;\" width=\"72\">Rostfreier Stahl oder kaltgewalzter Stahl<\/td>\n<\/tr>\n<tr style=\"line-height: 1.4;\">\n<td style=\"width: 33%;\" width=\"36\" height=\"30\"><strong>Scharnier Typ<\/strong><\/td>\n<td style=\"width: 67%;\" width=\"72\">Soft-Close-Scharnier<\/td>\n<\/tr>\n<tr style=\"line-height: 1.4;\">\n<td style=\"width: 33%;\" width=\"36\" height=\"60\"><strong>Anwendbare Szenarien<\/strong><\/td>\n<td style=\"width: 67%;\" width=\"72\">Kleiderschrank, Schrank, B\u00fccherregal, Badezimmerschrank, und mehr<\/td>\n<\/tr>\n<tr style=\"line-height: 1.4;\">\n<td style=\"width: 33%;\" width=\"36\" height=\"50\"><strong>OEM- und ODM-Dienstleistungen<\/strong><\/td>\n<td style=\"width: 67%;\" width=\"72\">Unterst\u00fctzt einfache und tiefgreifende Anpassungen<\/td>\n<\/tr>\n<\/tbody>\n<\/table>\n<p>&nbsp;<\/p>","protected":false},"featured_media":924,"comment_status":"closed","ping_status":"closed","template":"","meta":{"_acf_changed":false},"product_brand":[],"product_cat":[16],"product_tag":[],"class_list":{"0":"post-915","1":"product","2":"type-product","3":"status-publish","4":"has-post-thumbnail","6":"product_cat-wholesale-soft-closing-hinges","8":"first","9":"instock","10":"shipping-taxable","11":"product-type-simple"},"acf":[],"_links":{"self":[{"href":"https:\/\/www.mrhardwares.com\/de\/wp-json\/wp\/v2\/product\/915","targetHints":{"allow":["GET"]}}],"collection":[{"href":"https:\/\/www.mrhardwares.com\/de\/wp-json\/wp\/v2\/product"}],"about":[{"href":"https:\/\/www.mrhardwares.com\/de\/wp-json\/wp\/v2\/types\/product"}],"replies":[{"embeddable":true,"href":"https:\/\/www.mrhardwares.com\/de\/wp-json\/wp\/v2\/comments?post=915"}],"wp:featuredmedia":[{"embeddable":true,"href":"https:\/\/www.mrhardwares.com\/de\/wp-json\/wp\/v2\/media\/924"}],"wp:attachment":[{"href":"https:\/\/www.mrhardwares.com\/de\/wp-json\/wp\/v2\/media?parent=915"}],"wp:term":[{"taxonomy":"product_brand","embeddable":true,"href":"https:\/\/www.mrhardwares.com\/de\/wp-json\/wp\/v2\/product_brand?post=915"},{"taxonomy":"product_cat","embeddable":true,"href":"https:\/\/www.mrhardwares.com\/de\/wp-json\/wp\/v2\/product_cat?post=915"},{"taxonomy":"product_tag","embeddable":true,"href":"https:\/\/www.mrhardwares.com\/de\/wp-json\/wp\/v2\/product_tag?post=915"}],"curies":[{"name":"wp","href":"https:\/\/api.w.org\/{rel}","templated":true}]}}