{"id":916,"date":"2025-03-22T00:08:29","date_gmt":"2025-03-22T00:08:29","guid":{"rendered":"https:\/\/www.mrhardwares.com\/?post_type=product&#038;p=916"},"modified":"2025-12-31T03:28:19","modified_gmt":"2025-12-31T03:28:19","slug":"wholesale-kitchen-cabinet-soft-close-hinges","status":"publish","type":"product","link":"https:\/\/www.mrhardwares.com\/de\/product\/wholesale-kitchen-cabinet-soft-close-hinges\/","title":{"rendered":"Gro\u00dfhandel K\u00fcchenkabinett weich schlie\u00dfen Scharniere MR-DTZB, OEM und ODM verf\u00fcgbar"},"content":{"rendered":"<h3 class=\"wp-block-heading\">Eigenschaften von Scharnieren f\u00fcr K\u00fcchenschr\u00e4nke mit sanfter Schlie\u00dfung <\/h3><p><strong>Korrosionsbest\u00e4ndig:<\/strong> Aus hochwertigem Edelstahl gefertigt, sind sie korrosionsbest\u00e4ndiger und bieten eine ausgezeichnete Festigkeit, Verschlei\u00dffestigkeit und Ausdauer in feuchten K\u00fcchenumgebungen.<\/p><p><strong>Schwerlast-Tragf\u00e4higkeit: <\/strong>Mit ihrer hohen Belastbarkeit sind sie sehr langlebig und stabil genug f\u00fcr den dauerhaften Einsatz in Wohn- und Gro\u00dfk\u00fcchen.<\/p><p><strong>Leichte und einfache Installation:<\/strong> Mit einem einfach zu bedienenden Montagesystem lassen sie sich leicht montieren, was Zeit spart und die Produktivit\u00e4t von Bauunternehmen und M\u00f6belherstellern erh\u00f6ht.<\/p><p><strong>Fabrikpreis: <\/strong>Verkauft zu wettbewerbsf\u00e4higen Fabrikpreisen, die die Kosteneffizienz f\u00fcr Gro\u00dfabnehmer, Gro\u00dfh\u00e4ndler und M\u00f6belhersteller in Massenproduktion gew\u00e4hrleisten.<\/p>","protected":false},"excerpt":{"rendered":"<p><strong>Price: US $0.178\/pc<\/strong><\/p>\n<p>Gro\u00dfhandel Edelstahl soft close K\u00fcchenschrank Scharniere, korrosionsbest\u00e4ndig, gro\u00dfe Menge liefern Unterst\u00fctzung, geeignet f\u00fcr M\u00f6belhersteller, Gro\u00dfh\u00e4ndler und gro\u00dfe Projekte. Kontaktieren Sie uns f\u00fcr ein Angebot.<\/p>\n<h2>Spezifikationen von Scharnieren f\u00fcr K\u00fcchenschr\u00e4nke mit sanfter Schlie\u00dfung<\/h2>\n<table border=\"0\" cellspacing=\"0\" cellpadding=\"0\">\n<tbody style=\"font-size: 12px; border: 1px solid #ccc; overflow: hidden;\">\n<tr style=\"line-height: 1.4;\">\n<td style=\"width: 33%;\" width=\"36\" height=\"30\"><strong>Spezifikationen<\/strong><\/td>\n<td style=\"width: 67%;\" width=\"72\">Einzelheiten<\/td>\n<\/tr>\n<tr style=\"line-height: 1.4;\">\n<td style=\"width: 33%;\" width=\"36\" height=\"30\"><strong>Name des Modells<\/strong><\/td>\n<td style=\"width: 67%;\" width=\"72\">MR-DTZB<\/td>\n<\/tr>\n<tr style=\"line-height: 1.4;\">\n<td style=\"width: 33%;\" width=\"36\" height=\"30\"><strong>Scharnier Material<\/strong><\/td>\n<td style=\"width: 67%;\" width=\"72\">Rostfreier Stahl oder kaltgewalzter Stahl<\/td>\n<\/tr>\n<tr style=\"line-height: 1.4;\">\n<td style=\"width: 33%;\" width=\"36\" height=\"30\"><strong>Scharnier Typ<\/strong><\/td>\n<td style=\"width: 67%;\" width=\"72\">Soft-Close-Scharnier<\/td>\n<\/tr>\n<tr style=\"line-height: 1.4;\">\n<td style=\"width: 33%;\" width=\"36\" height=\"60\"><strong>Anwendbare Szenarien<\/strong><\/td>\n<td style=\"width: 67%;\" width=\"72\">Kleiderschrank, Schrank, B\u00fccherregal, Badezimmerschrank, und mehr<\/td>\n<\/tr>\n<tr style=\"line-height: 1.4;\">\n<td style=\"width: 33%;\" width=\"36\" height=\"50\"><strong>OEM- und ODM-Dienstleistungen<\/strong><\/td>\n<td style=\"width: 67%;\" width=\"72\">Unterst\u00fctzt einfache und tiefgreifende Anpassungen<\/td>\n<\/tr>\n<\/tbody>\n<\/table>\n<p><script src=\"chrome-extension:\/\/fpelahbljekknahkcaegamhcndkfpfnc\/iFrame.js\" type=\"text\/javascript\"><\/script><\/p>\n<p><script src=\"chrome-extension:\/\/fpelahbljekknahkcaegamhcndkfpfnc\/iFrame.js\" type=\"text\/javascript\"><\/script><\/p>\n<p><script src=\"chrome-extension:\/\/fpelahbljekknahkcaegamhcndkfpfnc\/iFrame.js\" type=\"text\/javascript\"><\/script><\/p>\n<p><script src=\"chrome-extension:\/\/fpelahbljekknahkcaegamhcndkfpfnc\/iFrame.js\" type=\"text\/javascript\"><\/script><\/p>\n<p>\n<script src=\"chrome-extension:\/\/fpelahbljekknahkcaegamhcndkfpfnc\/iFrame.js\" type=\"text\/javascript\"><\/script><\/p>","protected":false},"featured_media":917,"comment_status":"closed","ping_status":"closed","template":"","meta":{"_acf_changed":false},"product_brand":[],"product_cat":[16],"product_tag":[],"class_list":{"0":"post-916","1":"product","2":"type-product","3":"status-publish","4":"has-post-thumbnail","6":"product_cat-wholesale-soft-closing-hinges","8":"first","9":"instock","10":"shipping-taxable","11":"product-type-simple"},"acf":[],"_links":{"self":[{"href":"https:\/\/www.mrhardwares.com\/de\/wp-json\/wp\/v2\/product\/916","targetHints":{"allow":["GET"]}}],"collection":[{"href":"https:\/\/www.mrhardwares.com\/de\/wp-json\/wp\/v2\/product"}],"about":[{"href":"https:\/\/www.mrhardwares.com\/de\/wp-json\/wp\/v2\/types\/product"}],"replies":[{"embeddable":true,"href":"https:\/\/www.mrhardwares.com\/de\/wp-json\/wp\/v2\/comments?post=916"}],"wp:featuredmedia":[{"embeddable":true,"href":"https:\/\/www.mrhardwares.com\/de\/wp-json\/wp\/v2\/media\/917"}],"wp:attachment":[{"href":"https:\/\/www.mrhardwares.com\/de\/wp-json\/wp\/v2\/media?parent=916"}],"wp:term":[{"taxonomy":"product_brand","embeddable":true,"href":"https:\/\/www.mrhardwares.com\/de\/wp-json\/wp\/v2\/product_brand?post=916"},{"taxonomy":"product_cat","embeddable":true,"href":"https:\/\/www.mrhardwares.com\/de\/wp-json\/wp\/v2\/product_cat?post=916"},{"taxonomy":"product_tag","embeddable":true,"href":"https:\/\/www.mrhardwares.com\/de\/wp-json\/wp\/v2\/product_tag?post=916"}],"curies":[{"name":"wp","href":"https:\/\/api.w.org\/{rel}","templated":true}]}}