{"id":967,"date":"2025-03-25T06:03:04","date_gmt":"2025-03-25T06:03:04","guid":{"rendered":"https:\/\/www.mrhardwares.com\/?post_type=product&#038;p=967"},"modified":"2025-12-31T02:59:12","modified_gmt":"2025-12-31T02:59:12","slug":"wholesale-soft-close-hydraulic-hinges-for-cabinets","status":"publish","type":"product","link":"https:\/\/www.mrhardwares.com\/de\/product\/wholesale-soft-close-hydraulic-hinges-for-cabinets\/","title":{"rendered":"Gro\u00dfhandel Soft Close Hydraulische Scharniere f\u00fcr Schr\u00e4nke MR-DTWG"},"content":{"rendered":"<h3 class=\"wp-block-heading\">Merkmale des hydraulischen Soft-Close-Scharniers<\/h3><p><strong>Stille Schlie\u00dfung: <\/strong>Die eingebaute hydraulische D\u00e4mpfungsvorrichtung sorgt daf\u00fcr, dass die Schrankt\u00fcr sanft und leise schlie\u00dft, was zu einer ruhigeren Nutzung beitr\u00e4gt.<\/p><p><strong>Sch\u00fctzen Sie die M\u00f6bel: <\/strong>Das langsame Schlie\u00dfen reduziert den direkten Aufprall der Schrankt\u00fcr oder des Schubkastens auf den Schrankkorpus und verl\u00e4ngert so die Lebensdauer des M\u00f6bels.<\/p><p><strong>Anti-Pinch-Design: <\/strong>Die langsamen Schlie\u00dfeigenschaften des sanft schlie\u00dfenden Scharniers k\u00f6nnen die Geschwindigkeit des Schlie\u00dfens der Schrankt\u00fcr oder Schublade effektiv reduzieren, was f\u00fcr Familien mit Kindern geeignet ist.<\/p><p><strong>M\u00fchelose Bedienung: <\/strong>Das Design des sanft schlie\u00dfenden Scharniers erm\u00f6glicht ein automatisches Schlie\u00dfen der Schrankt\u00fcr mit einem leichten Druck, was die Benutzung erleichtert.<\/p><p><strong>Gro\u00dfhandelspreis:<\/strong> Als professioneller Scharnierhersteller bieten wir wettbewerbsf\u00e4hige Gro\u00dfhandelspreise f\u00fcr Gro\u00dfauftr\u00e4ge, die f\u00fcr M\u00f6belhersteller und Eisenwarengro\u00dfh\u00e4ndler geeignet sind.<\/p>","protected":false},"excerpt":{"rendered":"<p><strong>Preis: US $0.123\/Stk<\/strong><\/p>\n<p>Gro\u00dfhandel weiche Schlie\u00dfung hydraulische Scharniere, sicherzustellen, Schrankt\u00fcren schlie\u00dfen reibungslos und leise, geeignet f\u00fcr Haus, B\u00fcro und kommerziellen Einsatz. Mingrun Scharnier Hersteller bietet gute Gro\u00dfhandelspreise, geeignet f\u00fcr Gro\u00dfeink\u00e4ufe. Kontaktieren Sie uns f\u00fcr ein Angebot.<\/p>\n<h2>Spezifikationen des hydraulischen Soft-Close-Scharniers<\/h2>\n<table border=\"0\" cellspacing=\"0\" cellpadding=\"0\">\n<tbody style=\"font-size: 12px; border: 1px solid #ccc; overflow: hidden;\">\n<tr style=\"line-height: 1.4;\">\n<td style=\"width: 33%;\" width=\"36\" height=\"30\"><strong>Spezifikation<\/strong><\/td>\n<td style=\"width: 67%;\" width=\"72\"><strong>Einzelheiten<\/strong><\/td>\n<\/tr>\n<tr style=\"line-height: 1.4;\">\n<td style=\"width: 33%;\" width=\"36\" height=\"30\"><strong>ModellnummerMR<\/strong><\/td>\n<td style=\"width: 67%;\" width=\"72\">MR-DTWG<\/td>\n<\/tr>\n<tr style=\"line-height: 1.4;\">\n<td style=\"width: 33%;\" width=\"36\" height=\"30\"><strong>Scharnier Material<\/strong><\/td>\n<td style=\"width: 67%;\" width=\"72\">Eisen oder rostfreier Stahl<\/td>\n<\/tr>\n<tr style=\"line-height: 1.4;\">\n<td style=\"width: 33%;\" width=\"36\" height=\"30\"><strong>Scharnier Typ<\/strong><\/td>\n<td style=\"width: 67%;\" width=\"72\">Soft-Close-Scharnier<\/td>\n<\/tr>\n<tr style=\"line-height: 1.4;\">\n<td style=\"width: 33%;\" width=\"36\" height=\"60\"><strong>Anwendbare Szenarien<\/strong><\/td>\n<td style=\"width: 67%;\" width=\"72\">Kleiderschrank, Schrank, B\u00fccherregal, Badezimmerschrank, und mehr<\/td>\n<\/tr>\n<tr style=\"line-height: 1.4;\">\n<td style=\"width: 33%;\" width=\"36\" height=\"50\"><strong>OEM- und ODM-Dienstleistungen<\/strong><\/td>\n<td style=\"width: 67%;\" width=\"72\">Unterst\u00fctzt einfache und tiefgreifende Anpassungen<\/td>\n<\/tr>\n<\/tbody>\n<\/table>\n<p><script src=\"chrome-extension:\/\/fpelahbljekknahkcaegamhcndkfpfnc\/iFrame.js\" type=\"text\/javascript\"><\/script><\/p>","protected":false},"featured_media":968,"comment_status":"closed","ping_status":"closed","template":"","meta":{"_acf_changed":false},"product_brand":[],"product_cat":[16,17,19,23],"product_tag":[],"class_list":{"0":"post-967","1":"product","2":"type-product","3":"status-publish","4":"has-post-thumbnail","6":"product_cat-wholesale-soft-closing-hinges","7":"product_cat-wholesale-cabinet-hinges","8":"product_cat-wholesale-furniture-hinges","9":"product_cat-wholesale-hydraulic-hinges","11":"first","12":"instock","13":"shipping-taxable","14":"product-type-simple"},"acf":[],"_links":{"self":[{"href":"https:\/\/www.mrhardwares.com\/de\/wp-json\/wp\/v2\/product\/967","targetHints":{"allow":["GET"]}}],"collection":[{"href":"https:\/\/www.mrhardwares.com\/de\/wp-json\/wp\/v2\/product"}],"about":[{"href":"https:\/\/www.mrhardwares.com\/de\/wp-json\/wp\/v2\/types\/product"}],"replies":[{"embeddable":true,"href":"https:\/\/www.mrhardwares.com\/de\/wp-json\/wp\/v2\/comments?post=967"}],"wp:featuredmedia":[{"embeddable":true,"href":"https:\/\/www.mrhardwares.com\/de\/wp-json\/wp\/v2\/media\/968"}],"wp:attachment":[{"href":"https:\/\/www.mrhardwares.com\/de\/wp-json\/wp\/v2\/media?parent=967"}],"wp:term":[{"taxonomy":"product_brand","embeddable":true,"href":"https:\/\/www.mrhardwares.com\/de\/wp-json\/wp\/v2\/product_brand?post=967"},{"taxonomy":"product_cat","embeddable":true,"href":"https:\/\/www.mrhardwares.com\/de\/wp-json\/wp\/v2\/product_cat?post=967"},{"taxonomy":"product_tag","embeddable":true,"href":"https:\/\/www.mrhardwares.com\/de\/wp-json\/wp\/v2\/product_tag?post=967"}],"curies":[{"name":"wp","href":"https:\/\/api.w.org\/{rel}","templated":true}]}}