{"id":1416,"date":"2025-08-24T07:36:49","date_gmt":"2025-08-24T07:36:49","guid":{"rendered":"https:\/\/www.mrhardwares.com\/?post_type=product&#038;p=1416"},"modified":"2025-12-31T02:10:32","modified_gmt":"2025-12-31T02:10:32","slug":"wholesale-full-overlay-soft-close-hinges","status":"publish","type":"product","link":"https:\/\/www.mrhardwares.com\/es\/product\/wholesale-full-overlay-soft-close-hinges\/","title":{"rendered":"Mayorista Bisagras de cierre suave para puertas de cocina, ba\u00f1o y muebles MR-DB1"},"content":{"rendered":"<h3 class=\"wp-block-heading\">Caracter\u00edsticas de la bisagra de cierre suave con recubrimiento total<\/h3><ul class=\"wp-block-list\"><li><strong>Est\u00e9tica simple mejorada: <\/strong>El dise\u00f1o totalmente superpuesto de la bisagra permite que la puerta del armario cubra por completo el marco del armario cuando est\u00e1 cerrado, lo que mejora eficazmente el aspecto general.<\/li>\n\n<li><strong>Mecanismo de cierre suave silencioso:<\/strong> Equipadas con un fiable sistema de cierre suave, nuestras bisagras de recubrimiento total evitan que la puerta se cierre de golpe, creando un entorno m\u00e1s c\u00f3modo y silencioso.<\/li>\n\n<li><strong>Mayor seguridad y protecci\u00f3n:<\/strong> El mecanismo de cierre suave no s\u00f3lo aumenta la funcionalidad, sino que tambi\u00e9n mejora la seguridad al reducir el riesgo de lesiones en los dedos al cerrar la puerta. Este dise\u00f1o es especialmente \u00fatil para hogares con ni\u00f1os o espacios comerciales muy concurridos.<\/li>\n\n<li><strong>Ampliamente compatible:<\/strong> Las bisagras de sobreponer completas al por mayor son compatibles con una amplia gama de tipos de armarios, incluidos armarios de cocina, armarios de ba\u00f1o, puertas de armario y otros muebles, lo que las convierte en una opci\u00f3n pr\u00e1ctica tanto para proyectos residenciales como comerciales.<\/li><\/ul>","protected":false},"excerpt":{"rendered":"<p><strong>Precio: US $0.14\/pc<\/strong><\/p>\n<p>Venta al por mayor de bisagras de cierre suave. Estas bisagras combinan estilo, durabilidad y funcionalidad. El dise\u00f1o integral garantiza que la puerta del armario cubra completamente el marco, creando un aspecto limpio y moderno para cocinas, ba\u00f1os y muebles. Como fabricante profesional de bisagras, ofrecemos presupuestos de f\u00e1brica y somos adecuados para una gran variedad de proyectos de gran envergadura. P\u00f3ngase en contacto con nosotros.<\/p>\n<p><strong><a href=\"https:\/\/www.mrhardwares.com\/es\/custom-solution\/\" target=\"_blank\" rel=\"noopener\">M\u00e1s informaci\u00f3n sobre soluciones de bisagras para muebles a medida OEM y ODM \u2192<\/a><\/strong><\/p>\n<h2>Especificaciones de la bisagra de cierre suave con recubrimiento total<\/h2>\n<table border=\"0\" cellspacing=\"0\" cellpadding=\"0\">\n<tbody style=\"font-size: 12px; border: 1px solid #ccc; overflow: hidden;\">\n<tr style=\"line-height: 1.4;\">\n<td style=\"width: 33%;\" width=\"36\" height=\"30\"><strong>Especificaci\u00f3n<\/strong><\/td>\n<td style=\"width: 67%;\" width=\"72\"><strong>Detalles<\/strong><\/td>\n<\/tr>\n<tr style=\"line-height: 1.4;\">\n<td style=\"width: 33%;\" width=\"36\" height=\"30\"><strong>N\u00famero de modelo<\/strong><\/td>\n<td style=\"width: 67%;\" width=\"72\">MR-DB1<\/td>\n<\/tr>\n<tr style=\"line-height: 1.4;\">\n<td style=\"width: 33%;\" width=\"36\" height=\"30\"><strong>Material de la bisagra<\/strong><\/td>\n<td style=\"width: 67%;\" width=\"72\">Acero inoxidable o acero laminado en fr\u00edo<\/td>\n<\/tr>\n<tr style=\"line-height: 1.4;\">\n<td style=\"width: 33%;\" width=\"36\" height=\"30\"><strong>Tipo de bisagra<\/strong><\/td>\n<td style=\"width: 67%;\" width=\"72\">Bisagra de cierre suave<\/td>\n<\/tr>\n<tr style=\"line-height: 1.4;\">\n<td style=\"width: 33%;\" width=\"36\" height=\"60\"><strong>Escenarios aplicables<\/strong><\/td>\n<td style=\"width: 67%;\" width=\"72\">Armario, armario, estanter\u00eda, armario de ba\u00f1o, etc.<\/td>\n<\/tr>\n<tr style=\"line-height: 1.4;\">\n<td style=\"width: 33%;\" width=\"36\" height=\"50\"><strong>Servicio OEM y ODM<\/strong><\/td>\n<td style=\"width: 67%;\" width=\"72\">Admite una personalizaci\u00f3n sencilla y una personalizaci\u00f3n profunda<\/td>\n<\/tr>\n<\/tbody>\n<\/table>\n<p><script src=\"chrome-extension:\/\/fpelahbljekknahkcaegamhcndkfpfnc\/iFrame.js\" type=\"text\/javascript\"><\/script><\/p>\n<p>\n<script src=\"chrome-extension:\/\/fpelahbljekknahkcaegamhcndkfpfnc\/iFrame.js\" type=\"text\/javascript\"><\/script><\/p>","protected":false},"featured_media":1417,"comment_status":"closed","ping_status":"closed","template":"","meta":{"_acf_changed":false},"product_brand":[],"product_cat":[26],"product_tag":[],"class_list":{"0":"post-1416","1":"product","2":"type-product","3":"status-publish","4":"has-post-thumbnail","6":"product_cat-wholesale-full-overlay-cabinet-hinges","8":"first","9":"instock","10":"shipping-taxable","11":"product-type-simple"},"acf":[],"_links":{"self":[{"href":"https:\/\/www.mrhardwares.com\/es\/wp-json\/wp\/v2\/product\/1416","targetHints":{"allow":["GET"]}}],"collection":[{"href":"https:\/\/www.mrhardwares.com\/es\/wp-json\/wp\/v2\/product"}],"about":[{"href":"https:\/\/www.mrhardwares.com\/es\/wp-json\/wp\/v2\/types\/product"}],"replies":[{"embeddable":true,"href":"https:\/\/www.mrhardwares.com\/es\/wp-json\/wp\/v2\/comments?post=1416"}],"wp:featuredmedia":[{"embeddable":true,"href":"https:\/\/www.mrhardwares.com\/es\/wp-json\/wp\/v2\/media\/1417"}],"wp:attachment":[{"href":"https:\/\/www.mrhardwares.com\/es\/wp-json\/wp\/v2\/media?parent=1416"}],"wp:term":[{"taxonomy":"product_brand","embeddable":true,"href":"https:\/\/www.mrhardwares.com\/es\/wp-json\/wp\/v2\/product_brand?post=1416"},{"taxonomy":"product_cat","embeddable":true,"href":"https:\/\/www.mrhardwares.com\/es\/wp-json\/wp\/v2\/product_cat?post=1416"},{"taxonomy":"product_tag","embeddable":true,"href":"https:\/\/www.mrhardwares.com\/es\/wp-json\/wp\/v2\/product_tag?post=1416"}],"curies":[{"name":"wp","href":"https:\/\/api.w.org\/{rel}","templated":true}]}}