{"id":1418,"date":"2025-08-24T08:03:22","date_gmt":"2025-08-24T08:03:22","guid":{"rendered":"https:\/\/www.mrhardwares.com\/?post_type=product&#038;p=1418"},"modified":"2025-12-31T02:38:26","modified_gmt":"2025-12-31T02:38:26","slug":"wholesale-full-overlay-cabinet-door-hinges","status":"publish","type":"product","link":"https:\/\/www.mrhardwares.com\/es\/product\/wholesale-full-overlay-cabinet-door-hinges\/","title":{"rendered":"Mayorista Bisagras para puertas de armarios MR-DTZ1"},"content":{"rendered":"<h3 class=\"wp-block-heading\">Caracter\u00edsticas de las bisagras para puertas de armarios con recubrimiento total<\/h3><ul class=\"wp-block-list\"><li><strong>Dise\u00f1o de superposici\u00f3n completa: <\/strong>Las bisagras para puertas de armarios totalmente superpuestas permiten que la puerta del armario cubra todo el frente del mismo, dejando s\u00f3lo un peque\u00f1o espacio uniforme entre las puertas, lo que crea un dise\u00f1o oculto y realza el estilo minimalista.<\/li>\n\n<li><strong>F\u00e1cil instalaci\u00f3n: <\/strong>Nuestras bisagras de recubrimiento total cuentan con un dise\u00f1o de encaje a presi\u00f3n, lo que acelera significativamente la instalaci\u00f3n.<\/li>\n\n<li><strong>Ajustabilidad: <\/strong>Las bisagras de sobreponer completas son ajustables en tres dimensiones: profundidad, de lado a lado y vertical. Esta capacidad de ajuste integral garantiza un ajuste perfecto sin necesidad de desmontar, incluso si la caja del armario est\u00e1 ligeramente fuera de escuadra o no se ha instalado a la perfecci\u00f3n.<\/li>\n\n<li><strong>Precios competitivos: <\/strong>Las bisagras de recubrimiento total de Mingrun Hinge Factory pueden ayudar a su empresa a reducir significativamente el coste por bisagra y garantizar la uniformidad del producto.<\/li><\/ul>","protected":false},"excerpt":{"rendered":"<p><strong>Precio: US $0.15\/pc<\/strong><\/p>\n<p>Las bisagras superpuestas ocultan el marco del armario, lo que proporciona a las puertas un aspecto enrasado y sin juntas. Y su mecanismo de cierre suave integrado garantiza un movimiento de cierre suave. Ofrecemos un gran volumen de suministro para garantizar la uniformidad del producto y precios competitivos. P\u00f3ngase en contacto con nosotros hoy mismo.<\/p>\n<h2>Especificaciones de las bisagras para puertas de armarios con recubrimiento total<\/h2>\n<table border=\"0\" cellspacing=\"0\" cellpadding=\"0\">\n<tbody style=\"font-size: 12px; border: 1px solid #ccc; overflow: hidden;\">\n<tr style=\"line-height: 1.4;\">\n<td style=\"width: 33%;\" width=\"36\" height=\"30\"><strong>Especificaci\u00f3n<\/strong><\/td>\n<td style=\"width: 67%;\" width=\"72\"><strong>Detalles<\/strong><\/td>\n<\/tr>\n<tr style=\"line-height: 1.4;\">\n<td style=\"width: 33%;\" width=\"36\" height=\"30\"><strong>N\u00famero de modelo<\/strong><\/td>\n<td style=\"width: 67%;\" width=\"72\">MR-DTZ1<\/td>\n<\/tr>\n<tr style=\"line-height: 1.4;\">\n<td style=\"width: 33%;\" width=\"36\" height=\"30\"><strong>Material de la bisagra<\/strong><\/td>\n<td style=\"width: 67%;\" width=\"72\">Acero inoxidable o acero laminado en fr\u00edo<\/td>\n<\/tr>\n<tr style=\"line-height: 1.4;\">\n<td style=\"width: 33%;\" width=\"36\" height=\"30\"><strong>Tipo de bisagra<\/strong><\/td>\n<td style=\"width: 67%;\" width=\"72\">Bisagra para puerta de armario con recubrimiento total<\/td>\n<\/tr>\n<tr style=\"line-height: 1.4;\">\n<td style=\"width: 33%;\" width=\"36\" height=\"60\"><strong>Escenarios aplicables<\/strong><\/td>\n<td style=\"width: 67%;\" width=\"72\">Armario, armario, estanter\u00eda, armario de ba\u00f1o, etc.<\/td>\n<\/tr>\n<tr style=\"line-height: 1.4;\">\n<td style=\"width: 33%;\" width=\"36\" height=\"50\"><strong>Servicio OEM y ODM<\/strong><\/td>\n<td style=\"width: 67%;\" width=\"72\">Admite una personalizaci\u00f3n sencilla y una personalizaci\u00f3n profunda<\/td>\n<\/tr>\n<\/tbody>\n<\/table>\n<p>&nbsp;<\/p>\n<p><script src=\"chrome-extension:\/\/fpelahbljekknahkcaegamhcndkfpfnc\/iFrame.js\" type=\"text\/javascript\"><\/script><\/p>\n<p>\n<script src=\"chrome-extension:\/\/fpelahbljekknahkcaegamhcndkfpfnc\/iFrame.js\" type=\"text\/javascript\"><\/script><\/p>","protected":false},"featured_media":1420,"comment_status":"closed","ping_status":"closed","template":"","meta":{"_acf_changed":false},"product_brand":[],"product_cat":[26],"product_tag":[],"class_list":{"0":"post-1418","1":"product","2":"type-product","3":"status-publish","4":"has-post-thumbnail","6":"product_cat-wholesale-full-overlay-cabinet-hinges","8":"first","9":"instock","10":"shipping-taxable","11":"product-type-simple"},"acf":[],"_links":{"self":[{"href":"https:\/\/www.mrhardwares.com\/es\/wp-json\/wp\/v2\/product\/1418","targetHints":{"allow":["GET"]}}],"collection":[{"href":"https:\/\/www.mrhardwares.com\/es\/wp-json\/wp\/v2\/product"}],"about":[{"href":"https:\/\/www.mrhardwares.com\/es\/wp-json\/wp\/v2\/types\/product"}],"replies":[{"embeddable":true,"href":"https:\/\/www.mrhardwares.com\/es\/wp-json\/wp\/v2\/comments?post=1418"}],"wp:featuredmedia":[{"embeddable":true,"href":"https:\/\/www.mrhardwares.com\/es\/wp-json\/wp\/v2\/media\/1420"}],"wp:attachment":[{"href":"https:\/\/www.mrhardwares.com\/es\/wp-json\/wp\/v2\/media?parent=1418"}],"wp:term":[{"taxonomy":"product_brand","embeddable":true,"href":"https:\/\/www.mrhardwares.com\/es\/wp-json\/wp\/v2\/product_brand?post=1418"},{"taxonomy":"product_cat","embeddable":true,"href":"https:\/\/www.mrhardwares.com\/es\/wp-json\/wp\/v2\/product_cat?post=1418"},{"taxonomy":"product_tag","embeddable":true,"href":"https:\/\/www.mrhardwares.com\/es\/wp-json\/wp\/v2\/product_tag?post=1418"}],"curies":[{"name":"wp","href":"https:\/\/api.w.org\/{rel}","templated":true}]}}