{"id":1421,"date":"2025-08-24T08:42:14","date_gmt":"2025-08-24T08:42:14","guid":{"rendered":"https:\/\/www.mrhardwares.com\/?post_type=product&#038;p=1421"},"modified":"2025-12-31T01:51:47","modified_gmt":"2025-12-31T01:51:47","slug":"wholesale-half-overlay-soft-close-cabinet-hinges","status":"publish","type":"product","link":"https:\/\/www.mrhardwares.com\/es\/product\/wholesale-half-overlay-soft-close-cabinet-hinges\/","title":{"rendered":"Mayorista Bisagras de Media Ca\u00f1a para Armarios con Dise\u00f1o de Cierre Suave MR-ZB2"},"content":{"rendered":"<h3 class=\"wp-block-heading\">Caracter\u00edsticas de las bisagras de armario de media capa<\/h3><ul class=\"wp-block-list\"><li><strong>Ideal para filas de armarios: <\/strong>Las bisagras de media solapa son ideales para filas de armarios, especialmente cuando varias puertas comparten un separador central.<\/li>\n\n<li><strong>Instalaci\u00f3n m\u00e1s flexible: <\/strong>Las bisagras de media capa ofrecen mayor flexibilidad de instalaci\u00f3n que las bisagras de capa completa. Dado que la puerta solo cubre la mitad del marco del armario, los peque\u00f1os errores de alineaci\u00f3n o medici\u00f3n son menos perceptibles.<\/li>\n\n<li><strong>Est\u00e9tica cl\u00e1sica: <\/strong>Las bisagras semiencastradas crean un aspecto m\u00e1s esculpido al dejar expuesta una parte del marco del armario, a diferencia de las bisagras totalmente encastradas.<\/li>\n\n<li><strong>Estilo vers\u00e1til: <\/strong>Las bisagras semiencastrables ofrecen el aspecto oculto combinado de los armarios modernos sin marco y el marco expuesto de los armarios empotrados tradicionales, lo que las hace ideales para una gran variedad de estilos de cocina.<\/li><\/ul><div class=\"wp-block-columns is-layout-flex wp-container-core-columns-is-layout-9d6595d7 wp-block-columns-is-layout-flex\"><div class=\"wp-block-column is-layout-flow wp-block-column-is-layout-flow\"><\/div>\n\n<div class=\"wp-block-column is-layout-flow wp-block-column-is-layout-flow\"><\/div><\/div>","protected":false},"excerpt":{"rendered":"<p data-pm-slice=\"1 1 []\"><strong>Precio: US $0.12\/pc<\/strong><\/p>\n<p>Venta al por mayor bisagras para armarios de media hoja. Este dise\u00f1o es ideal para armarios con puertas continuas, como armarios de cocina o roperos, donde dos puertas adyacentes se montan en lados opuestos de un divisor central compartido. Estas bisagras para armarios semiencastradas tambi\u00e9n incorporan un mecanismo de cierre suave que facilita la apertura y el cierre.<\/p>\n<p>Como <a href=\"https:\/\/www.mrhardwares.com\/es\/\" target=\"_blank\" rel=\"noopener\"><strong>fabricante profesional de bisagras<\/strong><\/a>Mingrun ofrece una amplia gama de bisagras para armarios al por mayor a precios de f\u00e1brica competitivos. Apoyamos pedidos de gran volumen, as\u00ed que por favor p\u00f3ngase en contacto con nosotros.<\/p>\n<h2>Especificaciones de la media bisagra de armario superpuesta<\/h2>\n<table border=\"0\" cellspacing=\"0\" cellpadding=\"0\">\n<tbody style=\"font-size: 12px; border: 1px solid #ccc; overflow: hidden;\">\n<tr style=\"line-height: 1.4;\">\n<td style=\"width: 33%;\" width=\"36\" height=\"30\"><strong>Especificaci\u00f3n<\/strong><\/td>\n<td style=\"width: 67%;\" width=\"72\"><strong>Detalles<\/strong><\/td>\n<\/tr>\n<tr style=\"line-height: 1.4;\">\n<td style=\"width: 33%;\" width=\"36\" height=\"30\"><strong>N\u00famero de modelo<\/strong><\/td>\n<td style=\"width: 67%;\" width=\"72\">MR-ZB2<\/td>\n<\/tr>\n<tr style=\"line-height: 1.4;\">\n<td style=\"width: 33%;\" width=\"36\" height=\"30\"><strong>Material de la bisagra<\/strong><\/td>\n<td style=\"width: 67%;\" width=\"72\">Acero laminado en fr\u00edo<\/td>\n<\/tr>\n<tr style=\"line-height: 1.4;\">\n<td style=\"width: 33%;\" width=\"36\" height=\"30\"><strong>Tipo de bisagra<\/strong><\/td>\n<td style=\"width: 67%;\" width=\"72\">Media bisagra de cierre suave para armario<\/td>\n<\/tr>\n<tr style=\"line-height: 1.4;\">\n<td style=\"width: 33%;\" width=\"36\" height=\"60\"><strong>Escenarios aplicables<\/strong><\/td>\n<td style=\"width: 67%;\" width=\"72\">Armario, armario, estanter\u00eda, armario de ba\u00f1o, etc.<\/td>\n<\/tr>\n<tr style=\"line-height: 1.4;\">\n<td style=\"width: 33%;\" width=\"36\" height=\"50\"><strong>Servicio OEM y ODM<\/strong><\/td>\n<td style=\"width: 67%;\" width=\"72\">Admite una personalizaci\u00f3n sencilla y una personalizaci\u00f3n profunda<\/td>\n<\/tr>\n<\/tbody>\n<\/table>\n<p>&nbsp;<\/p>\n<p><script src=\"chrome-extension:\/\/fpelahbljekknahkcaegamhcndkfpfnc\/iFrame.js\" type=\"text\/javascript\"><\/script><\/p>\n<p>\n<script src=\"chrome-extension:\/\/fpelahbljekknahkcaegamhcndkfpfnc\/iFrame.js\" type=\"text\/javascript\"><\/script><\/p>","protected":false},"featured_media":1410,"comment_status":"closed","ping_status":"closed","template":"","meta":{"_acf_changed":false},"product_brand":[],"product_cat":[28],"product_tag":[],"class_list":{"0":"post-1421","1":"product","2":"type-product","3":"status-publish","4":"has-post-thumbnail","6":"product_cat-wholesale-half-overlay-cabinet-hinges","8":"first","9":"instock","10":"shipping-taxable","11":"product-type-simple"},"acf":[],"_links":{"self":[{"href":"https:\/\/www.mrhardwares.com\/es\/wp-json\/wp\/v2\/product\/1421","targetHints":{"allow":["GET"]}}],"collection":[{"href":"https:\/\/www.mrhardwares.com\/es\/wp-json\/wp\/v2\/product"}],"about":[{"href":"https:\/\/www.mrhardwares.com\/es\/wp-json\/wp\/v2\/types\/product"}],"replies":[{"embeddable":true,"href":"https:\/\/www.mrhardwares.com\/es\/wp-json\/wp\/v2\/comments?post=1421"}],"wp:featuredmedia":[{"embeddable":true,"href":"https:\/\/www.mrhardwares.com\/es\/wp-json\/wp\/v2\/media\/1410"}],"wp:attachment":[{"href":"https:\/\/www.mrhardwares.com\/es\/wp-json\/wp\/v2\/media?parent=1421"}],"wp:term":[{"taxonomy":"product_brand","embeddable":true,"href":"https:\/\/www.mrhardwares.com\/es\/wp-json\/wp\/v2\/product_brand?post=1421"},{"taxonomy":"product_cat","embeddable":true,"href":"https:\/\/www.mrhardwares.com\/es\/wp-json\/wp\/v2\/product_cat?post=1421"},{"taxonomy":"product_tag","embeddable":true,"href":"https:\/\/www.mrhardwares.com\/es\/wp-json\/wp\/v2\/product_tag?post=1421"}],"curies":[{"name":"wp","href":"https:\/\/api.w.org\/{rel}","templated":true}]}}