{"id":1423,"date":"2025-08-26T07:25:57","date_gmt":"2025-08-26T07:25:57","guid":{"rendered":"https:\/\/www.mrhardwares.com\/?post_type=product&#038;p=1423"},"modified":"2025-12-31T02:00:06","modified_gmt":"2025-12-31T02:00:06","slug":"wholesale-half-overlay-hinges","status":"publish","type":"product","link":"https:\/\/www.mrhardwares.com\/es\/product\/wholesale-half-overlay-hinges\/","title":{"rendered":"Mayorista Bisagras de media ca\u00f1a para armarios de cocina, armarios y puertas de muebles MR-F2A2"},"content":{"rendered":"<h3 class=\"wp-block-heading\">Caracter\u00edsticas de las bisagras de media ca\u00f1a<\/h3><ul class=\"wp-block-list\"><li><strong>Dise\u00f1o de media superposici\u00f3n: <\/strong>La bisagra de media solapa est\u00e1 especialmente dise\u00f1ada para alojar dos puertas de armario a cada lado de la misma partici\u00f3n. Cada puerta solo cubre la mitad del panel lateral del armario, por lo que es perfecta para armarios que comparten tabiques.<\/li>\n\n<li><strong>Utilizaci\u00f3n eficiente del espacio: <\/strong>El dise\u00f1o de media superposici\u00f3n permite que dos puertas compartan un panel lateral, maximizando as\u00ed el uso del espacio del armario.<\/li>\n\n<li><strong>Funci\u00f3n de ajuste de tres v\u00edas:<\/strong> La media bisagra superpuesta incluye un sistema de ajuste tridimensional, que garantiza la perfecta alineaci\u00f3n de la puerta del armario incluso despu\u00e9s de la instalaci\u00f3n, compensando cualquier desviaci\u00f3n de medida o taladrado.<\/li>\n\n<li><strong>Mecanismo de cierre suave:<\/strong> Las bisagras de media ca\u00f1a est\u00e1n equipadas con amortiguadores de cierre suave integrados, que pueden reducir suavemente la velocidad al cerrar la puerta para evitar un cierre violento.<\/li><\/ul>","protected":false},"excerpt":{"rendered":"<p><strong>Precio: US $0.123\/pc<\/strong><\/p>\n<p>Bisagras semiencastrables al por mayor. Las bisagras semiencastrables dan un aspecto limpio al mueble. Equipadas con tecnolog\u00eda de cierre suave, se abren y cierran con suavidad y reducen eficazmente el ruido. Ideales para armarios con divisiones compartidas, las bisagras semiencastrables maximizan el espacio al tiempo que garantizan un aspecto moderno y equilibrado.<\/p>\n<p><strong><a href=\"https:\/\/www.mrhardwares.com\/es\/custom-solution\/\" target=\"_blank\" rel=\"noopener\">M\u00e1s informaci\u00f3n sobre soluciones de bisagras para muebles a medida OEM y ODM \u2192 <\/a><\/strong><\/p>\n<h2>Especificaciones de las bisagras de media ca\u00f1a<\/h2>\n<table border=\"0\" cellspacing=\"0\" cellpadding=\"0\">\n<tbody style=\"font-size: 12px; border: 1px solid #ccc; overflow: hidden;\">\n<tr style=\"line-height: 1.4;\">\n<td style=\"width: 33%;\" width=\"36\" height=\"30\"><span style=\"font-size: 16px;\">Especificaci\u00f3n<\/span><\/td>\n<td style=\"width: 67%;\" width=\"72\"><span style=\"font-size: 16px;\">Detalles<\/span><\/td>\n<\/tr>\n<tr style=\"line-height: 1.4;\">\n<td style=\"width: 33%;\" width=\"36\" height=\"30\"><span style=\"font-size: 16px;\">N\u00famero de modelo<\/span><\/td>\n<td style=\"width: 67%;\" width=\"72\"><span style=\"font-size: 16px;\">MR-F2A2<\/span><\/td>\n<\/tr>\n<tr style=\"line-height: 1.4;\">\n<td style=\"width: 33%;\" width=\"36\" height=\"30\"><span style=\"font-size: 16px;\">Material de la bisagra<\/span><\/td>\n<td style=\"width: 67%;\" width=\"72\"><span style=\"font-size: 16px;\">Acero inoxidable o acero laminado en fr\u00edo<\/span><\/td>\n<\/tr>\n<tr style=\"line-height: 1.4;\">\n<td style=\"width: 33%;\" width=\"36\" height=\"30\"><span style=\"font-size: 16px;\">Tipo de bisagraMedia\u00a0<\/span><\/td>\n<td style=\"width: 67%;\" width=\"72\">\u00a0Media bisagra de cierre suave para armario<\/td>\n<\/tr>\n<tr style=\"line-height: 1.4;\">\n<td style=\"width: 33%;\" width=\"36\" height=\"60\"><span style=\"font-size: 16px;\">Escenarios aplicables<\/span><\/td>\n<td style=\"width: 67%;\" width=\"72\"><span style=\"font-size: 16px;\">Armario, armario, estanter\u00eda, armario de ba\u00f1o, etc.<\/span><\/td>\n<\/tr>\n<tr style=\"line-height: 1.4;\">\n<td style=\"width: 33%;\" width=\"36\" height=\"50\"><span style=\"font-size: 16px;\">Servicio OEM y ODM<\/span><\/td>\n<td style=\"width: 67%;\" width=\"72\"><span style=\"font-size: 16px;\">Admite una personalizaci\u00f3n sencilla y una personalizaci\u00f3n profunda<\/span><\/td>\n<\/tr>\n<\/tbody>\n<\/table>\n<p>&nbsp;<\/p>\n<p><script src=\"chrome-extension:\/\/fpelahbljekknahkcaegamhcndkfpfnc\/iFrame.js\" type=\"text\/javascript\"><\/script><\/p>\n<p>\n<script src=\"chrome-extension:\/\/fpelahbljekknahkcaegamhcndkfpfnc\/iFrame.js\" type=\"text\/javascript\"><\/script><\/p>","protected":false},"featured_media":1424,"comment_status":"closed","ping_status":"closed","template":"","meta":{"_acf_changed":false},"product_brand":[],"product_cat":[28],"product_tag":[],"class_list":{"0":"post-1423","1":"product","2":"type-product","3":"status-publish","4":"has-post-thumbnail","6":"product_cat-wholesale-half-overlay-cabinet-hinges","8":"first","9":"instock","10":"shipping-taxable","11":"product-type-simple"},"acf":[],"_links":{"self":[{"href":"https:\/\/www.mrhardwares.com\/es\/wp-json\/wp\/v2\/product\/1423","targetHints":{"allow":["GET"]}}],"collection":[{"href":"https:\/\/www.mrhardwares.com\/es\/wp-json\/wp\/v2\/product"}],"about":[{"href":"https:\/\/www.mrhardwares.com\/es\/wp-json\/wp\/v2\/types\/product"}],"replies":[{"embeddable":true,"href":"https:\/\/www.mrhardwares.com\/es\/wp-json\/wp\/v2\/comments?post=1423"}],"wp:featuredmedia":[{"embeddable":true,"href":"https:\/\/www.mrhardwares.com\/es\/wp-json\/wp\/v2\/media\/1424"}],"wp:attachment":[{"href":"https:\/\/www.mrhardwares.com\/es\/wp-json\/wp\/v2\/media?parent=1423"}],"wp:term":[{"taxonomy":"product_brand","embeddable":true,"href":"https:\/\/www.mrhardwares.com\/es\/wp-json\/wp\/v2\/product_brand?post=1423"},{"taxonomy":"product_cat","embeddable":true,"href":"https:\/\/www.mrhardwares.com\/es\/wp-json\/wp\/v2\/product_cat?post=1423"},{"taxonomy":"product_tag","embeddable":true,"href":"https:\/\/www.mrhardwares.com\/es\/wp-json\/wp\/v2\/product_tag?post=1423"}],"curies":[{"name":"wp","href":"https:\/\/api.w.org\/{rel}","templated":true}]}}