{"id":1425,"date":"2025-08-26T07:36:40","date_gmt":"2025-08-26T07:36:40","guid":{"rendered":"https:\/\/www.mrhardwares.com\/?post_type=product&#038;p=1425"},"modified":"2025-12-31T02:05:11","modified_gmt":"2025-12-31T02:05:11","slug":"wholesale-half-overlay-soft-close-hinges","status":"publish","type":"product","link":"https:\/\/www.mrhardwares.com\/es\/product\/wholesale-half-overlay-soft-close-hinges\/","title":{"rendered":"Mayorista Bisagras de cierre suave MR-F2B2"},"content":{"rendered":"<h3 class=\"wp-block-heading\">Caracter\u00edsticas de las bisagras de cierre suave de media capa<\/h3><ul class=\"wp-block-list\"><li><strong>Dise\u00f1o de media capa: <\/strong>La media bisagra superpuesta est\u00e1 especialmente dise\u00f1ada para instalar dos puertas de armario a ambos lados de la misma partici\u00f3n, y se utiliza ampliamente en varios tipos de muebles que requieren la funcionalidad de doble puerta.<\/li>\n\n<li><strong>Multifuncionalidad: <\/strong>Las bisagras de media ca\u00f1a tienen una amplia gama de aplicaciones y son adecuadas para diversos tipos de muebles. Desde armarios de cocina y armarios de ba\u00f1o hasta armarios, muebles de oficina y armarios de almacenamiento, ofrecen flexibilidad para diversos proyectos.<\/li>\n\n<li><strong>Apariencia equilibrada:<\/strong> Las bisagras de media solapa crean un efecto visual sim\u00e9trico y equilibrado, ya que cada puerta s\u00f3lo cubre una parte del lateral del armario. Cuando est\u00e1n cerrados, los paneles de las puertas quedan perfectamente unidos en el tabique compartido, presentando un aspecto moderno y liso.<\/li>\n\n<li><strong>Eficiencia econ\u00f3mica: <\/strong>En proyectos de decoraci\u00f3n de cocinas o producci\u00f3n de muebles de oficina, elegir Half overlay puede ahorrar muchos costes sin sacrificar la calidad ni la est\u00e9tica.<\/li><\/ul>","protected":false},"excerpt":{"rendered":"<p><strong>Precio: US $0.13\/pc<\/strong><\/p>\n<p>Venta al por mayor de bisagras de cierre suave de media ca\u00f1a. Elegimos entre dos materiales: acero inoxidable y acero laminado en fr\u00edo de alta calidad. Equipada con un mecanismo de cierre suave y silencioso, puede evitar eficazmente que la puerta choque violentamente. Es muy adecuada para armarios con tabiques compartidos, ya que combina una funcionalidad moderna con un aspecto sencillo y equilibrado. P\u00f3ngase en contacto con nosotros para solicitar un presupuesto.<\/p>\n<h2>Especificaciones de las bisagras de cierre suave de media capa<\/h2>\n<table border=\"0\" cellspacing=\"0\" cellpadding=\"0\">\n<tbody style=\"font-size: 12px; border: 1px solid #ccc; overflow: hidden;\">\n<tr style=\"line-height: 1.4;\">\n<td style=\"width: 33%;\" width=\"36\" height=\"30\"><strong>Especificaci\u00f3n<\/strong><\/td>\n<td style=\"width: 67%;\" width=\"72\"><strong>Detalles<\/strong><\/td>\n<\/tr>\n<tr style=\"line-height: 1.4;\">\n<td style=\"width: 33%;\" width=\"36\" height=\"30\"><strong>N\u00famero de modelo<\/strong><\/td>\n<td style=\"width: 67%;\" width=\"72\">MR-F2B2<\/td>\n<\/tr>\n<tr style=\"line-height: 1.4;\">\n<td style=\"width: 33%;\" width=\"36\" height=\"30\"><strong>Material de la bisagra<\/strong><\/td>\n<td style=\"width: 67%;\" width=\"72\">Acero inoxidable o acero laminado en fr\u00edo<\/td>\n<\/tr>\n<tr style=\"line-height: 1.4;\">\n<td style=\"width: 33%;\" width=\"36\" height=\"30\"><strong>Tipo de bisagra<\/strong><\/td>\n<td style=\"width: 67%;\" width=\"72\">Media bisagra de cierre suave<\/td>\n<\/tr>\n<tr style=\"line-height: 1.4;\">\n<td style=\"width: 33%;\" width=\"36\" height=\"60\"><strong>Escenarios aplicables<\/strong><\/td>\n<td style=\"width: 67%;\" width=\"72\">Armario, armario, estanter\u00eda, armario de ba\u00f1o, etc.<\/td>\n<\/tr>\n<tr style=\"line-height: 1.4;\">\n<td style=\"width: 33%;\" width=\"36\" height=\"50\"><strong>Servicio OEM y ODM<\/strong><\/td>\n<td style=\"width: 67%;\" width=\"72\">Admite una personalizaci\u00f3n sencilla y una personalizaci\u00f3n profunda<\/td>\n<\/tr>\n<\/tbody>\n<\/table>\n<p>&nbsp;<\/p>\n<p>\n<script src=\"chrome-extension:\/\/fpelahbljekknahkcaegamhcndkfpfnc\/iFrame.js\" type=\"text\/javascript\"><\/script><\/p>","protected":false},"featured_media":1426,"comment_status":"closed","ping_status":"closed","template":"","meta":{"_acf_changed":false},"product_brand":[],"product_cat":[28],"product_tag":[],"class_list":{"0":"post-1425","1":"product","2":"type-product","3":"status-publish","4":"has-post-thumbnail","6":"product_cat-wholesale-half-overlay-cabinet-hinges","8":"first","9":"instock","10":"shipping-taxable","11":"product-type-simple"},"acf":[],"_links":{"self":[{"href":"https:\/\/www.mrhardwares.com\/es\/wp-json\/wp\/v2\/product\/1425","targetHints":{"allow":["GET"]}}],"collection":[{"href":"https:\/\/www.mrhardwares.com\/es\/wp-json\/wp\/v2\/product"}],"about":[{"href":"https:\/\/www.mrhardwares.com\/es\/wp-json\/wp\/v2\/types\/product"}],"replies":[{"embeddable":true,"href":"https:\/\/www.mrhardwares.com\/es\/wp-json\/wp\/v2\/comments?post=1425"}],"wp:featuredmedia":[{"embeddable":true,"href":"https:\/\/www.mrhardwares.com\/es\/wp-json\/wp\/v2\/media\/1426"}],"wp:attachment":[{"href":"https:\/\/www.mrhardwares.com\/es\/wp-json\/wp\/v2\/media?parent=1425"}],"wp:term":[{"taxonomy":"product_brand","embeddable":true,"href":"https:\/\/www.mrhardwares.com\/es\/wp-json\/wp\/v2\/product_brand?post=1425"},{"taxonomy":"product_cat","embeddable":true,"href":"https:\/\/www.mrhardwares.com\/es\/wp-json\/wp\/v2\/product_cat?post=1425"},{"taxonomy":"product_tag","embeddable":true,"href":"https:\/\/www.mrhardwares.com\/es\/wp-json\/wp\/v2\/product_tag?post=1425"}],"curies":[{"name":"wp","href":"https:\/\/api.w.org\/{rel}","templated":true}]}}