{"id":1427,"date":"2025-08-26T10:17:17","date_gmt":"2025-08-26T10:17:17","guid":{"rendered":"https:\/\/www.mrhardwares.com\/?post_type=product&#038;p=1427"},"modified":"2025-12-31T02:11:02","modified_gmt":"2025-12-31T02:11:02","slug":"bulk-half-overlay-cabinet-hinges","status":"publish","type":"product","link":"https:\/\/www.mrhardwares.com\/es\/product\/bulk-half-overlay-cabinet-hinges\/","title":{"rendered":"Medias bisagras de armario a granel con funci\u00f3n de cierre suave"},"content":{"rendered":"<h3 class=\"wp-block-heading\">Caracter\u00edsticas de las bisagras de armario de media capa<\/h3><ul class=\"wp-block-list\"><li><strong>Partici\u00f3n compartida:<\/strong> Las bisagras de armario de media superposici\u00f3n son bisagras eficientes dise\u00f1adas para configuraciones de armario comunes. Las bisagras de armario de media superposici\u00f3n permiten instalar directamente dos puertas adyacentes en esta partici\u00f3n central compartida.<\/li>\n\n<li><strong>Rentabilidad: <\/strong>Las bisagras de armario de media solapa son productos estandarizados y de amplia producci\u00f3n. Y permite que dos puertas compartan un tabique central, por lo que no es necesario instalar marcos de puerta adicionales de ancho completo en el lado de apertura, lo que reduce la cantidad de materiales y el proceso de construcci\u00f3n necesarios, disminuyendo as\u00ed los costes.<\/li>\n\n<li><strong>F\u00e1cil de instalar y ajustar:<\/strong> Nuestras bisagras de armario de media ca\u00f1a tienen un proceso de instalaci\u00f3n estandarizado que proporciona un ajuste completo en tres direcciones.<\/li>\n\n<li><strong>Presupuesto de f\u00e1brica: <\/strong>Como fabricante de bisagras para muebles, proporcionamos un suministro a gran escala de bisagras de media tapa de alta calidad, apoyando la personalizaci\u00f3n OEM\/ODM, con precios favorables y entrega puntual.<\/li><\/ul>","protected":false},"excerpt":{"rendered":"<p><strong>Precio: US $0.14\/pc<\/strong><\/p>\n<p>Ofrecemos un suministro a granel de bisagras duraderas semiencastrables dise\u00f1adas para armarios de cocina, armarios y proyectos de mobiliario. Estas bisagras cuentan con una funci\u00f3n de cierre suave y ofrecen servicios OEM, incluidos materiales personalizados. Ofrecemos precios de f\u00e1brica y somos ideales para fabricantes de muebles, ebanistas, mayoristas y distribuidores. No dude en ponerse en contacto con nosotros.<\/p>\n<h2>Especificaciones de las bisagras de armario de media capa<\/h2>\n<table border=\"0\" cellspacing=\"0\" cellpadding=\"0\">\n<tbody style=\"font-size: 12px; border: 1px solid #ccc; overflow: hidden;\">\n<tr style=\"line-height: 1.4;\">\n<td style=\"width: 33%;\" width=\"36\" height=\"30\"><strong>Especificaci\u00f3n<\/strong><\/td>\n<td style=\"width: 67%;\" width=\"72\"><strong>Detalles<\/strong><\/td>\n<\/tr>\n<tr style=\"line-height: 1.4;\">\n<td style=\"width: 33%;\" width=\"36\" height=\"30\"><strong>N\u00famero de modelo<\/strong><\/td>\n<td style=\"width: 67%;\" width=\"72\">MR-DB2<\/td>\n<\/tr>\n<tr style=\"line-height: 1.4;\">\n<td style=\"width: 33%;\" width=\"36\" height=\"30\"><strong>Material de la bisagra<\/strong><\/td>\n<td style=\"width: 67%;\" width=\"72\">Acero inoxidable o acero laminado en fr\u00edo<\/td>\n<\/tr>\n<tr style=\"line-height: 1.4;\">\n<td style=\"width: 33%;\" width=\"36\" height=\"30\"><strong>Tipo de bisagra<\/strong><\/td>\n<td style=\"width: 67%;\" width=\"72\">Media bisagra de cierre suave<\/td>\n<\/tr>\n<tr style=\"line-height: 1.4;\">\n<td style=\"width: 33%;\" width=\"36\" height=\"60\"><strong>Escenarios aplicables<\/strong><\/td>\n<td style=\"width: 67%;\" width=\"72\">Armario, armario, estanter\u00eda, armario de ba\u00f1o, etc.<\/td>\n<\/tr>\n<tr style=\"line-height: 1.4;\">\n<td style=\"width: 33%;\" width=\"36\" height=\"50\"><strong>Servicio OEM y ODM<\/strong><\/td>\n<td style=\"width: 67%;\" width=\"72\">Admite una personalizaci\u00f3n sencilla y una personalizaci\u00f3n profunda<\/td>\n<\/tr>\n<\/tbody>\n<\/table>\n<p>&nbsp;<\/p>\n<p><script src=\"chrome-extension:\/\/fpelahbljekknahkcaegamhcndkfpfnc\/iFrame.js\" type=\"text\/javascript\"><\/script><\/p>\n<p>\n<script src=\"chrome-extension:\/\/fpelahbljekknahkcaegamhcndkfpfnc\/iFrame.js\" type=\"text\/javascript\"><\/script><\/p>","protected":false},"featured_media":1428,"comment_status":"closed","ping_status":"closed","template":"","meta":{"_acf_changed":false},"product_brand":[],"product_cat":[28],"product_tag":[],"class_list":{"0":"post-1427","1":"product","2":"type-product","3":"status-publish","4":"has-post-thumbnail","6":"product_cat-wholesale-half-overlay-cabinet-hinges","8":"first","9":"instock","10":"shipping-taxable","11":"product-type-simple"},"acf":[],"_links":{"self":[{"href":"https:\/\/www.mrhardwares.com\/es\/wp-json\/wp\/v2\/product\/1427","targetHints":{"allow":["GET"]}}],"collection":[{"href":"https:\/\/www.mrhardwares.com\/es\/wp-json\/wp\/v2\/product"}],"about":[{"href":"https:\/\/www.mrhardwares.com\/es\/wp-json\/wp\/v2\/types\/product"}],"replies":[{"embeddable":true,"href":"https:\/\/www.mrhardwares.com\/es\/wp-json\/wp\/v2\/comments?post=1427"}],"wp:featuredmedia":[{"embeddable":true,"href":"https:\/\/www.mrhardwares.com\/es\/wp-json\/wp\/v2\/media\/1428"}],"wp:attachment":[{"href":"https:\/\/www.mrhardwares.com\/es\/wp-json\/wp\/v2\/media?parent=1427"}],"wp:term":[{"taxonomy":"product_brand","embeddable":true,"href":"https:\/\/www.mrhardwares.com\/es\/wp-json\/wp\/v2\/product_brand?post=1427"},{"taxonomy":"product_cat","embeddable":true,"href":"https:\/\/www.mrhardwares.com\/es\/wp-json\/wp\/v2\/product_cat?post=1427"},{"taxonomy":"product_tag","embeddable":true,"href":"https:\/\/www.mrhardwares.com\/es\/wp-json\/wp\/v2\/product_tag?post=1427"}],"curies":[{"name":"wp","href":"https:\/\/api.w.org\/{rel}","templated":true}]}}