{"id":1431,"date":"2025-08-27T01:44:52","date_gmt":"2025-08-27T01:44:52","guid":{"rendered":"https:\/\/www.mrhardwares.com\/?post_type=product&#038;p=1431"},"modified":"2025-12-31T02:39:21","modified_gmt":"2025-12-31T02:39:21","slug":"wholesale-half-overlay-cabinet-hinges-for-kitchen-cabinet-makers","status":"publish","type":"product","link":"https:\/\/www.mrhardwares.com\/es\/product\/wholesale-half-overlay-cabinet-hinges-for-kitchen-cabinet-makers\/","title":{"rendered":"Mayorista Bisagras de Armario de Media Solapa para Fabricantes de Armarios de Cocina"},"content":{"rendered":"<h3 class=\"wp-block-heading\">Caracter\u00edsticas de las bisagras de armario de media capa<\/h3><ul class=\"wp-block-list\"><li><strong>Dise\u00f1o que ahorra espacio: <\/strong>Las bisagras de media capa permiten que dos puertas de armario compartan un \u00fanico separador, lo que las hace ideales para maximizar el espacio de almacenamiento en cocinas compactas.<\/li>\n\n<li><strong>F\u00e1cil instalaci\u00f3n: <\/strong>Nuestras bisagras de media ca\u00f1a al por mayor incorporan una placa de montaje f\u00e1cil de usar y tornillos ajustables, lo que simplifica el proceso de instalaci\u00f3n y ahorra tiempo en la producci\u00f3n de armarios a gran escala.<\/li>\n\n<li><strong>Mecanismo de cierre suave: <\/strong>La bisagra de medio recubrimiento MR-DTZ2 incorpora una funci\u00f3n de cierre suave que evita que las puertas se cierren de golpe y mejora la experiencia del usuario final.<\/li>\n\n<li><strong>Versatilidad: <\/strong>Adecuado para una variedad de aplicaciones de armarios m\u00e1s all\u00e1 de la cocina, incluidos armarios, armarios de ba\u00f1o y muebles de oficina.<\/li><\/ul>","protected":false},"excerpt":{"rendered":"<p><strong>Precio: US $0.15\/pc<\/strong><\/p>\n<p>Nuestras bisagras para armarios de media capa al por mayor est\u00e1n dise\u00f1adas para fabricantes de armarios de cocina que buscan durabilidad, eficacia y ahorro de costes. Ofrecen alineaci\u00f3n ajustable y una funci\u00f3n opcional de cierre suave. Disponibles al por mayor a precios competitivos, son ideales para grandes proyectos.<\/p>\n<h2>Especificaciones de las bisagras de armario de media capa<\/h2>\n<table border=\"0\" cellspacing=\"0\" cellpadding=\"0\">\n<tbody style=\"font-size: 12px; border: 1px solid #ccc; overflow: hidden;\">\n<tr style=\"line-height: 1.4;\">\n<td style=\"width: 33%;\" width=\"36\" height=\"30\"><strong>Especificaci\u00f3n<\/strong><\/td>\n<td style=\"width: 67%;\" width=\"72\"><strong>Detalles<\/strong><\/td>\n<\/tr>\n<tr style=\"line-height: 1.4;\">\n<td style=\"width: 33%;\" width=\"36\" height=\"30\"><strong>N\u00famero de modelo<\/strong><\/td>\n<td style=\"width: 67%;\" width=\"72\">MR-DTZ2<\/td>\n<\/tr>\n<tr style=\"line-height: 1.4;\">\n<td style=\"width: 33%;\" width=\"36\" height=\"30\"><strong>Material de la bisagra<\/strong><\/td>\n<td style=\"width: 67%;\" width=\"72\">Acero inoxidable o acero laminado en fr\u00edo<\/td>\n<\/tr>\n<tr style=\"line-height: 1.4;\">\n<td style=\"width: 33%;\" width=\"36\" height=\"30\"><strong>Tipo de bisagra<\/strong><\/td>\n<td style=\"width: 67%;\" width=\"72\">Media bisagra de armario superpuesta<\/td>\n<\/tr>\n<tr style=\"line-height: 1.4;\">\n<td style=\"width: 33%;\" width=\"36\" height=\"60\"><strong>Escenarios aplicables<\/strong><\/td>\n<td style=\"width: 67%;\" width=\"72\">Armario, armario, estanter\u00eda, armario de ba\u00f1o, etc.<\/td>\n<\/tr>\n<tr style=\"line-height: 1.4;\">\n<td style=\"width: 33%;\" width=\"36\" height=\"50\"><strong>Servicio OEM y ODM<\/strong><\/td>\n<td style=\"width: 67%;\" width=\"72\">Admite una personalizaci\u00f3n sencilla y una personalizaci\u00f3n profunda<\/td>\n<\/tr>\n<\/tbody>\n<\/table>\n<p>&nbsp;<\/p>\n<p>\n<script src=\"chrome-extension:\/\/fpelahbljekknahkcaegamhcndkfpfnc\/iFrame.js\" type=\"text\/javascript\"><\/script><\/p>","protected":false},"featured_media":1432,"comment_status":"closed","ping_status":"closed","template":"","meta":{"_acf_changed":false},"product_brand":[],"product_cat":[28],"product_tag":[],"class_list":{"0":"post-1431","1":"product","2":"type-product","3":"status-publish","4":"has-post-thumbnail","6":"product_cat-wholesale-half-overlay-cabinet-hinges","8":"first","9":"instock","10":"shipping-taxable","11":"product-type-simple"},"acf":[],"_links":{"self":[{"href":"https:\/\/www.mrhardwares.com\/es\/wp-json\/wp\/v2\/product\/1431","targetHints":{"allow":["GET"]}}],"collection":[{"href":"https:\/\/www.mrhardwares.com\/es\/wp-json\/wp\/v2\/product"}],"about":[{"href":"https:\/\/www.mrhardwares.com\/es\/wp-json\/wp\/v2\/types\/product"}],"replies":[{"embeddable":true,"href":"https:\/\/www.mrhardwares.com\/es\/wp-json\/wp\/v2\/comments?post=1431"}],"wp:featuredmedia":[{"embeddable":true,"href":"https:\/\/www.mrhardwares.com\/es\/wp-json\/wp\/v2\/media\/1432"}],"wp:attachment":[{"href":"https:\/\/www.mrhardwares.com\/es\/wp-json\/wp\/v2\/media?parent=1431"}],"wp:term":[{"taxonomy":"product_brand","embeddable":true,"href":"https:\/\/www.mrhardwares.com\/es\/wp-json\/wp\/v2\/product_brand?post=1431"},{"taxonomy":"product_cat","embeddable":true,"href":"https:\/\/www.mrhardwares.com\/es\/wp-json\/wp\/v2\/product_cat?post=1431"},{"taxonomy":"product_tag","embeddable":true,"href":"https:\/\/www.mrhardwares.com\/es\/wp-json\/wp\/v2\/product_tag?post=1431"}],"curies":[{"name":"wp","href":"https:\/\/api.w.org\/{rel}","templated":true}]}}