{"id":1433,"date":"2025-08-27T01:56:49","date_gmt":"2025-08-27T01:56:49","guid":{"rendered":"https:\/\/www.mrhardwares.com\/?post_type=product&#038;p=1433"},"modified":"2025-12-31T01:52:24","modified_gmt":"2025-12-31T01:52:24","slug":"wholesale-inset-cabinet-hinges","status":"publish","type":"product","link":"https:\/\/www.mrhardwares.com\/es\/product\/wholesale-inset-cabinet-hinges\/","title":{"rendered":"Venta al por mayor de bisagras para armarios empotrados para fabricantes de muebles, ebanistas y mayoristas"},"content":{"rendered":"<h3 class=\"wp-block-heading\">Caracter\u00edsticas de las bisagras para armarios empotrados<\/h3><ul class=\"wp-block-list\"><li><strong>Aspecto impecable: <\/strong>Las bisagras para armarios encastradas incrustan completamente las puertas en los marcos de los armarios, creando un acabado perfectamente plano que realza el atractivo visual general de los muebles y les confiere un aspecto moderno y de alta gama.<\/li>\n\n<li><strong>Alineaci\u00f3n ajustable: <\/strong>Nuestras bisagras para armarios empotrados al por mayor tienen una funci\u00f3n de ajuste en tres direcciones. Esta flexibilidad garantiza una alineaci\u00f3n perfecta, reduce los errores de instalaci\u00f3n y ayuda a los fabricantes a mantener una calidad uniforme en todos los armarios.<\/li>\n\n<li><strong>Opciones de p\u00e9rdida blanda: <\/strong>Nuestras bisagras empotradas al por mayor est\u00e1n equipadas con un dispositivo de cierre lento, que puede ralentizar lentamente la velocidad al cerrar la puerta, evitar impactos violentos y reducir el desgaste de los armarios y las bisagras.<\/li>\n\n<li><strong>Ampliamente aplicable: <\/strong>Nuestras bisagras encastradas son adecuadas para diversos tipos de muebles, como armarios de cocina, armarios roperos, armarios de ba\u00f1o, armarios de oficina y muebles personalizados de gama alta.<\/li><\/ul>","protected":false},"excerpt":{"rendered":"<p data-pm-slice=\"1 1 []\"><strong>Precio: US $0.12\/pc<\/strong><\/p>\n<p>Bisagras para armarios empotrados al por mayor, dise\u00f1adas espec\u00edficamente para fabricantes de muebles y fabricantes de armarios. MR-ZB3 es durable, ajustable, con un dise\u00f1o oculto que proporciona un acabado sin costuras y viene con una opci\u00f3n de cierre de amortiguaci\u00f3n. Venta directa de f\u00e1brica, suministro a granel, bienvenidas consultas.<\/p>\n<h2>Especificaciones de las bisagras para armarios empotrados<\/h2>\n<table border=\"0\" cellspacing=\"0\" cellpadding=\"0\">\n<tbody style=\"font-size: 12px; border: 1px solid #ccc; overflow: hidden;\">\n<tr style=\"line-height: 1.4;\">\n<td style=\"width: 33%;\" width=\"36\" height=\"30\"><strong>Especificaci\u00f3n<\/strong><\/td>\n<td style=\"width: 67%;\" width=\"72\"><strong>Detalles<\/strong><\/td>\n<\/tr>\n<tr style=\"line-height: 1.4;\">\n<td style=\"width: 33%;\" width=\"36\" height=\"30\"><strong>N\u00famero de modelo<\/strong><\/td>\n<td style=\"width: 67%;\" width=\"72\">MR-ZB3<\/td>\n<\/tr>\n<tr style=\"line-height: 1.4;\">\n<td style=\"width: 33%;\" width=\"36\" height=\"30\"><strong>Material de la bisagra<\/strong><\/td>\n<td style=\"width: 67%;\" width=\"72\">Acero laminado en fr\u00edo<\/td>\n<\/tr>\n<tr style=\"line-height: 1.4;\">\n<td style=\"width: 33%;\" width=\"36\" height=\"30\"><strong>Tipo de bisagra<\/strong><\/td>\n<td style=\"width: 67%;\" width=\"72\">Bisagra para armario con cierre suave<\/td>\n<\/tr>\n<tr style=\"line-height: 1.4;\">\n<td style=\"width: 33%;\" width=\"36\" height=\"60\"><strong>Escenarios aplicables<\/strong><\/td>\n<td style=\"width: 67%;\" width=\"72\">Armario, armario, estanter\u00eda, armario de ba\u00f1o, etc.<\/td>\n<\/tr>\n<tr style=\"line-height: 1.4;\">\n<td style=\"width: 33%;\" width=\"36\" height=\"50\"><strong>Servicio OEM y ODM<\/strong><\/td>\n<td style=\"width: 67%;\" width=\"72\">Admite una personalizaci\u00f3n sencilla y una personalizaci\u00f3n profunda<\/td>\n<\/tr>\n<\/tbody>\n<\/table>\n<p>&nbsp;<\/p>\n<p>\n<script src=\"chrome-extension:\/\/fpelahbljekknahkcaegamhcndkfpfnc\/iFrame.js\" type=\"text\/javascript\"><\/script><\/p>","protected":false},"featured_media":1434,"comment_status":"closed","ping_status":"closed","template":"","meta":{"_acf_changed":false},"product_brand":[],"product_cat":[27],"product_tag":[],"class_list":{"0":"post-1433","1":"product","2":"type-product","3":"status-publish","4":"has-post-thumbnail","6":"product_cat-wholesale-inset-cabinet-hinges","8":"first","9":"instock","10":"shipping-taxable","11":"product-type-simple"},"acf":[],"_links":{"self":[{"href":"https:\/\/www.mrhardwares.com\/es\/wp-json\/wp\/v2\/product\/1433","targetHints":{"allow":["GET"]}}],"collection":[{"href":"https:\/\/www.mrhardwares.com\/es\/wp-json\/wp\/v2\/product"}],"about":[{"href":"https:\/\/www.mrhardwares.com\/es\/wp-json\/wp\/v2\/types\/product"}],"replies":[{"embeddable":true,"href":"https:\/\/www.mrhardwares.com\/es\/wp-json\/wp\/v2\/comments?post=1433"}],"wp:featuredmedia":[{"embeddable":true,"href":"https:\/\/www.mrhardwares.com\/es\/wp-json\/wp\/v2\/media\/1434"}],"wp:attachment":[{"href":"https:\/\/www.mrhardwares.com\/es\/wp-json\/wp\/v2\/media?parent=1433"}],"wp:term":[{"taxonomy":"product_brand","embeddable":true,"href":"https:\/\/www.mrhardwares.com\/es\/wp-json\/wp\/v2\/product_brand?post=1433"},{"taxonomy":"product_cat","embeddable":true,"href":"https:\/\/www.mrhardwares.com\/es\/wp-json\/wp\/v2\/product_cat?post=1433"},{"taxonomy":"product_tag","embeddable":true,"href":"https:\/\/www.mrhardwares.com\/es\/wp-json\/wp\/v2\/product_tag?post=1433"}],"curies":[{"name":"wp","href":"https:\/\/api.w.org\/{rel}","templated":true}]}}