{"id":1435,"date":"2025-08-27T02:30:06","date_gmt":"2025-08-27T02:30:06","guid":{"rendered":"https:\/\/www.mrhardwares.com\/?post_type=product&#038;p=1435"},"modified":"2025-12-31T02:00:44","modified_gmt":"2025-12-31T02:00:44","slug":"wholesale-inset-kitchen-cabinet-hinges","status":"publish","type":"product","link":"https:\/\/www.mrhardwares.com\/es\/product\/wholesale-inset-kitchen-cabinet-hinges\/","title":{"rendered":"Mayorista Bisagras para Armarios de Cocina - Bisagras de cierre suave, ajustables y duraderas"},"content":{"rendered":"<h3 class=\"wp-block-heading\">Caracter\u00edsticas de las bisagras encastrables para armarios de cocina<\/h3><ul class=\"wp-block-list\"><li><strong>Est\u00e9ticamente agradable: <\/strong>Al hacer que la puerta del armario quede enrasada con el marco del mismo, las bisagras empotradas para armarios de cocina crean un aspecto limpio, aerodin\u00e1mico y refinado.<\/li>\n\n<li><strong>Eficiencia espacial: <\/strong>Las puertas empotradas no sobresalen del marco del armario, lo que las hace especialmente \u00fatiles para cocinas muy transitadas o peque\u00f1as.<\/li>\n\n<li><strong>Instalaci\u00f3n oculta: <\/strong>Cuando la puerta del armario est\u00e1 cerrada, las bisagras quedan completamente ocultas y todos los herrajes quedan ocultos a la vista. Este dise\u00f1o oculto mantiene un aspecto limpio y aerodin\u00e1mico del armario.<\/li>\n\n<li><strong>Ventaja de volumen: <\/strong>Como fabricante profesional de bisagras, ofrecemos precios competitivos directos de f\u00e1brica, suministro fiable y entrega puntual de bisagras para armarios de cocina empotrados.<\/li><\/ul>","protected":false},"excerpt":{"rendered":"<p><strong>Precio: US $0.123\/pc<\/strong><\/p>\n<p>Bienvenido a comprar al por mayor nuestras bisagras para armarios de cocina. Las bisagras empotradas para armarios de cocina garantizan una alineaci\u00f3n perfecta entre los paneles de las puertas y los armarios, creando un aspecto enrasado. Adecuadas para armarios de cocina, armarios empotrados, armarios de ba\u00f1o y diversos proyectos de fabricaci\u00f3n de muebles. P\u00f3ngase en contacto con nosotros.<\/p>\n<h2>Especificaciones de las bisagras de media ca\u00f1a<\/h2>\n<table border=\"0\" cellspacing=\"0\" cellpadding=\"0\">\n<tbody style=\"font-size: 12px; border: 1px solid #ccc; overflow: hidden;\">\n<tr style=\"line-height: 1.4;\">\n<td style=\"width: 33%;\" width=\"36\" height=\"30\"><span style=\"font-size: 16px;\">Especificaci\u00f3n<\/span><\/td>\n<td style=\"width: 67%;\" width=\"72\"><span style=\"font-size: 16px;\">Detalles<\/span><\/td>\n<\/tr>\n<tr style=\"line-height: 1.4;\">\n<td style=\"width: 33%;\" width=\"36\" height=\"30\"><span style=\"font-size: 16px;\">N\u00famero de modelo<\/span><\/td>\n<td style=\"width: 67%;\" width=\"72\"><span style=\"font-size: 16px;\">MR-F2A3<\/span><\/td>\n<\/tr>\n<tr style=\"line-height: 1.4;\">\n<td style=\"width: 33%;\" width=\"36\" height=\"30\"><span style=\"font-size: 16px;\">Material de la bisagra<\/span><\/td>\n<td style=\"width: 67%;\" width=\"72\"><span style=\"font-size: 16px;\">Acero inoxidable o acero laminado en fr\u00edo<\/span><\/td>\n<\/tr>\n<tr style=\"line-height: 1.4;\">\n<td style=\"width: 33%;\" width=\"36\" height=\"30\"><span style=\"font-size: 16px;\">Tipo de bisagra<\/span><\/td>\n<td style=\"width: 67%;\" width=\"72\">Bisagra para armario empotrado de cierre suave<\/td>\n<\/tr>\n<tr style=\"line-height: 1.4;\">\n<td style=\"width: 33%;\" width=\"36\" height=\"60\"><span style=\"font-size: 16px;\">Escenarios aplicables<\/span><\/td>\n<td style=\"width: 67%;\" width=\"72\"><span style=\"font-size: 16px;\">Armario, armario, estanter\u00eda, armario de ba\u00f1o, etc.<\/span><\/td>\n<\/tr>\n<tr style=\"line-height: 1.4;\">\n<td style=\"width: 33%;\" width=\"36\" height=\"50\"><span style=\"font-size: 16px;\">Servicio OEM y ODM<\/span><\/td>\n<td style=\"width: 67%;\" width=\"72\"><span style=\"font-size: 16px;\">Admite una personalizaci\u00f3n sencilla y una personalizaci\u00f3n profunda<\/span><\/td>\n<\/tr>\n<\/tbody>\n<\/table>\n<p>&nbsp;<\/p>\n<p><script src=\"chrome-extension:\/\/fpelahbljekknahkcaegamhcndkfpfnc\/iFrame.js\" type=\"text\/javascript\"><\/script><\/p>\n<p>\n<script src=\"chrome-extension:\/\/fpelahbljekknahkcaegamhcndkfpfnc\/iFrame.js\" type=\"text\/javascript\"><\/script><\/p>","protected":false},"featured_media":1424,"comment_status":"closed","ping_status":"closed","template":"","meta":{"_acf_changed":false},"product_brand":[],"product_cat":[27],"product_tag":[],"class_list":{"0":"post-1435","1":"product","2":"type-product","3":"status-publish","4":"has-post-thumbnail","6":"product_cat-wholesale-inset-cabinet-hinges","8":"first","9":"instock","10":"shipping-taxable","11":"product-type-simple"},"acf":[],"_links":{"self":[{"href":"https:\/\/www.mrhardwares.com\/es\/wp-json\/wp\/v2\/product\/1435","targetHints":{"allow":["GET"]}}],"collection":[{"href":"https:\/\/www.mrhardwares.com\/es\/wp-json\/wp\/v2\/product"}],"about":[{"href":"https:\/\/www.mrhardwares.com\/es\/wp-json\/wp\/v2\/types\/product"}],"replies":[{"embeddable":true,"href":"https:\/\/www.mrhardwares.com\/es\/wp-json\/wp\/v2\/comments?post=1435"}],"wp:featuredmedia":[{"embeddable":true,"href":"https:\/\/www.mrhardwares.com\/es\/wp-json\/wp\/v2\/media\/1424"}],"wp:attachment":[{"href":"https:\/\/www.mrhardwares.com\/es\/wp-json\/wp\/v2\/media?parent=1435"}],"wp:term":[{"taxonomy":"product_brand","embeddable":true,"href":"https:\/\/www.mrhardwares.com\/es\/wp-json\/wp\/v2\/product_brand?post=1435"},{"taxonomy":"product_cat","embeddable":true,"href":"https:\/\/www.mrhardwares.com\/es\/wp-json\/wp\/v2\/product_cat?post=1435"},{"taxonomy":"product_tag","embeddable":true,"href":"https:\/\/www.mrhardwares.com\/es\/wp-json\/wp\/v2\/product_tag?post=1435"}],"curies":[{"name":"wp","href":"https:\/\/api.w.org\/{rel}","templated":true}]}}