{"id":1438,"date":"2025-08-27T03:05:13","date_gmt":"2025-08-27T03:05:13","guid":{"rendered":"https:\/\/www.mrhardwares.com\/?post_type=product&#038;p=1438"},"modified":"2025-12-31T02:27:03","modified_gmt":"2025-12-31T02:27:03","slug":"wholesale-inset-hinges-for-cabinet-doors","status":"publish","type":"product","link":"https:\/\/www.mrhardwares.com\/es\/product\/wholesale-inset-hinges-for-cabinet-doors\/","title":{"rendered":"Venta al por mayor Bisagras para puertas de armarios, puertas de armarios, etc."},"content":{"rendered":"<h3 class=\"wp-block-heading\">Caracter\u00edsticas de las bisagras embutidas para puertas de armarios<\/h3><ul class=\"wp-block-list\"><li><strong>Alineaci\u00f3n precisa de las puertas empotradas:<\/strong> Nuestras bisagras para armarios al por mayor consiguen un aspecto impecable, limpio y profesional, realzando el atractivo est\u00e9tico de los armarios de gama alta.<\/li>\n\n<li><strong>Funcionamiento suave y silencioso: <\/strong>Nuestras bisagras para armarios al por mayor integran un mecanismo de cierre suave para crear una excelente experiencia de uso para propietarios de viviendas, oficinas y entornos hoteleros.<\/li>\n\n<li><strong>Dise\u00f1o totalmente ajustable:<\/strong> Esta flexibilidad permite a fabricantes e instaladores lograr una alineaci\u00f3n perfecta en puertas de distintos tama\u00f1os y grosores, compensando peque\u00f1as incoherencias del marco y garantizando un ajuste preciso que cumpla las normas de alta calidad.<\/li>\n\n<li><strong>Amplia compatibilidad: <\/strong>Estas bisagras empotradas son adecuadas para diversos muebles, como armarios de cocina, tocadores de ba\u00f1o, armarios y unidades de almacenamiento de oficina, con m\u00faltiples funciones. Pueden adaptarse a distintos materiales y grosores de puerta, lo que las convierte en una opci\u00f3n fiable para la fabricaci\u00f3n de muebles a gran escala, la decoraci\u00f3n o los proyectos de interior personalizados.<\/li><\/ul>","protected":false},"excerpt":{"rendered":"<p><strong>Precio: US $0.14\/pc<\/strong><\/p>\n<p>Bienvenido a comprar bisagras embutidas para puertas de armarios. Estas bisagras est\u00e1n certificadas y cumplen normas internacionales como SGS y CE, lo que garantiza un rendimiento fiable y una calidad duradera. Su dise\u00f1o ajustable permite una f\u00e1cil puesta a punto y una r\u00e1pida instalaci\u00f3n, ahorrando tiempo y mano de obra a los fabricantes de muebles y clientes B2B.<\/p>\n<h2>Especificaciones de las bisagras embutidas para puertas de armarios<\/h2>\n<table border=\"0\" cellspacing=\"0\" cellpadding=\"0\">\n<tbody style=\"font-size: 12px; border: 1px solid #ccc; overflow: hidden;\">\n<tr style=\"line-height: 1.4;\">\n<td style=\"width: 33%;\" width=\"36\" height=\"30\"><strong>Especificaci\u00f3n<\/strong><\/td>\n<td style=\"width: 67%;\" width=\"72\"><strong>Detalles<\/strong><\/td>\n<\/tr>\n<tr style=\"line-height: 1.4;\">\n<td style=\"width: 33%;\" width=\"36\" height=\"30\"><strong>N\u00famero de modelo<\/strong><\/td>\n<td style=\"width: 67%;\" width=\"72\">MR-DB3<\/td>\n<\/tr>\n<tr style=\"line-height: 1.4;\">\n<td style=\"width: 33%;\" width=\"36\" height=\"30\"><strong>Material de la bisagra<\/strong><\/td>\n<td style=\"width: 67%;\" width=\"72\">Acero inoxidable o acero laminado en fr\u00edo<\/td>\n<\/tr>\n<tr style=\"line-height: 1.4;\">\n<td style=\"width: 33%;\" width=\"36\" height=\"30\"><strong>Tipo de bisagra<\/strong><\/td>\n<td style=\"width: 67%;\" width=\"72\">Bisagras de cierre suave para armarios empotrados<\/td>\n<\/tr>\n<tr style=\"line-height: 1.4;\">\n<td style=\"width: 33%;\" width=\"36\" height=\"60\"><strong>Escenarios aplicables<\/strong><\/td>\n<td style=\"width: 67%;\" width=\"72\">Armario, armario, estanter\u00eda, armario de ba\u00f1o, etc.<\/td>\n<\/tr>\n<tr style=\"line-height: 1.4;\">\n<td style=\"width: 33%;\" width=\"36\" height=\"50\"><strong>Servicio OEM y ODM<\/strong><\/td>\n<td style=\"width: 67%;\" width=\"72\">Admite una personalizaci\u00f3n sencilla y una personalizaci\u00f3n profunda<\/td>\n<\/tr>\n<\/tbody>\n<\/table>\n<p>&nbsp;<\/p>\n<p><script src=\"chrome-extension:\/\/fpelahbljekknahkcaegamhcndkfpfnc\/iFrame.js\" type=\"text\/javascript\"><\/script><\/p>\n<p>\n<script src=\"chrome-extension:\/\/fpelahbljekknahkcaegamhcndkfpfnc\/iFrame.js\" type=\"text\/javascript\"><\/script><\/p>","protected":false},"featured_media":1439,"comment_status":"closed","ping_status":"closed","template":"","meta":{"_acf_changed":false},"product_brand":[],"product_cat":[27],"product_tag":[],"class_list":{"0":"post-1438","1":"product","2":"type-product","3":"status-publish","4":"has-post-thumbnail","6":"product_cat-wholesale-inset-cabinet-hinges","8":"first","9":"instock","10":"shipping-taxable","11":"product-type-simple"},"acf":[],"_links":{"self":[{"href":"https:\/\/www.mrhardwares.com\/es\/wp-json\/wp\/v2\/product\/1438","targetHints":{"allow":["GET"]}}],"collection":[{"href":"https:\/\/www.mrhardwares.com\/es\/wp-json\/wp\/v2\/product"}],"about":[{"href":"https:\/\/www.mrhardwares.com\/es\/wp-json\/wp\/v2\/types\/product"}],"replies":[{"embeddable":true,"href":"https:\/\/www.mrhardwares.com\/es\/wp-json\/wp\/v2\/comments?post=1438"}],"wp:featuredmedia":[{"embeddable":true,"href":"https:\/\/www.mrhardwares.com\/es\/wp-json\/wp\/v2\/media\/1439"}],"wp:attachment":[{"href":"https:\/\/www.mrhardwares.com\/es\/wp-json\/wp\/v2\/media?parent=1438"}],"wp:term":[{"taxonomy":"product_brand","embeddable":true,"href":"https:\/\/www.mrhardwares.com\/es\/wp-json\/wp\/v2\/product_brand?post=1438"},{"taxonomy":"product_cat","embeddable":true,"href":"https:\/\/www.mrhardwares.com\/es\/wp-json\/wp\/v2\/product_cat?post=1438"},{"taxonomy":"product_tag","embeddable":true,"href":"https:\/\/www.mrhardwares.com\/es\/wp-json\/wp\/v2\/product_tag?post=1438"}],"curies":[{"name":"wp","href":"https:\/\/api.w.org\/{rel}","templated":true}]}}