{"id":1440,"date":"2025-08-27T03:32:48","date_gmt":"2025-08-27T03:32:48","guid":{"rendered":"https:\/\/www.mrhardwares.com\/?post_type=product&#038;p=1440"},"modified":"2025-12-31T02:40:07","modified_gmt":"2025-12-31T02:40:07","slug":"wholesale-concealed-inset-cabinet-hinges","status":"publish","type":"product","link":"https:\/\/www.mrhardwares.com\/es\/product\/wholesale-concealed-inset-cabinet-hinges\/","title":{"rendered":"Mayorista Bisagras ocultas para armarios empotrados para proyectos de fabricaci\u00f3n de muebles"},"content":{"rendered":"<h3 class=\"wp-block-heading\">Caracter\u00edsticas de las bisagras ocultas para armarios empotrados<\/h3><ul class=\"wp-block-list\"><li><strong>Dise\u00f1o elegante e invisible:<\/strong> Cuando la puerta del armario est\u00e1 cerrada, estas bisagras ocultas para armarios empotrados quedan completamente ocultas, mejorando la calidad est\u00e9tica de la cocina, el armario y otros muebles al eliminar los herrajes visibles.<\/li>\n\n<li><strong>Alineaci\u00f3n precisa incrustada:<\/strong> Estas bisagras est\u00e1n dise\u00f1adas espec\u00edficamente para puertas de armarios empotradas, lo que permite que las puertas encajen perfectamente en el marco del armario.<\/li>\n\n<li><strong>Ajustable: <\/strong>Nuestras bisagras para armarios empotrados conceptualizadas al por mayor ofrecen opciones de ajuste tridimensional, incluidas la altura, la profundidad y la alineaci\u00f3n izquierda-derecha.<\/li>\n\n<li><strong>Amplia compatibilidad: <\/strong>Estas bisagras est\u00e1n dise\u00f1adas para adaptarse a varios tipos de armarios, adecuados para armarios de cocina, tocadores de ba\u00f1o, armarios, muebles de oficina y proyectos de muebles a medida.<\/li>\n\n<li><strong>B2B amigable y rentable: <\/strong>Estas bisagras se venden en cantidades al por mayor, lo que supone una soluci\u00f3n econ\u00f3mica para fabricantes y mayoristas de muebles.<\/li><\/ul>","protected":false},"excerpt":{"rendered":"<p><strong>Precio: US $0.15\/pc<\/strong><\/p>\n<p>Adquiera bisagras ocultas para armarios empotrados. Estas bisagras cuentan con un fiable mecanismo de cierre suave y quedan completamente ocultas durante la instalaci\u00f3n, proporcionando un aspecto elegante y sin juntas. Compatibles con una amplia variedad de armarios de cocina, armarios empotrados, muebles de oficina y armarios a medida. P\u00f3ngase en contacto con nosotros para solicitar un presupuesto al por mayor.<\/p>\n<h2>Especificaciones de las bisagras ocultas para armarios empotrados<\/h2>\n<table border=\"0\" cellspacing=\"0\" cellpadding=\"0\">\n<tbody style=\"font-size: 12px; border: 1px solid #ccc; overflow: hidden;\">\n<tr style=\"line-height: 1.4;\">\n<td style=\"width: 33%;\" width=\"36\" height=\"30\"><strong>Especificaci\u00f3n<\/strong><\/td>\n<td style=\"width: 67%;\" width=\"72\"><strong>Detalles<\/strong><\/td>\n<\/tr>\n<tr style=\"line-height: 1.4;\">\n<td style=\"width: 33%;\" width=\"36\" height=\"30\"><strong>N\u00famero de modelo<\/strong><\/td>\n<td style=\"width: 67%;\" width=\"72\">MR-DTZ3<\/td>\n<\/tr>\n<tr style=\"line-height: 1.4;\">\n<td style=\"width: 33%;\" width=\"36\" height=\"30\"><strong>Material de la bisagra<\/strong><\/td>\n<td style=\"width: 67%;\" width=\"72\">Acero inoxidable o acero laminado en fr\u00edo<\/td>\n<\/tr>\n<tr style=\"line-height: 1.4;\">\n<td style=\"width: 33%;\" width=\"36\" height=\"30\"><strong>Tipo de bisagra<\/strong><\/td>\n<td style=\"width: 67%;\" width=\"72\">Bisagra para armario empotrado de cierre suave<\/td>\n<\/tr>\n<tr style=\"line-height: 1.4;\">\n<td style=\"width: 33%;\" width=\"36\" height=\"60\"><strong>Escenarios aplicables<\/strong><\/td>\n<td style=\"width: 67%;\" width=\"72\">Armario, armario, estanter\u00eda, armario de ba\u00f1o, etc.<\/td>\n<\/tr>\n<tr style=\"line-height: 1.4;\">\n<td style=\"width: 33%;\" width=\"36\" height=\"50\"><strong>Servicio OEM y ODM<\/strong><\/td>\n<td style=\"width: 67%;\" width=\"72\">Admite una personalizaci\u00f3n sencilla y una personalizaci\u00f3n profunda<\/td>\n<\/tr>\n<\/tbody>\n<\/table>\n<p>&nbsp;<\/p>\n<p>\n<script src=\"chrome-extension:\/\/fpelahbljekknahkcaegamhcndkfpfnc\/iFrame.js\" type=\"text\/javascript\"><\/script><\/p>","protected":false},"featured_media":1432,"comment_status":"closed","ping_status":"closed","template":"","meta":{"_acf_changed":false},"product_brand":[],"product_cat":[27],"product_tag":[],"class_list":{"0":"post-1440","1":"product","2":"type-product","3":"status-publish","4":"has-post-thumbnail","6":"product_cat-wholesale-inset-cabinet-hinges","8":"first","9":"instock","10":"shipping-taxable","11":"product-type-simple"},"acf":[],"_links":{"self":[{"href":"https:\/\/www.mrhardwares.com\/es\/wp-json\/wp\/v2\/product\/1440","targetHints":{"allow":["GET"]}}],"collection":[{"href":"https:\/\/www.mrhardwares.com\/es\/wp-json\/wp\/v2\/product"}],"about":[{"href":"https:\/\/www.mrhardwares.com\/es\/wp-json\/wp\/v2\/types\/product"}],"replies":[{"embeddable":true,"href":"https:\/\/www.mrhardwares.com\/es\/wp-json\/wp\/v2\/comments?post=1440"}],"wp:featuredmedia":[{"embeddable":true,"href":"https:\/\/www.mrhardwares.com\/es\/wp-json\/wp\/v2\/media\/1432"}],"wp:attachment":[{"href":"https:\/\/www.mrhardwares.com\/es\/wp-json\/wp\/v2\/media?parent=1440"}],"wp:term":[{"taxonomy":"product_brand","embeddable":true,"href":"https:\/\/www.mrhardwares.com\/es\/wp-json\/wp\/v2\/product_brand?post=1440"},{"taxonomy":"product_cat","embeddable":true,"href":"https:\/\/www.mrhardwares.com\/es\/wp-json\/wp\/v2\/product_cat?post=1440"},{"taxonomy":"product_tag","embeddable":true,"href":"https:\/\/www.mrhardwares.com\/es\/wp-json\/wp\/v2\/product_tag?post=1440"}],"curies":[{"name":"wp","href":"https:\/\/api.w.org\/{rel}","templated":true}]}}