{"id":1499,"date":"2025-09-08T08:11:40","date_gmt":"2025-09-08T08:11:40","guid":{"rendered":"https:\/\/www.mrhardwares.com\/?post_type=product&#038;p=1499"},"modified":"2025-09-08T08:26:57","modified_gmt":"2025-09-08T08:26:57","slug":"wholesale-clip-on-hinges-for-furniture-manufacturer","status":"publish","type":"product","link":"https:\/\/www.mrhardwares.com\/es\/product\/wholesale-clip-on-hinges-for-furniture-manufacturer\/","title":{"rendered":"Mayorista Bisagras de clip - Adecuadas para que las empresas de muebles las utilicen por lotes"},"content":{"rendered":"<h3 class=\"wp-block-heading\">Caracter\u00edsticas de las bisagras con clip<\/h3><ul class=\"wp-block-list\"><li><strong>Montaje y desmontaje sin herramientas:<\/strong> Las bisagras con clip permiten montar y desmontar r\u00e1pidamente las puertas de los armarios sin necesidad de tornillos ni herramientas, por lo que el montaje y el mantenimiento resultan m\u00e1s r\u00e1pidos y c\u00f3modos.<\/li>\n\n<li><strong>Alineaci\u00f3n ajustable: <\/strong>Las bisagras con clip ofrecen un ajuste multidireccional, lo que garantiza una alineaci\u00f3n precisa de la puerta y una separaci\u00f3n uniforme entre puertas.<\/li>\n\n<li>F\u00e1cil extracci\u00f3n: Las bisagras con clip permiten desmontar y volver a instalar las puertas f\u00e1cilmente, lo que simplifica el mantenimiento o la remodelaci\u00f3n del armario.<\/li>\n\n<li><strong>Rentable:<\/strong> Las bisagras de clip reducen el tiempo de mano de obra durante el montaje de los muebles, lo que las convierte en una opci\u00f3n econ\u00f3mica para los fabricantes.<\/li>\n\n<li><strong>Normas de calidad y certificaciones: <\/strong>Nuestros productos de bisagra cumplen estrictamente las normas y certificaciones internacionales, incluidas las pruebas ISO, CE y SGS, para satisfacer las demandas del mercado mundial.<\/li><\/ul><h3 class=\"wp-block-heading\">Par\u00e1metros de aplicaci\u00f3n e instalaci\u00f3n de la bisagra \u042435mm<\/h3><p><strong>H = <\/strong>Altura de la base de la bisagra<br><strong>D = <\/strong>Revestimiento necesario en el panel lateral<br><strong>K = <\/strong>Distancia entre el canto de la puerta y los taladros de la cazoleta de la bisagra<br><strong>A = <\/strong>Hueco entre la puerta y el panel lateral<\/p><figure class=\"wp-block-image size-full\"><img decoding=\"async\" width=\"1600\" height=\"1200\" src=\"https:\/\/www.mrhardwares.com\/wp-content\/uploads\/2025\/09\/details-of-clip-on-hinges.webp\" alt=\"detalles de las bisagras con clip\" class=\"wp-image-1502\" srcset=\"https:\/\/www.mrhardwares.com\/wp-content\/uploads\/2025\/09\/details-of-clip-on-hinges.webp 1600w, https:\/\/www.mrhardwares.com\/wp-content\/uploads\/2025\/09\/details-of-clip-on-hinges-300x225.webp 300w, https:\/\/www.mrhardwares.com\/wp-content\/uploads\/2025\/09\/details-of-clip-on-hinges-768x576.webp 768w, https:\/\/www.mrhardwares.com\/wp-content\/uploads\/2025\/09\/details-of-clip-on-hinges-16x12.webp 16w, https:\/\/www.mrhardwares.com\/wp-content\/uploads\/2025\/09\/details-of-clip-on-hinges-1200x900.webp 1200w, https:\/\/www.mrhardwares.com\/wp-content\/uploads\/2025\/09\/details-of-clip-on-hinges-600x450.webp 600w\" sizes=\"(max-width: 1600px) 100vw, 1600px\" \/><\/figure>","protected":false},"excerpt":{"rendered":"<p>Nuestras bisagras de clip ofrecen la combinaci\u00f3n perfecta de comodidad, precisi\u00f3n y calidad. Su montaje y desmontaje sin herramientas agiliza y facilita el montaje y mantenimiento de armarios, ahorrando tiempo de mano de obra y haci\u00e9ndolas ideales para la producci\u00f3n de muebles a gran escala. P\u00f3ngase en contacto con nosotros para solicitar un presupuesto.<\/p>\n<h2>Especificaciones de las bisagras de clip<\/h2>\n<table border=\"0\" cellspacing=\"0\" cellpadding=\"0\">\n<tbody style=\"font-size: 14px; border: 1px solid #ccc; overflow: hidden;\">\n<tr style=\"line-height: 1.4;\">\n<td style=\"width: 33%;\" width=\"36\" height=\"30\"><strong>Especificaci\u00f3n<\/strong><\/td>\n<td style=\"width: 67%;\" width=\"72\"><strong>Detalles<\/strong><\/td>\n<\/tr>\n<tr style=\"line-height: 1.4;\">\n<td style=\"width: 33%;\" width=\"36\" height=\"30\"><strong>N\u00famero de modelo<\/strong><\/td>\n<td style=\"width: 67%;\" width=\"72\">818-A\uff0c 818-B\uff0c 818-C<\/td>\n<\/tr>\n<tr style=\"line-height: 1.4;\">\n<td style=\"width: 33%;\" width=\"36\" height=\"30\"><strong>Material de la bisagra<\/strong><\/td>\n<td style=\"width: 67%;\" width=\"72\">Acero inoxidable<\/td>\n<\/tr>\n<tr style=\"line-height: 1.4;\">\n<td style=\"width: 33%;\" width=\"36\" height=\"30\"><strong>Tipo de bisagra<\/strong><\/td>\n<td style=\"width: 67%;\" width=\"72\">Bisagra amortiguadora<\/td>\n<\/tr>\n<tr style=\"line-height: 1.4;\">\n<td style=\"width: 33%;\" width=\"36\" height=\"30\"><strong>\u00c1ngulo de apertura<\/strong><\/td>\n<td style=\"width: 67%;\" width=\"72\">105\u00b0<\/td>\n<\/tr>\n<tr style=\"line-height: 1.4;\">\n<td style=\"width: 33%;\" width=\"36\" height=\"40\"><strong>Di\u00e1metro de la bisagra<\/strong><\/td>\n<td style=\"width: 67%;\" width=\"72\">35 mm<\/td>\n<\/tr>\n<tr style=\"line-height: 1.4;\">\n<td style=\"width: 33%;\" width=\"36\" height=\"40\"><strong>Profundidad de la copa de la bisagra<\/strong><\/td>\n<td style=\"width: 67%;\" width=\"72\">11,3 mm<\/td>\n<\/tr>\n<tr style=\"line-height: 1.4;\">\n<td style=\"width: 33%;\" width=\"36\" height=\"30\"><strong>Espesor de la puerta<\/strong><\/td>\n<td style=\"width: 67%;\" width=\"72\">13-23 mm<\/td>\n<\/tr>\n<tr style=\"line-height: 1.4;\">\n<td style=\"width: 33%;\" width=\"36\" height=\"60\"><strong>Escenarios aplicables<\/strong><\/td>\n<td style=\"width: 67%;\" width=\"72\">Armario, armario, estanter\u00eda, armario de ba\u00f1o, etc.<\/td>\n<\/tr>\n<tr style=\"line-height: 1.4;\">\n<td style=\"width: 33%;\" width=\"36\" height=\"50\"><strong>Servicio OEM y ODM<\/strong><\/td>\n<td style=\"width: 67%;\" width=\"72\">Admite una personalizaci\u00f3n sencilla y una personalizaci\u00f3n profunda<\/td>\n<\/tr>\n<\/tbody>\n<\/table>\n<p>\n<script src=\"chrome-extension:\/\/fpelahbljekknahkcaegamhcndkfpfnc\/iFrame.js\" type=\"text\/javascript\"><\/script><\/p>","protected":false},"featured_media":1501,"comment_status":"closed","ping_status":"closed","template":"","meta":{"_acf_changed":false},"product_brand":[],"product_cat":[29],"product_tag":[],"class_list":{"0":"post-1499","1":"product","2":"type-product","3":"status-publish","4":"has-post-thumbnail","6":"product_cat-wholesale-clip-on-hinges","8":"first","9":"instock","10":"shipping-taxable","11":"product-type-simple"},"acf":[],"_links":{"self":[{"href":"https:\/\/www.mrhardwares.com\/es\/wp-json\/wp\/v2\/product\/1499","targetHints":{"allow":["GET"]}}],"collection":[{"href":"https:\/\/www.mrhardwares.com\/es\/wp-json\/wp\/v2\/product"}],"about":[{"href":"https:\/\/www.mrhardwares.com\/es\/wp-json\/wp\/v2\/types\/product"}],"replies":[{"embeddable":true,"href":"https:\/\/www.mrhardwares.com\/es\/wp-json\/wp\/v2\/comments?post=1499"}],"wp:featuredmedia":[{"embeddable":true,"href":"https:\/\/www.mrhardwares.com\/es\/wp-json\/wp\/v2\/media\/1501"}],"wp:attachment":[{"href":"https:\/\/www.mrhardwares.com\/es\/wp-json\/wp\/v2\/media?parent=1499"}],"wp:term":[{"taxonomy":"product_brand","embeddable":true,"href":"https:\/\/www.mrhardwares.com\/es\/wp-json\/wp\/v2\/product_brand?post=1499"},{"taxonomy":"product_cat","embeddable":true,"href":"https:\/\/www.mrhardwares.com\/es\/wp-json\/wp\/v2\/product_cat?post=1499"},{"taxonomy":"product_tag","embeddable":true,"href":"https:\/\/www.mrhardwares.com\/es\/wp-json\/wp\/v2\/product_tag?post=1499"}],"curies":[{"name":"wp","href":"https:\/\/api.w.org\/{rel}","templated":true}]}}