{"id":1676,"date":"2025-11-24T02:01:45","date_gmt":"2025-11-24T02:01:45","guid":{"rendered":"https:\/\/www.mrhardwares.com\/?post_type=product&#038;p=1676"},"modified":"2025-12-31T02:51:58","modified_gmt":"2025-12-31T02:51:58","slug":"wholesale-half-overlay-cabinet-hinges","status":"publish","type":"product","link":"https:\/\/www.mrhardwares.com\/es\/product\/wholesale-half-overlay-cabinet-hinges\/","title":{"rendered":"Mayorista Bisagras de Armario - MR-F4A2, Adecuadas para Armarios, Armarios de Ba\u00f1o y Armarios de Cocina"},"content":{"rendered":"<h3 class=\"wp-block-heading\">Caracter\u00edsticas de las bisagras de armario de media capa<\/h3><p><strong>Compatibilidad de instalaci\u00f3n flexible: <\/strong>Dise\u00f1ada espec\u00edficamente para aplicaciones de medio recubrimiento, esta bisagra ofrece generosas tolerancias de instalaci\u00f3n y una excelente compatibilidad con distintos tipos de paneles<\/p><p><strong>Movimiento de puerta que ahorra espacio:<\/strong> Como la puerta s\u00f3lo cubre la mitad del panel lateral del armario, requiere menos espacio libre interior durante la apertura. De este modo se evita la colisi\u00f3n con paredes o muebles adyacentes.<\/p><p><strong>Muy utilizado: <\/strong>Ampliamente utilizado en armarios de dormitorio, armarios de ba\u00f1o, armarios de cocina, armarios de oficina, muebles de hotel y otras aplicaciones.<\/p><p><strong>Venta directa de f\u00e1brica: <\/strong>Somos una <strong><a href=\"https:\/\/www.mrhardwares.com\/es\/\" target=\"_blank\" rel=\"noreferrer noopener\">f\u00e1brica profesional de bisagras para muebles<\/a><\/strong>, proporcionando precios de venta directa de f\u00e1brica, apoyando los servicios personalizados OEM&amp;ODM y ofreciendo soluciones exclusivas.<\/p>","protected":false},"excerpt":{"rendered":"<p><!-- wp:heading {\"level\":3} --><\/p>\n<p><strong>Precio: US $0.12\/pc<\/strong><\/p>\n<p>Mayorista de bisagras para armarios de media capa con funci\u00f3n de posicionamiento ajustable. Cuenta con tolerancia de instalaci\u00f3n flexible, fuerte capacidad de carga y rendimiento ajustable suave. Con precios de f\u00e1brica y suministro a granel, es una opci\u00f3n ideal para fabricantes de muebles, mayoristas y grandes proyectos. P\u00f3ngase en contacto con nosotros.<\/p>\n<h2>Especificaciones de las bisagras de armario de media capa<\/h2>\n<table border=\"0\" cellspacing=\"0\" cellpadding=\"0\">\n<tbody style=\"font-size: 12px; border: 1px solid #ccc; overflow: hidden;\">\n<tr style=\"line-height: 1.4;\">\n<td style=\"width: 33%;\" width=\"36\" height=\"30\"><strong>Especificaci\u00f3n<\/strong><\/td>\n<td style=\"width: 67%;\" width=\"72\"><strong>Detalles<\/strong><\/td>\n<\/tr>\n<tr style=\"line-height: 1.4;\">\n<td style=\"width: 33%;\" width=\"36\" height=\"30\"><strong>N\u00famero de modelo<\/strong><\/td>\n<td style=\"width: 67%;\" width=\"72\">MR-F4A2<\/td>\n<\/tr>\n<tr style=\"line-height: 1.4;\">\n<td style=\"width: 33%;\" width=\"36\" height=\"30\"><strong>Material de la bisagra<\/strong><\/td>\n<td style=\"width: 67%;\" width=\"72\">Acero inoxidable o acero laminado en fr\u00edo<\/td>\n<\/tr>\n<tr style=\"line-height: 1.4;\">\n<td style=\"width: 33%;\" width=\"36\" height=\"30\"><strong>Tipo de bisagra<\/strong><\/td>\n<td style=\"width: 67%;\" width=\"72\">Media bisagra superpuesta<\/td>\n<\/tr>\n<tr style=\"line-height: 1.4;\">\n<td style=\"width: 33%;\" width=\"36\" height=\"60\"><strong>Escenarios aplicables<\/strong><\/td>\n<td style=\"width: 67%;\" width=\"72\">Armario, armario, estanter\u00eda, armario de ba\u00f1o, etc.<\/td>\n<\/tr>\n<tr style=\"line-height: 1.4;\">\n<td style=\"width: 33%;\" width=\"36\" height=\"50\"><strong>Servicio OEM y ODM<\/strong><\/td>\n<td style=\"width: 67%;\" width=\"72\">Admite una personalizaci\u00f3n sencilla y una personalizaci\u00f3n profunda<\/td>\n<\/tr>\n<\/tbody>\n<\/table>\n<p>&nbsp;<\/p>\n<p><script src=\"chrome-extension:\/\/fpelahbljekknahkcaegamhcndkfpfnc\/iFrame.js\" type=\"text\/javascript\"><\/script><\/p>\n<p><script src=\"chrome-extension:\/\/fpelahbljekknahkcaegamhcndkfpfnc\/iFrame.js\" type=\"text\/javascript\"><\/script><\/p>\n<p>\n<script src=\"chrome-extension:\/\/fpelahbljekknahkcaegamhcndkfpfnc\/iFrame.js\" type=\"text\/javascript\"><\/script><\/p>","protected":false},"featured_media":1677,"comment_status":"closed","ping_status":"closed","template":"","meta":{"_acf_changed":false},"product_brand":[],"product_cat":[28],"product_tag":[],"class_list":{"0":"post-1676","1":"product","2":"type-product","3":"status-publish","4":"has-post-thumbnail","6":"product_cat-wholesale-half-overlay-cabinet-hinges","8":"first","9":"instock","10":"shipping-taxable","11":"product-type-simple"},"acf":[],"_links":{"self":[{"href":"https:\/\/www.mrhardwares.com\/es\/wp-json\/wp\/v2\/product\/1676","targetHints":{"allow":["GET"]}}],"collection":[{"href":"https:\/\/www.mrhardwares.com\/es\/wp-json\/wp\/v2\/product"}],"about":[{"href":"https:\/\/www.mrhardwares.com\/es\/wp-json\/wp\/v2\/types\/product"}],"replies":[{"embeddable":true,"href":"https:\/\/www.mrhardwares.com\/es\/wp-json\/wp\/v2\/comments?post=1676"}],"wp:featuredmedia":[{"embeddable":true,"href":"https:\/\/www.mrhardwares.com\/es\/wp-json\/wp\/v2\/media\/1677"}],"wp:attachment":[{"href":"https:\/\/www.mrhardwares.com\/es\/wp-json\/wp\/v2\/media?parent=1676"}],"wp:term":[{"taxonomy":"product_brand","embeddable":true,"href":"https:\/\/www.mrhardwares.com\/es\/wp-json\/wp\/v2\/product_brand?post=1676"},{"taxonomy":"product_cat","embeddable":true,"href":"https:\/\/www.mrhardwares.com\/es\/wp-json\/wp\/v2\/product_cat?post=1676"},{"taxonomy":"product_tag","embeddable":true,"href":"https:\/\/www.mrhardwares.com\/es\/wp-json\/wp\/v2\/product_tag?post=1676"}],"curies":[{"name":"wp","href":"https:\/\/api.w.org\/{rel}","templated":true}]}}