{"id":1686,"date":"2025-11-24T01:34:39","date_gmt":"2025-11-24T01:34:39","guid":{"rendered":"https:\/\/www.mrhardwares.com\/?post_type=product&#038;p=1686"},"modified":"2025-11-24T01:34:40","modified_gmt":"2025-11-24T01:34:40","slug":"wholesale-fixed-cabinet-hinges-durable-and-competitively-priced-626a-c","status":"publish","type":"product","link":"https:\/\/www.mrhardwares.com\/es\/product\/wholesale-fixed-cabinet-hinges-durable-and-competitively-priced-626a-c\/","title":{"rendered":"Mayorista Bisagras Fijas para Armarios, Duraderas y a Precios Competitivos (626A-C)"},"content":{"rendered":"<h3 class=\"wp-block-heading\">Caracter\u00edsticas de las bisagras fijas<\/h3><p><strong>Estructura estable de conexi\u00f3n fija: <\/strong>Fabricado con un dise\u00f1o de bisagra fija r\u00edgida, este modelo se monta de forma segura en la puerta del armario y el panel lateral mediante orificios pretaladrados y tornillos. El acoplamiento mec\u00e1nico entre el brazo de la bisagra y la base garantiza \u00e1ngulos de apertura controlados y uniformes.<\/p><p><strong>Funci\u00f3n de cierre autom\u00e1tico:<\/strong> El dise\u00f1o hidr\u00e1ulico de nuestra bisagra fija puede cerrar autom\u00e1tica y lentamente el panel de la puerta, evitando el impacto causado por el cierre r\u00e1pido del panel de la puerta, protegiendo los muebles y la propia bisagra, y alargando la vida \u00fatil.<\/p><p><strong>Capacidad de carga eficiente: <\/strong>El dise\u00f1o de bisagra fija puede soportar un gran peso y es adecuado para paneles de puertas pesadas, armarios y muebles de gama alta.<\/p><p><strong>Suministro directo de f\u00e1brica:<\/strong> Como <strong><a href=\"https:\/\/www.mrhardwares.com\/es\/\" target=\"_blank\" rel=\"noreferrer noopener\">fabricante de bisagras para muebles<\/a><\/strong>En la actualidad, somos capaces de ofrecer bisagras fijas al por mayor a precios competitivos. Este suministro de bisagras a granel se adapta a mayoristas, fabricantes de muebles y promotores inmobiliarios.<\/p><p><strong>Opciones de personalizaci\u00f3n: <\/strong>Apoyamos los servicios de personalizaci\u00f3n OEM y ODM, y podemos adaptar el tama\u00f1o y la funci\u00f3n de la bisagra seg\u00fan las necesidades del cliente para satisfacer necesidades personalizadas.<\/p><h3 class=\"wp-block-heading\">Par\u00e1metros de aplicaci\u00f3n e instalaci\u00f3n de la bisagra \u042435mm<\/h3><p><strong>H = <\/strong>Altura de la base de la bisagra<br><strong>D = <\/strong>Revestimiento necesario en el panel lateral<br><strong>K = <\/strong>Distancia entre el canto de la puerta y los taladros de la cazoleta de la bisagra<br><strong>A = <\/strong>Hueco entre la puerta y el panel lateral<\/p><figure class=\"wp-block-image size-full\"><img decoding=\"async\" width=\"1600\" height=\"1200\" src=\"https:\/\/www.mrhardwares.com\/wp-content\/uploads\/2024\/12\/Details-of-Hydraulic-Hinges.webp\" alt=\"Detalles de las bisagras hidr\u00e1ulicas\" class=\"wp-image-452\" srcset=\"https:\/\/www.mrhardwares.com\/wp-content\/uploads\/2024\/12\/Details-of-Hydraulic-Hinges.webp 1600w, https:\/\/www.mrhardwares.com\/wp-content\/uploads\/2024\/12\/Details-of-Hydraulic-Hinges-300x225.webp 300w, https:\/\/www.mrhardwares.com\/wp-content\/uploads\/2024\/12\/Details-of-Hydraulic-Hinges-768x576.webp 768w, https:\/\/www.mrhardwares.com\/wp-content\/uploads\/2024\/12\/Details-of-Hydraulic-Hinges-1200x900.webp 1200w, https:\/\/www.mrhardwares.com\/wp-content\/uploads\/2024\/12\/Details-of-Hydraulic-Hinges-600x450.webp 600w\" sizes=\"(max-width: 1600px) 100vw, 1600px\" \/><\/figure>","protected":false},"excerpt":{"rendered":"<p>Bisagras fijas personalizables al por mayor. Con un dise\u00f1o hidr\u00e1ulico, nuestras bisagras fijas pueden garantizar que el panel de la puerta se abra y se cierre de forma suave, lenta y silenciosa, mejorando la experiencia del usuario. Adecuadas para todo tipo de puertas de armarios y paneles de puertas de muebles. Como <a href=\"https:\/\/www.mrhardwares.com\/es\/\" target=\"_blank\" rel=\"noopener\"><strong>fabricante de bisagras para muebles,<\/strong><\/a> ofrecemos servicios de bisagras al por mayor y a medida. Bienvenido a contactar con nosotros.<\/p>\n<h2>Especificaciones de las bisagras fijas<\/h2>\n<table border=\"0\" cellspacing=\"0\" cellpadding=\"0\">\n<tbody style=\"font-size: 14px; border: 1px solid #ccc; overflow: hidden;\">\n<tr style=\"line-height: 1.4;\">\n<td style=\"width: 33%;\" width=\"36\" height=\"30\"><strong>Especificaci\u00f3n<\/strong><\/td>\n<td style=\"width: 67%;\" width=\"72\"><strong>Detalles<\/strong><\/td>\n<\/tr>\n<tr style=\"line-height: 1.4;\">\n<td style=\"width: 33%;\" width=\"36\" height=\"30\"><strong>N\u00famero de modelo<\/strong><\/td>\n<td style=\"width: 67%;\" width=\"72\">626-A\uff0c 626-B\uff0c 626-C<\/td>\n<\/tr>\n<tr style=\"line-height: 1.4;\">\n<td style=\"width: 33%;\" width=\"36\" height=\"30\"><strong>Material de la bisagra<\/strong><\/td>\n<td style=\"width: 67%;\" width=\"72\">Hierro<\/td>\n<\/tr>\n<tr style=\"line-height: 1.4;\">\n<td style=\"width: 33%;\" width=\"36\" height=\"30\"><strong>Tipo de bisagra<\/strong><\/td>\n<td style=\"width: 67%;\" width=\"72\">Bisagra amortiguadora, Bisagra fija<\/td>\n<\/tr>\n<tr style=\"line-height: 1.4;\">\n<td style=\"width: 33%;\" width=\"36\" height=\"30\"><strong>\u00c1ngulo de apertura<\/strong><\/td>\n<td style=\"width: 67%;\" width=\"72\">105\u00b0<\/td>\n<\/tr>\n<tr style=\"line-height: 1.4;\">\n<td style=\"width: 33%;\" width=\"36\" height=\"40\"><strong>Di\u00e1metro de la bisagra<\/strong><\/td>\n<td style=\"width: 67%;\" width=\"72\">35 mm<\/td>\n<\/tr>\n<tr style=\"line-height: 1.4;\">\n<td style=\"width: 33%;\" width=\"36\" height=\"40\"><strong>Profundidad de la copa de la bisagra<\/strong><\/td>\n<td style=\"width: 67%;\" width=\"72\">11,3 mm<\/td>\n<\/tr>\n<tr style=\"line-height: 1.4;\">\n<td style=\"width: 33%;\" width=\"36\" height=\"30\"><strong>Espesor de la puerta<\/strong><\/td>\n<td style=\"width: 67%;\" width=\"72\">13-23 mm<\/td>\n<\/tr>\n<tr style=\"line-height: 1.4;\">\n<td style=\"width: 33%;\" width=\"36\" height=\"60\"><strong>Escenarios aplicables<\/strong><\/td>\n<td style=\"width: 67%;\" width=\"72\">Armario, armario, estanter\u00eda, armario de ba\u00f1o, etc.<\/td>\n<\/tr>\n<tr style=\"line-height: 1.4;\">\n<td style=\"width: 33%;\" width=\"36\" height=\"50\"><strong>Servicio OEM y ODM<\/strong><\/td>\n<td style=\"width: 67%;\" width=\"72\">Admite una personalizaci\u00f3n sencilla y una personalizaci\u00f3n profunda<\/td>\n<\/tr>\n<\/tbody>\n<\/table>\n<p>\n<script src=\"chrome-extension:\/\/fpelahbljekknahkcaegamhcndkfpfnc\/iFrame.js\" type=\"text\/javascript\"><\/script><\/p>","protected":false},"featured_media":1687,"comment_status":"closed","ping_status":"closed","template":"","meta":{"_acf_changed":false},"product_brand":[],"product_cat":[30,16],"product_tag":[],"class_list":{"0":"post-1686","1":"product","2":"type-product","3":"status-publish","4":"has-post-thumbnail","6":"product_cat-wholesale-fixed-hinges","7":"product_cat-wholesale-soft-closing-hinges","9":"first","10":"instock","11":"shipping-taxable","12":"product-type-simple"},"acf":[],"_links":{"self":[{"href":"https:\/\/www.mrhardwares.com\/es\/wp-json\/wp\/v2\/product\/1686","targetHints":{"allow":["GET"]}}],"collection":[{"href":"https:\/\/www.mrhardwares.com\/es\/wp-json\/wp\/v2\/product"}],"about":[{"href":"https:\/\/www.mrhardwares.com\/es\/wp-json\/wp\/v2\/types\/product"}],"replies":[{"embeddable":true,"href":"https:\/\/www.mrhardwares.com\/es\/wp-json\/wp\/v2\/comments?post=1686"}],"wp:featuredmedia":[{"embeddable":true,"href":"https:\/\/www.mrhardwares.com\/es\/wp-json\/wp\/v2\/media\/1687"}],"wp:attachment":[{"href":"https:\/\/www.mrhardwares.com\/es\/wp-json\/wp\/v2\/media?parent=1686"}],"wp:term":[{"taxonomy":"product_brand","embeddable":true,"href":"https:\/\/www.mrhardwares.com\/es\/wp-json\/wp\/v2\/product_brand?post=1686"},{"taxonomy":"product_cat","embeddable":true,"href":"https:\/\/www.mrhardwares.com\/es\/wp-json\/wp\/v2\/product_cat?post=1686"},{"taxonomy":"product_tag","embeddable":true,"href":"https:\/\/www.mrhardwares.com\/es\/wp-json\/wp\/v2\/product_tag?post=1686"}],"curies":[{"name":"wp","href":"https:\/\/api.w.org\/{rel}","templated":true}]}}