{"id":386,"date":"2024-12-25T15:33:02","date_gmt":"2024-12-25T15:33:02","guid":{"rendered":"https:\/\/www.mrhardwares.com\/?post_type=product&#038;p=386"},"modified":"2025-01-06T14:50:31","modified_gmt":"2025-01-06T14:50:31","slug":"custom-concealed-soft-close-cabinet-hinges","status":"publish","type":"product","link":"https:\/\/www.mrhardwares.com\/es\/product\/custom-concealed-soft-close-cabinet-hinges\/","title":{"rendered":"Bisagras de gabinete de cierre suave ocultas de encargo al por mayor - bisagra multifuncional 3D\uff08698A-C\uff09"},"content":{"rendered":"<h3 class=\"wp-block-heading\">Caracter\u00edsticas de la bisagra oculta de cierre suave para armarios<\/h3><p><strong>Dise\u00f1o de amortiguaci\u00f3n: <\/strong>Esta bisagra de cierre suave para armarios est\u00e1 equipada con una funci\u00f3n de amortiguaci\u00f3n, que puede lograr un cierre lento, reducir el ruido, proteger la puerta del armario y la estructura de la bisagra, y proporcionar una mayor comodidad.<\/p><p><strong>Gran adaptabilidad:<\/strong> <\/p><ul class=\"wp-block-list\"><li>El \u00e1ngulo de apertura de esta bisagra de cierre suave para armarios es de 105\u00b0, lo que cumple los requisitos de uso de la mayor\u00eda de las puertas de armario y proporciona una buena comodidad.<\/li>\n\n<li>Adecuado para paneles de puertas con un grosor de 13-23 mm, que cubre la gama de grosores de los paneles de puertas de muebles corrientes.<\/li><\/ul><p><strong>Dise\u00f1o estandarizado: <\/strong>El di\u00e1metro de la copa de la bisagra es de 35 mm y la profundidad es de 11,3 mm, lo que cumple las normas generales de la industria y es f\u00e1cil de instalar y sustituir.<\/p><p><strong>Amplia aplicaci\u00f3n: <\/strong>Puede utilizarse ampliamente en diversos paneles de puertas de muebles como armarios, gabinetes, librer\u00edas, etc., satisfaciendo las necesidades de diversos escenarios como el hogar y la oficina.<\/p><h3 class=\"wp-block-heading\">Par\u00e1metros de aplicaci\u00f3n e instalaci\u00f3n de la bisagra \u042435mm<\/h3><p><strong>H = <\/strong>Altura de la base de la bisagra<br><strong>D = <\/strong>Revestimiento necesario en el panel lateral<br><strong>K = <\/strong>Distancia entre el canto de la puerta y los taladros de la cazoleta de la bisagra<br><strong>A = <\/strong>Hueco entre la puerta y el panel lateral<\/p><figure class=\"wp-block-image size-full\"><img decoding=\"async\" width=\"1600\" height=\"1200\" src=\"https:\/\/www.mrhardwares.com\/wp-content\/uploads\/2024\/12\/Details-of-Soft-Close-Cabinet-Hinge.webp\" alt=\"Detalles de la bisagra de cierre suave\" class=\"wp-image-391\" srcset=\"https:\/\/www.mrhardwares.com\/wp-content\/uploads\/2024\/12\/Details-of-Soft-Close-Cabinet-Hinge.webp 1600w, https:\/\/www.mrhardwares.com\/wp-content\/uploads\/2024\/12\/Details-of-Soft-Close-Cabinet-Hinge-300x225.webp 300w, https:\/\/www.mrhardwares.com\/wp-content\/uploads\/2024\/12\/Details-of-Soft-Close-Cabinet-Hinge-768x576.webp 768w, https:\/\/www.mrhardwares.com\/wp-content\/uploads\/2024\/12\/Details-of-Soft-Close-Cabinet-Hinge-1200x900.webp 1200w, https:\/\/www.mrhardwares.com\/wp-content\/uploads\/2024\/12\/Details-of-Soft-Close-Cabinet-Hinge-600x450.webp 600w\" sizes=\"(max-width: 1600px) 100vw, 1600px\" \/><\/figure>","protected":false},"excerpt":{"rendered":"<p>Bisagras personalizadas al por mayor, esta bisagra de gabinete de cierre suave oculta personalizada tiene una funci\u00f3n de cierre silencioso, asegurando que la puerta del gabinete se abra y cierre suave y silenciosamente, y el dise\u00f1o oculto proporciona una apariencia simple y hermosa mientras maximiza el ahorro de espacio. Como fabricante de bisagras, apoyamos los servicios oem y odm y le ofrecemos precios competitivos, bienvenido a contactarnos.<\/p>\n<h2>Especificaciones de la bisagra para armario de cierre suave oculta a medida<\/h2>\n<table border=\"0\" cellspacing=\"0\" cellpadding=\"0\">\n<tbody style=\"font-size: 14px; border: 1px solid #ccc; overflow: hidden;\">\n<tr style=\"line-height: 1.4;\">\n<td style=\"width: 33%;\" width=\"36\" height=\"30\"><strong>Especificaci\u00f3n<\/strong><\/td>\n<td style=\"width: 67%;\" width=\"72\"><strong>Detalles<\/strong><\/td>\n<\/tr>\n<tr style=\"line-height: 1.4;\">\n<td style=\"width: 33%;\" width=\"36\" height=\"30\"><strong>N\u00famero de modelo<\/strong><\/td>\n<td style=\"width: 67%;\" width=\"72\">698A, 698B, 698C<\/td>\n<\/tr>\n<tr style=\"line-height: 1.4;\">\n<td style=\"width: 33%;\" width=\"36\" height=\"30\"><strong>Material de la bisagra<\/strong><\/td>\n<td style=\"width: 67%;\" width=\"72\">Hierro<\/td>\n<\/tr>\n<tr style=\"line-height: 1.4;\">\n<td style=\"width: 33%;\" width=\"36\" height=\"30\"><strong>Tipo de bisagra<\/strong><\/td>\n<td style=\"width: 67%;\" width=\"72\">Bisagra amortiguadora<\/td>\n<\/tr>\n<tr style=\"line-height: 1.4;\">\n<td style=\"width: 33%;\" width=\"36\" height=\"30\"><strong>\u00c1ngulo de apertura<\/strong><\/td>\n<td style=\"width: 67%;\" width=\"72\">105\u00b0<\/td>\n<\/tr>\n<tr style=\"line-height: 1.4;\">\n<td style=\"width: 33%;\" width=\"36\" height=\"40\"><strong>Di\u00e1metro de la bisagra<\/strong><\/td>\n<td style=\"width: 67%;\" width=\"72\">35 mm<\/td>\n<\/tr>\n<tr style=\"line-height: 1.4;\">\n<td style=\"width: 33%;\" width=\"36\" height=\"40\"><strong>Profundidad de la copa de la bisagra<\/strong><\/td>\n<td style=\"width: 67%;\" width=\"72\">11,3 mm<\/td>\n<\/tr>\n<tr style=\"line-height: 1.4;\">\n<td style=\"width: 33%;\" width=\"36\" height=\"30\"><strong>Espesor de la puerta<\/strong><\/td>\n<td style=\"width: 67%;\" width=\"72\">13-23 mm<\/td>\n<\/tr>\n<tr style=\"line-height: 1.4;\">\n<td style=\"width: 33%;\" width=\"36\" height=\"60\"><strong>Escenarios aplicables<\/strong><\/td>\n<td style=\"width: 67%;\" width=\"72\">Armario, armario, estanter\u00eda, armario de ba\u00f1o, etc.<\/td>\n<\/tr>\n<tr style=\"line-height: 1.4;\">\n<td style=\"width: 33%;\" width=\"36\" height=\"50\"><strong>Servicio OEM y ODM<\/strong><\/td>\n<td style=\"width: 67%;\" width=\"72\">Admite una personalizaci\u00f3n sencilla y una personalizaci\u00f3n profunda<\/td>\n<\/tr>\n<\/tbody>\n<\/table>","protected":false},"featured_media":392,"comment_status":"closed","ping_status":"closed","template":"","meta":{"_acf_changed":false},"product_brand":[],"product_cat":[16,17,19],"product_tag":[],"class_list":{"0":"post-386","1":"product","2":"type-product","3":"status-publish","4":"has-post-thumbnail","6":"product_cat-wholesale-soft-closing-hinges","7":"product_cat-wholesale-cabinet-hinges","8":"product_cat-wholesale-furniture-hinges","10":"first","11":"instock","12":"shipping-taxable","13":"product-type-simple"},"acf":[],"_links":{"self":[{"href":"https:\/\/www.mrhardwares.com\/es\/wp-json\/wp\/v2\/product\/386","targetHints":{"allow":["GET"]}}],"collection":[{"href":"https:\/\/www.mrhardwares.com\/es\/wp-json\/wp\/v2\/product"}],"about":[{"href":"https:\/\/www.mrhardwares.com\/es\/wp-json\/wp\/v2\/types\/product"}],"replies":[{"embeddable":true,"href":"https:\/\/www.mrhardwares.com\/es\/wp-json\/wp\/v2\/comments?post=386"}],"wp:featuredmedia":[{"embeddable":true,"href":"https:\/\/www.mrhardwares.com\/es\/wp-json\/wp\/v2\/media\/392"}],"wp:attachment":[{"href":"https:\/\/www.mrhardwares.com\/es\/wp-json\/wp\/v2\/media?parent=386"}],"wp:term":[{"taxonomy":"product_brand","embeddable":true,"href":"https:\/\/www.mrhardwares.com\/es\/wp-json\/wp\/v2\/product_brand?post=386"},{"taxonomy":"product_cat","embeddable":true,"href":"https:\/\/www.mrhardwares.com\/es\/wp-json\/wp\/v2\/product_cat?post=386"},{"taxonomy":"product_tag","embeddable":true,"href":"https:\/\/www.mrhardwares.com\/es\/wp-json\/wp\/v2\/product_tag?post=386"}],"curies":[{"name":"wp","href":"https:\/\/api.w.org\/{rel}","templated":true}]}}