{"id":417,"date":"2024-12-26T04:06:53","date_gmt":"2024-12-26T04:06:53","guid":{"rendered":"https:\/\/www.mrhardwares.com\/?post_type=product&#038;p=417"},"modified":"2025-01-06T14:51:58","modified_gmt":"2025-01-06T14:51:58","slug":"wholesale-custom-hinges-for-furniture","status":"publish","type":"product","link":"https:\/\/www.mrhardwares.com\/es\/product\/wholesale-custom-hinges-for-furniture\/","title":{"rendered":"Mayorista Bisagras personalizadas para muebles\uff0cBisagra fija de brazo corto de alta calidad\uff08816A-C\uff09"},"content":{"rendered":"<h3 class=\"wp-block-heading\">Caracter\u00edsticas de las bisagras para muebles<\/h3><p><strong>Gran durabilidad:<\/strong> Nuestras bisagras para muebles est\u00e1n fabricadas en acero inoxidable de alta calidad, que proporciona una excelente resistencia a la corrosi\u00f3n y durabilidad, y puede mantener la estabilidad y resistencia incluso con un uso prolongado y frecuentes aperturas y cierres.<\/p><p><strong>Altamente fiable: <\/strong>Las bisagras para muebles est\u00e1n bien dise\u00f1adas para garantizar que soporten cargas pesadas y no se deformen f\u00e1cilmente.<\/p><p><strong>Apertura y cierre sin problemas: <\/strong>Esta bisagra para muebles est\u00e1 equipada con una funci\u00f3n de amortiguaci\u00f3n, que puede lograr un cierre lento y reducir el ruido de impacto para una experiencia de uso m\u00e1s c\u00f3moda.<\/p><p><strong>Amplia aplicaci\u00f3n:<\/strong> Esta bisagra es adecuada para una gran variedad de proyectos de muebles, incluidos armarios, roperos, librer\u00edas, armarios de ba\u00f1o, etc., para satisfacer diferentes necesidades de dise\u00f1o de muebles.<\/p><p><strong>Soluciones de bisagras personalizadas:<\/strong> Como <strong><a href=\"https:\/\/www.mrhardwares.com\/es\/\">fabricante profesional de bisagras<\/a><\/strong>Ofrecemos una gran variedad de opciones personalizadas, como el tama\u00f1o, el color, la forma y el \u00e1ngulo de apertura, que pueden ajustarse seg\u00fan las necesidades espec\u00edficas de los clientes.<\/p><h3 class=\"wp-block-heading\">Par\u00e1metros de aplicaci\u00f3n e instalaci\u00f3n de la bisagra \u042435mm<\/h3><p><strong>H = <\/strong>Altura de la base de la bisagra<br><strong>D = <\/strong>Revestimiento necesario en el panel lateral<br><strong>K = <\/strong>Distancia entre el canto de la puerta y los taladros de la cazoleta de la bisagra<br><strong>A = <\/strong>Hueco entre la puerta y el panel lateral<\/p><figure class=\"wp-block-image size-full\"><img decoding=\"async\" width=\"1600\" height=\"1200\" src=\"https:\/\/www.mrhardwares.com\/wp-content\/uploads\/2024\/12\/details-of-custom-hinges-for-furniture.webp\" alt=\"detalles de bisagras a medida para muebles\" class=\"wp-image-419\" srcset=\"https:\/\/www.mrhardwares.com\/wp-content\/uploads\/2024\/12\/details-of-custom-hinges-for-furniture.webp 1600w, https:\/\/www.mrhardwares.com\/wp-content\/uploads\/2024\/12\/details-of-custom-hinges-for-furniture-300x225.webp 300w, https:\/\/www.mrhardwares.com\/wp-content\/uploads\/2024\/12\/details-of-custom-hinges-for-furniture-768x576.webp 768w, https:\/\/www.mrhardwares.com\/wp-content\/uploads\/2024\/12\/details-of-custom-hinges-for-furniture-1200x900.webp 1200w, https:\/\/www.mrhardwares.com\/wp-content\/uploads\/2024\/12\/details-of-custom-hinges-for-furniture-600x450.webp 600w\" sizes=\"(max-width: 1600px) 100vw, 1600px\" \/><\/figure>","protected":false},"excerpt":{"rendered":"<p>Bisagras personalizadas al por mayor para muebles, nuestras bisagras personalizadas de alta calidad para muebles, adecuadas para armarios, roperos y otros dise\u00f1os dom\u00e9sticos, mediante un dise\u00f1o preciso y materiales de alta calidad, garantizan que cada detalle se ajuste perfectamente a su proyecto. Bienvenido a contactar con nosotros.<\/p>\n<h2>Especificaciones de las bisagras para muebles<\/h2>\n<table border=\"0\" cellspacing=\"0\" cellpadding=\"0\">\n<tbody style=\"font-size: 14px; border: 1px solid #ccc; overflow: hidden;\">\n<tr style=\"line-height: 1.4;\">\n<td style=\"width: 33%;\" width=\"36\" height=\"30\"><strong>Especificaci\u00f3n<\/strong><\/td>\n<td style=\"width: 67%;\" width=\"72\"><strong>Detalles<\/strong><\/td>\n<\/tr>\n<tr style=\"line-height: 1.4;\">\n<td style=\"width: 33%;\" width=\"36\" height=\"30\"><strong>N\u00famero de modelo<\/strong><\/td>\n<td style=\"width: 67%;\" width=\"72\">816 - A\uff0c 816 - B\uff0c 816 - C<\/td>\n<\/tr>\n<tr style=\"line-height: 1.4;\">\n<td style=\"width: 33%;\" width=\"36\" height=\"30\"><strong>Material de la bisagra<\/strong><\/td>\n<td style=\"width: 67%;\" width=\"72\">Acero inoxidable<\/td>\n<\/tr>\n<tr style=\"line-height: 1.4;\">\n<td style=\"width: 33%;\" width=\"36\" height=\"30\"><strong>Tipo de bisagra<\/strong><\/td>\n<td style=\"width: 67%;\" width=\"72\">Bisagra amortiguadora<\/td>\n<\/tr>\n<tr style=\"line-height: 1.4;\">\n<td style=\"width: 33%;\" width=\"36\" height=\"30\"><strong>\u00c1ngulo de apertura<\/strong><\/td>\n<td style=\"width: 67%;\" width=\"72\">105\u00b0<\/td>\n<\/tr>\n<tr style=\"line-height: 1.4;\">\n<td style=\"width: 33%;\" width=\"36\" height=\"40\"><strong>Di\u00e1metro de la bisagra<\/strong><\/td>\n<td style=\"width: 67%;\" width=\"72\">35 mm<\/td>\n<\/tr>\n<tr style=\"line-height: 1.4;\">\n<td style=\"width: 33%;\" width=\"36\" height=\"40\"><strong>Profundidad de la copa de la bisagra<\/strong><\/td>\n<td style=\"width: 67%;\" width=\"72\">11,3 mm<\/td>\n<\/tr>\n<tr style=\"line-height: 1.4;\">\n<td style=\"width: 33%;\" width=\"36\" height=\"30\"><strong>Espesor de la puerta<\/strong><\/td>\n<td style=\"width: 67%;\" width=\"72\">13-23 mm<\/td>\n<\/tr>\n<tr style=\"line-height: 1.4;\">\n<td style=\"width: 33%;\" width=\"36\" height=\"60\"><strong>Escenarios aplicables<\/strong><\/td>\n<td style=\"width: 67%;\" width=\"72\">Armario, armario, estanter\u00eda, armario de ba\u00f1o, etc.<\/td>\n<\/tr>\n<tr style=\"line-height: 1.4;\">\n<td style=\"width: 33%;\" width=\"36\" height=\"50\"><strong>Servicio OEM y ODM<\/strong><\/td>\n<td style=\"width: 67%;\" width=\"72\">Admite una personalizaci\u00f3n sencilla y una personalizaci\u00f3n profunda<\/td>\n<\/tr>\n<\/tbody>\n<\/table>","protected":false},"featured_media":418,"comment_status":"closed","ping_status":"closed","template":"","meta":{"_acf_changed":false},"product_brand":[],"product_cat":[16,17,19],"product_tag":[],"class_list":{"0":"post-417","1":"product","2":"type-product","3":"status-publish","4":"has-post-thumbnail","6":"product_cat-wholesale-soft-closing-hinges","7":"product_cat-wholesale-cabinet-hinges","8":"product_cat-wholesale-furniture-hinges","10":"first","11":"instock","12":"shipping-taxable","13":"product-type-simple"},"acf":[],"_links":{"self":[{"href":"https:\/\/www.mrhardwares.com\/es\/wp-json\/wp\/v2\/product\/417","targetHints":{"allow":["GET"]}}],"collection":[{"href":"https:\/\/www.mrhardwares.com\/es\/wp-json\/wp\/v2\/product"}],"about":[{"href":"https:\/\/www.mrhardwares.com\/es\/wp-json\/wp\/v2\/types\/product"}],"replies":[{"embeddable":true,"href":"https:\/\/www.mrhardwares.com\/es\/wp-json\/wp\/v2\/comments?post=417"}],"wp:featuredmedia":[{"embeddable":true,"href":"https:\/\/www.mrhardwares.com\/es\/wp-json\/wp\/v2\/media\/418"}],"wp:attachment":[{"href":"https:\/\/www.mrhardwares.com\/es\/wp-json\/wp\/v2\/media?parent=417"}],"wp:term":[{"taxonomy":"product_brand","embeddable":true,"href":"https:\/\/www.mrhardwares.com\/es\/wp-json\/wp\/v2\/product_brand?post=417"},{"taxonomy":"product_cat","embeddable":true,"href":"https:\/\/www.mrhardwares.com\/es\/wp-json\/wp\/v2\/product_cat?post=417"},{"taxonomy":"product_tag","embeddable":true,"href":"https:\/\/www.mrhardwares.com\/es\/wp-json\/wp\/v2\/product_tag?post=417"}],"curies":[{"name":"wp","href":"https:\/\/api.w.org\/{rel}","templated":true}]}}