{"id":421,"date":"2024-12-26T06:17:05","date_gmt":"2024-12-26T06:17:05","guid":{"rendered":"https:\/\/www.mrhardwares.com\/?post_type=product&#038;p=421"},"modified":"2025-01-06T14:52:32","modified_gmt":"2025-01-06T14:52:32","slug":"wholesale-cabinet-soft-close-hinges%ef%bc%8cthe-short-arm-hinge-self-detaching","status":"publish","type":"product","link":"https:\/\/www.mrhardwares.com\/es\/product\/wholesale-cabinet-soft-close-hinges\uff0cthe-short-arm-hinge-self-detaching\/","title":{"rendered":"Mayorista Bisagras de Cierre Suave para Armarios\uff0cBisagra de Brazo Corto Autodesmontable (818A - C)"},"content":{"rendered":"<h3 class=\"wp-block-heading\">Caracter\u00edsticas de las bisagras de cierre suave para armarios<\/h3><p><strong>Dise\u00f1o de brazo corto: <\/strong>La bisagra de cierre suave para armarios adopta un dise\u00f1o de brazo corto, que hace que el panel de la puerta encaje en el armario de forma m\u00e1s compacta. Es adecuado para puertas de armarios en espacios peque\u00f1os, ahorrando espacio y realzando la belleza.<\/p><p><strong>Funci\u00f3n de autodescarga:<\/strong> Esta bisagra de cierre suave para armarios est\u00e1 equipada con una funci\u00f3n de autodescarga. Los usuarios pueden retirar r\u00e1pida y f\u00e1cilmente el panel de la puerta de la bisagra sin quitar los tornillos de fijaci\u00f3n. Es especialmente adecuada para lugares que deben desmontarse o limpiarse con regularidad para mejorar la eficacia del mantenimiento.<\/p><p><strong>F\u00e1cil de instalar: <\/strong>El sencillo proceso de instalaci\u00f3n reduce la complejidad de la instalaci\u00f3n y puede ahorrar tiempo y costes de mano de obra.<\/p><p><strong>Mejorar la experiencia de uso: <\/strong>Esta bisagra de cierre suave para armarios tiene la doble funci\u00f3n de autodescarga y cierre suave, lo que hace que la apertura y el cierre de la puerta del armario sean m\u00e1s suaves y silenciosos, y mejora la comodidad del uso diario.<\/p><h3 class=\"wp-block-heading\">Par\u00e1metros de aplicaci\u00f3n e instalaci\u00f3n de la bisagra \u042435mm<\/h3><p><strong>H = <\/strong>Altura de la base de la bisagra<br><strong>D = <\/strong>Revestimiento necesario en el panel lateral<br><strong>K = <\/strong>Distancia entre el canto de la puerta y los taladros de la cazoleta de la bisagra<br><strong>A = <\/strong>Hueco entre la puerta y el panel lateral<\/p><figure class=\"wp-block-image size-full\"><img decoding=\"async\" width=\"1600\" height=\"1200\" src=\"https:\/\/www.mrhardwares.com\/wp-content\/uploads\/2024\/12\/details-of-cabinet-soft-close-hinges.webp\" alt=\"detalles de las bisagras de cierre suave de los armarios\" class=\"wp-image-424\" srcset=\"https:\/\/www.mrhardwares.com\/wp-content\/uploads\/2024\/12\/details-of-cabinet-soft-close-hinges.webp 1600w, https:\/\/www.mrhardwares.com\/wp-content\/uploads\/2024\/12\/details-of-cabinet-soft-close-hinges-300x225.webp 300w, https:\/\/www.mrhardwares.com\/wp-content\/uploads\/2024\/12\/details-of-cabinet-soft-close-hinges-768x576.webp 768w, https:\/\/www.mrhardwares.com\/wp-content\/uploads\/2024\/12\/details-of-cabinet-soft-close-hinges-1200x900.webp 1200w, https:\/\/www.mrhardwares.com\/wp-content\/uploads\/2024\/12\/details-of-cabinet-soft-close-hinges-600x450.webp 600w\" sizes=\"(max-width: 1600px) 100vw, 1600px\" \/><\/figure>","protected":false},"excerpt":{"rendered":"<p>Bisagras de cierre suave para armarios personalizables al por mayor, hagan que sus muebles sean m\u00e1s modernos. Nuestras bisagras de cierre suave personalizadas no s\u00f3lo proporcionan una experiencia de cierre suave y silenciosa, reducen el ruido y el desgaste, sino que tambi\u00e9n mejoran la calidad general y la vida \u00fatil de los muebles. Mingrun fabricante de bisagras acepta compras al por mayor y personalizaci\u00f3n personalizada, recepci\u00f3n para entrarnos en contacto con para las cotizaciones de la f\u00e1brica.<\/p>\n<h2>Especificaciones de las bisagras de cierre suave para armarios<\/h2>\n<table border=\"0\" cellspacing=\"0\" cellpadding=\"0\">\n<tbody style=\"font-size: 14px; border: 1px solid #ccc; overflow: hidden;\">\n<tr style=\"line-height: 1.4;\">\n<td style=\"width: 33%;\" width=\"36\" height=\"30\"><strong>Especificaci\u00f3n<\/strong><\/td>\n<td style=\"width: 67%;\" width=\"72\"><strong>Detalles<\/strong><\/td>\n<\/tr>\n<tr style=\"line-height: 1.4;\">\n<td style=\"width: 33%;\" width=\"36\" height=\"30\"><strong>N\u00famero de modelo<\/strong><\/td>\n<td style=\"width: 67%;\" width=\"72\">818-A\uff0c 818-B\uff0c 818-C<\/td>\n<\/tr>\n<tr style=\"line-height: 1.4;\">\n<td style=\"width: 33%;\" width=\"36\" height=\"30\"><strong>Material de la bisagra<\/strong><\/td>\n<td style=\"width: 67%;\" width=\"72\">Acero inoxidable<\/td>\n<\/tr>\n<tr style=\"line-height: 1.4;\">\n<td style=\"width: 33%;\" width=\"36\" height=\"30\"><strong>Tipo de bisagra<\/strong><\/td>\n<td style=\"width: 67%;\" width=\"72\">Bisagra amortiguadora<\/td>\n<\/tr>\n<tr style=\"line-height: 1.4;\">\n<td style=\"width: 33%;\" width=\"36\" height=\"30\"><strong>\u00c1ngulo de apertura<\/strong><\/td>\n<td style=\"width: 67%;\" width=\"72\">105\u00b0<\/td>\n<\/tr>\n<tr style=\"line-height: 1.4;\">\n<td style=\"width: 33%;\" width=\"36\" height=\"40\"><strong>Di\u00e1metro de la bisagra<\/strong><\/td>\n<td style=\"width: 67%;\" width=\"72\">35 mm<\/td>\n<\/tr>\n<tr style=\"line-height: 1.4;\">\n<td style=\"width: 33%;\" width=\"36\" height=\"40\"><strong>Profundidad de la copa de la bisagra<\/strong><\/td>\n<td style=\"width: 67%;\" width=\"72\">11,3 mm<\/td>\n<\/tr>\n<tr style=\"line-height: 1.4;\">\n<td style=\"width: 33%;\" width=\"36\" height=\"30\"><strong>Espesor de la puerta<\/strong><\/td>\n<td style=\"width: 67%;\" width=\"72\">13-23 mm<\/td>\n<\/tr>\n<tr style=\"line-height: 1.4;\">\n<td style=\"width: 33%;\" width=\"36\" height=\"60\"><strong>Escenarios aplicables<\/strong><\/td>\n<td style=\"width: 67%;\" width=\"72\">Armario, armario, estanter\u00eda, armario de ba\u00f1o, etc.<\/td>\n<\/tr>\n<tr style=\"line-height: 1.4;\">\n<td style=\"width: 33%;\" width=\"36\" height=\"50\"><strong>Servicio OEM y ODM<\/strong><\/td>\n<td style=\"width: 67%;\" width=\"72\">Admite una personalizaci\u00f3n sencilla y una personalizaci\u00f3n profunda<\/td>\n<\/tr>\n<\/tbody>\n<\/table>","protected":false},"featured_media":425,"comment_status":"closed","ping_status":"closed","template":"","meta":{"_acf_changed":false},"product_brand":[],"product_cat":[16,17,19],"product_tag":[],"class_list":{"0":"post-421","1":"product","2":"type-product","3":"status-publish","4":"has-post-thumbnail","6":"product_cat-wholesale-soft-closing-hinges","7":"product_cat-wholesale-cabinet-hinges","8":"product_cat-wholesale-furniture-hinges","10":"first","11":"instock","12":"shipping-taxable","13":"product-type-simple"},"acf":[],"_links":{"self":[{"href":"https:\/\/www.mrhardwares.com\/es\/wp-json\/wp\/v2\/product\/421","targetHints":{"allow":["GET"]}}],"collection":[{"href":"https:\/\/www.mrhardwares.com\/es\/wp-json\/wp\/v2\/product"}],"about":[{"href":"https:\/\/www.mrhardwares.com\/es\/wp-json\/wp\/v2\/types\/product"}],"replies":[{"embeddable":true,"href":"https:\/\/www.mrhardwares.com\/es\/wp-json\/wp\/v2\/comments?post=421"}],"wp:featuredmedia":[{"embeddable":true,"href":"https:\/\/www.mrhardwares.com\/es\/wp-json\/wp\/v2\/media\/425"}],"wp:attachment":[{"href":"https:\/\/www.mrhardwares.com\/es\/wp-json\/wp\/v2\/media?parent=421"}],"wp:term":[{"taxonomy":"product_brand","embeddable":true,"href":"https:\/\/www.mrhardwares.com\/es\/wp-json\/wp\/v2\/product_brand?post=421"},{"taxonomy":"product_cat","embeddable":true,"href":"https:\/\/www.mrhardwares.com\/es\/wp-json\/wp\/v2\/product_cat?post=421"},{"taxonomy":"product_tag","embeddable":true,"href":"https:\/\/www.mrhardwares.com\/es\/wp-json\/wp\/v2\/product_tag?post=421"}],"curies":[{"name":"wp","href":"https:\/\/api.w.org\/{rel}","templated":true}]}}