{"id":444,"date":"2024-12-27T03:51:07","date_gmt":"2024-12-27T03:51:07","guid":{"rendered":"https:\/\/www.mrhardwares.com\/?post_type=product&#038;p=444"},"modified":"2025-01-06T14:53:55","modified_gmt":"2025-01-06T14:53:55","slug":"wholesale-furniture-hardware-hinges","status":"publish","type":"product","link":"https:\/\/www.mrhardwares.com\/es\/product\/wholesale-furniture-hardware-hinges\/","title":{"rendered":"Venta al por mayor bisagras de cierre suave para muebles, bisagras de amortiguaci\u00f3n de acero inoxidable para la venta(876A-C)"},"content":{"rendered":"<h3 class=\"wp-block-heading\">Caracter\u00edsticas de las bisagras de herrajes para muebles<\/h3><p><strong>Cierre lento autom\u00e1tico:<\/strong> Las bisagras de herraje para muebles de cierre suave pueden ajustar autom\u00e1ticamente la velocidad de cierre, lograr un funcionamiento 100% silencioso y mejorar la experiencia del usuario.<\/p><p><strong>Gran \u00e1ngulo de apertura:<\/strong> El \u00e1ngulo de apertura de 105\u00b0 permite que el panel de la puerta se abra por completo, proporcionando m\u00e1s espacio de almacenamiento y acceso, especialmente adecuado para muebles de gran capacidad, como armarios y roperos.<\/p><p><strong>Requiere poco mantenimiento:<\/strong> En comparaci\u00f3n con las bisagras tradicionales, estas bisagras de herraje para muebles de cierre suave reducen el desgaste en el uso diario y reducen el coste de mantenimiento de las bisagras y los muebles.<\/p><p><strong>Precio de f\u00e1brica: <\/strong>Ofrecemos precios competitivos, adecuados para compras al por mayor y necesidades personalizadas, para satisfacer las necesidades de diversos fabricantes y mayoristas de muebles.<\/p><p><strong>Gran capacidad de personalizaci\u00f3n:<\/strong> Como fabricante de bisagras, adem\u00e1s de las bisagras est\u00e1ndar de herrajes para muebles, nuestras bisagras tambi\u00e9n pueden personalizarse en tama\u00f1o, funci\u00f3n y aspecto seg\u00fan las necesidades del cliente para satisfacer las necesidades de diferentes marcas y mercados de muebles.<\/p><h3 class=\"wp-block-heading\">Par\u00e1metros de aplicaci\u00f3n e instalaci\u00f3n de la bisagra \u042435mm<\/h3><p><strong>H = <\/strong>Altura de la base de la bisagra<br><strong>D = <\/strong>Revestimiento necesario en el panel lateral<br><strong>K = <\/strong>Distancia entre el canto de la puerta y los taladros de la cazoleta de la bisagra<br><strong>A = <\/strong>Hueco entre la puerta y el panel lateral<\/p><figure class=\"wp-block-image size-full\"><img decoding=\"async\" width=\"1600\" height=\"1200\" src=\"https:\/\/www.mrhardwares.com\/wp-content\/uploads\/2024\/12\/The-Detail-of-Furniture-Hardware-Hinges.webp\" alt=\"El detalle de las bisagras de herrajes para muebles\" class=\"wp-image-445\" srcset=\"https:\/\/www.mrhardwares.com\/wp-content\/uploads\/2024\/12\/The-Detail-of-Furniture-Hardware-Hinges.webp 1600w, https:\/\/www.mrhardwares.com\/wp-content\/uploads\/2024\/12\/The-Detail-of-Furniture-Hardware-Hinges-300x225.webp 300w, https:\/\/www.mrhardwares.com\/wp-content\/uploads\/2024\/12\/The-Detail-of-Furniture-Hardware-Hinges-768x576.webp 768w, https:\/\/www.mrhardwares.com\/wp-content\/uploads\/2024\/12\/The-Detail-of-Furniture-Hardware-Hinges-1200x900.webp 1200w, https:\/\/www.mrhardwares.com\/wp-content\/uploads\/2024\/12\/The-Detail-of-Furniture-Hardware-Hinges-600x450.webp 600w\" sizes=\"(max-width: 1600px) 100vw, 1600px\" \/><\/figure>","protected":false},"excerpt":{"rendered":"<p>Bisagras de herrajes para muebles al por mayor, adecuadas para diversas aplicaciones de muebles, como armarios de cocina, armarios, armarios de ba\u00f1o, etc. Con funci\u00f3n de cierre suave, es adecuado para familias con ni\u00f1os y ancianos, y mejora la seguridad. Reduce el desgaste en el uso diario y puede conseguir un mantenimiento de bajo coste. <strong>Soporte OEM y ODM personalizaci\u00f3n, bienvenido a contactar con nosotros para una cotizaci\u00f3n.<\/strong><\/p>\n<h2>Especificaciones de las bisagras de herrajes para muebles<\/h2>\n<table border=\"0\" cellspacing=\"0\" cellpadding=\"0\">\n<tbody style=\"font-size: 14px; border: 1px solid #ccc; overflow: hidden;\">\n<tr style=\"line-height: 1.4;\">\n<td style=\"width: 33%;\" width=\"36\" height=\"30\"><strong>Especificaci\u00f3n<\/strong><\/td>\n<td style=\"width: 67%;\" width=\"72\"><strong>Detalles<\/strong><\/td>\n<\/tr>\n<tr style=\"line-height: 1.4;\">\n<td style=\"width: 33%;\" width=\"36\" height=\"30\"><strong>N\u00famero de modelo<\/strong><\/td>\n<td style=\"width: 67%;\" width=\"72\">876 - A\uff0c 876 - B\uff0c 876 - C<\/td>\n<\/tr>\n<tr style=\"line-height: 1.4;\">\n<td style=\"width: 33%;\" width=\"36\" height=\"30\"><strong>Material de la bisagra<\/strong><\/td>\n<td style=\"width: 67%;\" width=\"72\">Acero inoxidable<\/td>\n<\/tr>\n<tr style=\"line-height: 1.4;\">\n<td style=\"width: 33%;\" width=\"36\" height=\"30\"><strong>Tipo de bisagra<\/strong><\/td>\n<td style=\"width: 67%;\" width=\"72\">Bisagra amortiguadora<\/td>\n<\/tr>\n<tr style=\"line-height: 1.4;\">\n<td style=\"width: 33%;\" width=\"36\" height=\"30\"><strong>\u00c1ngulo de apertura<\/strong><\/td>\n<td style=\"width: 67%;\" width=\"72\">105\u00b0<\/td>\n<\/tr>\n<tr style=\"line-height: 1.4;\">\n<td style=\"width: 33%;\" width=\"36\" height=\"40\"><strong>Di\u00e1metro de la bisagra<\/strong><\/td>\n<td style=\"width: 67%;\" width=\"72\">35 mm<\/td>\n<\/tr>\n<tr style=\"line-height: 1.4;\">\n<td style=\"width: 33%;\" width=\"36\" height=\"40\"><strong>Profundidad de la copa de la bisagra<\/strong><\/td>\n<td style=\"width: 67%;\" width=\"72\">11,3 mm<\/td>\n<\/tr>\n<tr style=\"line-height: 1.4;\">\n<td style=\"width: 33%;\" width=\"36\" height=\"30\"><strong>Espesor de la puerta<\/strong><\/td>\n<td style=\"width: 67%;\" width=\"72\">13-23 mm<\/td>\n<\/tr>\n<tr style=\"line-height: 1.4;\">\n<td style=\"width: 33%;\" width=\"36\" height=\"60\"><strong>Escenarios aplicables<\/strong><\/td>\n<td style=\"width: 67%;\" width=\"72\">Armario, armario, estanter\u00eda, armario de ba\u00f1o, etc.<\/td>\n<\/tr>\n<tr style=\"line-height: 1.4;\">\n<td style=\"width: 33%;\" width=\"36\" height=\"50\"><strong>Servicio OEM y ODM<\/strong><\/td>\n<td style=\"width: 67%;\" width=\"72\">Admite una personalizaci\u00f3n sencilla y una personalizaci\u00f3n profunda<\/td>\n<\/tr>\n<\/tbody>\n<\/table>","protected":false},"featured_media":446,"comment_status":"closed","ping_status":"closed","template":"","meta":{"_acf_changed":false},"product_brand":[],"product_cat":[16,17],"product_tag":[],"class_list":{"0":"post-444","1":"product","2":"type-product","3":"status-publish","4":"has-post-thumbnail","6":"product_cat-wholesale-soft-closing-hinges","7":"product_cat-wholesale-cabinet-hinges","9":"first","10":"instock","11":"shipping-taxable","12":"product-type-simple"},"acf":[],"_links":{"self":[{"href":"https:\/\/www.mrhardwares.com\/es\/wp-json\/wp\/v2\/product\/444","targetHints":{"allow":["GET"]}}],"collection":[{"href":"https:\/\/www.mrhardwares.com\/es\/wp-json\/wp\/v2\/product"}],"about":[{"href":"https:\/\/www.mrhardwares.com\/es\/wp-json\/wp\/v2\/types\/product"}],"replies":[{"embeddable":true,"href":"https:\/\/www.mrhardwares.com\/es\/wp-json\/wp\/v2\/comments?post=444"}],"wp:featuredmedia":[{"embeddable":true,"href":"https:\/\/www.mrhardwares.com\/es\/wp-json\/wp\/v2\/media\/446"}],"wp:attachment":[{"href":"https:\/\/www.mrhardwares.com\/es\/wp-json\/wp\/v2\/media?parent=444"}],"wp:term":[{"taxonomy":"product_brand","embeddable":true,"href":"https:\/\/www.mrhardwares.com\/es\/wp-json\/wp\/v2\/product_brand?post=444"},{"taxonomy":"product_cat","embeddable":true,"href":"https:\/\/www.mrhardwares.com\/es\/wp-json\/wp\/v2\/product_cat?post=444"},{"taxonomy":"product_tag","embeddable":true,"href":"https:\/\/www.mrhardwares.com\/es\/wp-json\/wp\/v2\/product_tag?post=444"}],"curies":[{"name":"wp","href":"https:\/\/api.w.org\/{rel}","templated":true}]}}