{"id":451,"date":"2024-12-27T04:32:44","date_gmt":"2024-12-27T04:32:44","guid":{"rendered":"https:\/\/www.mrhardwares.com\/?post_type=product&#038;p=451"},"modified":"2025-01-06T14:54:27","modified_gmt":"2025-01-06T14:54:27","slug":"wholesale-customizable-hydraulic-hinges","status":"publish","type":"product","link":"https:\/\/www.mrhardwares.com\/es\/product\/wholesale-customizable-hydraulic-hinges\/","title":{"rendered":"Bisagras hidr\u00e1ulicas de encargo al por mayor, convenientes para los gabinetes, puertas de los muebles(626A-C\uff09"},"content":{"rendered":"<h3 class=\"wp-block-heading\">Caracter\u00edsticas de las bisagras hidr\u00e1ulicas<\/h3><p><strong>Funci\u00f3n de cierre autom\u00e1tico:<\/strong> La bisagra hidr\u00e1ulica puede cerrar autom\u00e1tica y lentamente el panel de la puerta, evitando el impacto causado por el cierre r\u00e1pido del panel de la puerta, protegiendo los muebles y la propia bisagra, y alargando la vida \u00fatil.<\/p><p><strong>Capacidad de carga eficiente: <\/strong>El dise\u00f1o hidr\u00e1ulico de las bisagras puede soportar grandes pesos y es adecuado para paneles de puertas pesados, armarios y muebles de gama alta.<\/p><p><strong>Mayor seguridad: <\/strong>El mecanismo hidr\u00e1ulico reduce el riesgo de cierre repentino del panel de la puerta y aumenta la seguridad de uso.<\/p><p><strong>F\u00e1cil de instalar:<\/strong> Esta bisagra hidr\u00e1ulica tiene un dise\u00f1o sencillo y una instalaci\u00f3n r\u00e1pida, lo que reduce el tiempo de instalaci\u00f3n y mejora la eficacia. Es adecuada para compras al por mayor.<\/p><p><strong>Opciones de personalizaci\u00f3n: <\/strong>Apoyamos los servicios de personalizaci\u00f3n OEM y ODM, y podemos adaptar el tama\u00f1o y la funci\u00f3n de la bisagra seg\u00fan las necesidades del cliente para satisfacer necesidades personalizadas.<\/p><h3 class=\"wp-block-heading\">Par\u00e1metros de aplicaci\u00f3n e instalaci\u00f3n de la bisagra \u042435mm<\/h3><p><strong>H = <\/strong>Altura de la base de la bisagra<br><strong>D = <\/strong>Revestimiento necesario en el panel lateral<br><strong>K = <\/strong>Distancia entre el canto de la puerta y los taladros de la cazoleta de la bisagra<br><strong>A = <\/strong>Hueco entre la puerta y el panel lateral<\/p><figure class=\"wp-block-image size-full\"><img decoding=\"async\" width=\"1600\" height=\"1200\" src=\"https:\/\/www.mrhardwares.com\/wp-content\/uploads\/2024\/12\/Details-of-Hydraulic-Hinges.webp\" alt=\"Detalles de las bisagras hidr\u00e1ulicas\" class=\"wp-image-452\" srcset=\"https:\/\/www.mrhardwares.com\/wp-content\/uploads\/2024\/12\/Details-of-Hydraulic-Hinges.webp 1600w, https:\/\/www.mrhardwares.com\/wp-content\/uploads\/2024\/12\/Details-of-Hydraulic-Hinges-300x225.webp 300w, https:\/\/www.mrhardwares.com\/wp-content\/uploads\/2024\/12\/Details-of-Hydraulic-Hinges-768x576.webp 768w, https:\/\/www.mrhardwares.com\/wp-content\/uploads\/2024\/12\/Details-of-Hydraulic-Hinges-1200x900.webp 1200w, https:\/\/www.mrhardwares.com\/wp-content\/uploads\/2024\/12\/Details-of-Hydraulic-Hinges-600x450.webp 600w\" sizes=\"(max-width: 1600px) 100vw, 1600px\" \/><\/figure>","protected":false},"excerpt":{"rendered":"<p>Bisagras hidr\u00e1ulicas personalizables al por mayor, dise\u00f1o hidr\u00e1ulico, pueden asegurar que el panel de la puerta se abra y se cierre suave, lenta y silenciosamente, mejorando la experiencia del usuario. Adecuadas para todo tipo de puertas de armarios y paneles de puertas de muebles. Como fabricante de bisagras, ofrecemos servicios de bisagras al por mayor y personalizadas, bienvenido a contactarnos.<\/p>\n<h2>Especificaciones de las bisagras hidr\u00e1ulicas<\/h2>\n<table border=\"0\" cellspacing=\"0\" cellpadding=\"0\">\n<tbody style=\"font-size: 14px; border: 1px solid #ccc; overflow: hidden;\">\n<tr style=\"line-height: 1.4;\">\n<td style=\"width: 33%;\" width=\"36\" height=\"30\"><strong>Especificaci\u00f3n<\/strong><\/td>\n<td style=\"width: 67%;\" width=\"72\"><strong>Detalles<\/strong><\/td>\n<\/tr>\n<tr style=\"line-height: 1.4;\">\n<td style=\"width: 33%;\" width=\"36\" height=\"30\"><strong>N\u00famero de modelo<\/strong><\/td>\n<td style=\"width: 67%;\" width=\"72\">626-A\uff0c 626-B\uff0c 626-C<\/td>\n<\/tr>\n<tr style=\"line-height: 1.4;\">\n<td style=\"width: 33%;\" width=\"36\" height=\"30\"><strong>Material de la bisagra<\/strong><\/td>\n<td style=\"width: 67%;\" width=\"72\">Hierro<\/td>\n<\/tr>\n<tr style=\"line-height: 1.4;\">\n<td style=\"width: 33%;\" width=\"36\" height=\"30\"><strong>Tipo de bisagra<\/strong><\/td>\n<td style=\"width: 67%;\" width=\"72\">Bisagra amortiguadora<\/td>\n<\/tr>\n<tr style=\"line-height: 1.4;\">\n<td style=\"width: 33%;\" width=\"36\" height=\"30\"><strong>\u00c1ngulo de apertura<\/strong><\/td>\n<td style=\"width: 67%;\" width=\"72\">105\u00b0<\/td>\n<\/tr>\n<tr style=\"line-height: 1.4;\">\n<td style=\"width: 33%;\" width=\"36\" height=\"40\"><strong>Di\u00e1metro de la bisagra<\/strong><\/td>\n<td style=\"width: 67%;\" width=\"72\">35 mm<\/td>\n<\/tr>\n<tr style=\"line-height: 1.4;\">\n<td style=\"width: 33%;\" width=\"36\" height=\"40\"><strong>Profundidad de la copa de la bisagra<\/strong><\/td>\n<td style=\"width: 67%;\" width=\"72\">11,3 mm<\/td>\n<\/tr>\n<tr style=\"line-height: 1.4;\">\n<td style=\"width: 33%;\" width=\"36\" height=\"30\"><strong>Espesor de la puerta<\/strong><\/td>\n<td style=\"width: 67%;\" width=\"72\">13-23 mm<\/td>\n<\/tr>\n<tr style=\"line-height: 1.4;\">\n<td style=\"width: 33%;\" width=\"36\" height=\"60\"><strong>Escenarios aplicables<\/strong><\/td>\n<td style=\"width: 67%;\" width=\"72\">Armario, armario, estanter\u00eda, armario de ba\u00f1o, etc.<\/td>\n<\/tr>\n<tr style=\"line-height: 1.4;\">\n<td style=\"width: 33%;\" width=\"36\" height=\"50\"><strong>Servicio OEM y ODM<\/strong><\/td>\n<td style=\"width: 67%;\" width=\"72\">Admite una personalizaci\u00f3n sencilla y una personalizaci\u00f3n profunda<\/td>\n<\/tr>\n<\/tbody>\n<\/table>","protected":false},"featured_media":453,"comment_status":"closed","ping_status":"closed","template":"","meta":{"_acf_changed":false},"product_brand":[],"product_cat":[17,19,23],"product_tag":[],"class_list":{"0":"post-451","1":"product","2":"type-product","3":"status-publish","4":"has-post-thumbnail","6":"product_cat-wholesale-cabinet-hinges","7":"product_cat-wholesale-furniture-hinges","8":"product_cat-wholesale-hydraulic-hinges","10":"first","11":"instock","12":"shipping-taxable","13":"product-type-simple"},"acf":[],"_links":{"self":[{"href":"https:\/\/www.mrhardwares.com\/es\/wp-json\/wp\/v2\/product\/451","targetHints":{"allow":["GET"]}}],"collection":[{"href":"https:\/\/www.mrhardwares.com\/es\/wp-json\/wp\/v2\/product"}],"about":[{"href":"https:\/\/www.mrhardwares.com\/es\/wp-json\/wp\/v2\/types\/product"}],"replies":[{"embeddable":true,"href":"https:\/\/www.mrhardwares.com\/es\/wp-json\/wp\/v2\/comments?post=451"}],"wp:featuredmedia":[{"embeddable":true,"href":"https:\/\/www.mrhardwares.com\/es\/wp-json\/wp\/v2\/media\/453"}],"wp:attachment":[{"href":"https:\/\/www.mrhardwares.com\/es\/wp-json\/wp\/v2\/media?parent=451"}],"wp:term":[{"taxonomy":"product_brand","embeddable":true,"href":"https:\/\/www.mrhardwares.com\/es\/wp-json\/wp\/v2\/product_brand?post=451"},{"taxonomy":"product_cat","embeddable":true,"href":"https:\/\/www.mrhardwares.com\/es\/wp-json\/wp\/v2\/product_cat?post=451"},{"taxonomy":"product_tag","embeddable":true,"href":"https:\/\/www.mrhardwares.com\/es\/wp-json\/wp\/v2\/product_tag?post=451"}],"curies":[{"name":"wp","href":"https:\/\/api.w.org\/{rel}","templated":true}]}}