{"id":471,"date":"2024-12-27T10:33:21","date_gmt":"2024-12-27T10:33:21","guid":{"rendered":"https:\/\/www.mrhardwares.com\/?post_type=product&#038;p=471"},"modified":"2025-01-06T15:00:19","modified_gmt":"2025-01-06T15:00:19","slug":"wholesale-105-degree-soft-close-bathroom-cabinet-hinges","status":"publish","type":"product","link":"https:\/\/www.mrhardwares.com\/es\/product\/wholesale-105-degree-soft-close-bathroom-cabinet-hinges\/","title":{"rendered":"Venta al por mayor bisagras 105 grados, cierre suave bisagras del gabinete del cuarto de ba\u00f1o (836A-C), apoyo OEM y ODM"},"content":{"rendered":"<h3 class=\"wp-block-heading\">Caracter\u00edsticas de las bisagras de cierre suave para armarios de ba\u00f1o<\/h3><p><strong>\u00c1ngulo de apertura de 105\u00b0:<\/strong> Esta bisagra proporciona un amplio rango de apertura, lo que permite a los usuarios acceder f\u00e1cilmente a los elementos del armario, adecuado para una gran variedad de dise\u00f1os de muebles.<\/p><p><strong>Amplia aplicaci\u00f3n:<\/strong> Adecuadas como bisagras de armarios de ba\u00f1o, bisagras de armarios de cocina y otras bisagras de muebles, aptas para una gran variedad de usos en escenarios dom\u00e9sticos y comerciales.<\/p><p><strong>Mejorar la experiencia del usuario:<\/strong> El dise\u00f1o de la funci\u00f3n de cierre suave realza la textura y la experiencia de alta gama de los muebles, proporcionando a los usuarios una experiencia de uso m\u00e1s c\u00f3moda y conveniente.<br><br><strong>F\u00e1cil instalaci\u00f3n<\/strong><\/p><ul class=\"wp-block-list\"><li>Este dise\u00f1o de bisagra cumple con la apertura est\u00e1ndar de 35 mm de la cazoleta de la bisagra y es adecuado para puertas de armarios con un grosor de 13-23 mm, lo que resulta c\u00f3modo y r\u00e1pido de instalar.<\/li>\n\n<li>Los ajustes regulables hacen que la alineaci\u00f3n de la puerta del armario sea m\u00e1s precisa y garantizan un aspecto limpio y bonito.<\/li><\/ul><p><strong>Apoyo a la personalizaci\u00f3n<\/strong><\/p><ul class=\"wp-block-list\"><li>Ofrecen diversas opciones de personalizaci\u00f3n, como el tama\u00f1o, el tratamiento de la superficie, el grabado del logotipo, etc., para satisfacer diversas necesidades.<\/li>\n\n<li>Apoyar los servicios OEM y ODM para ofrecer soluciones a medida a mayoristas y minoristas.<\/li><\/ul><h2 class=\"wp-block-heading\"><\/h2><h3 class=\"wp-block-heading\">Par\u00e1metros de aplicaci\u00f3n e instalaci\u00f3n de la bisagra \u042435mm<\/h3><p><strong>H = <\/strong>Altura de la base de la bisagra<br><strong>D = <\/strong>Revestimiento necesario en el panel lateral<br><strong>K = <\/strong>Distancia entre el canto de la puerta y los taladros de la cazoleta de la bisagra<br><strong>A = <\/strong>Hueco entre la puerta y el panel lateral<\/p><figure class=\"wp-block-image size-full\"><img decoding=\"async\" width=\"1600\" height=\"1200\" src=\"https:\/\/www.mrhardwares.com\/wp-content\/uploads\/2024\/12\/Details-of-Soft-Close-Bathroom-Cabinet-Hinges.webp\" alt=\"Detalles de las bisagras de cierre suave para armarios de ba\u00f1o\" class=\"wp-image-474\" srcset=\"https:\/\/www.mrhardwares.com\/wp-content\/uploads\/2024\/12\/Details-of-Soft-Close-Bathroom-Cabinet-Hinges.webp 1600w, https:\/\/www.mrhardwares.com\/wp-content\/uploads\/2024\/12\/Details-of-Soft-Close-Bathroom-Cabinet-Hinges-300x225.webp 300w, https:\/\/www.mrhardwares.com\/wp-content\/uploads\/2024\/12\/Details-of-Soft-Close-Bathroom-Cabinet-Hinges-768x576.webp 768w, https:\/\/www.mrhardwares.com\/wp-content\/uploads\/2024\/12\/Details-of-Soft-Close-Bathroom-Cabinet-Hinges-1200x900.webp 1200w, https:\/\/www.mrhardwares.com\/wp-content\/uploads\/2024\/12\/Details-of-Soft-Close-Bathroom-Cabinet-Hinges-600x450.webp 600w\" sizes=\"(max-width: 1600px) 100vw, 1600px\" \/><\/figure><p><\/p>","protected":false},"excerpt":{"rendered":"<p>Bisagras para armarios de ba\u00f1o de cierre suave al por mayor, sistema de amortiguaci\u00f3n incorporado, con excelente rendimiento de amortiguaci\u00f3n y durabilidad. Adecuado para puertas de armarios con un espesor de 13-23mm, adecuado para todo tipo de muebles, tales como armarios, armarios de ba\u00f1o, armarios, etc. Dise\u00f1o estandarizado, m\u00e1s f\u00e1cil de instalar. Proporcionamos servicios profesionales oem y odm, es una opci\u00f3n ideal para mayoristas, minoristas y adquisici\u00f3n de proyectos. P\u00f3ngase en contacto con nosotros.<\/p>\n<h2>Especificaciones de las bisagras de cierre suave para armarios de ba\u00f1o<\/h2>\n<table border=\"0\" cellspacing=\"0\" cellpadding=\"0\">\n<tbody style=\"font-size: 14px; border: 1px solid #ccc; overflow: hidden;\">\n<tr style=\"line-height: 1.4;\">\n<td style=\"width: 33%;\" width=\"36\" height=\"30\"><strong>Especificaci\u00f3n<\/strong><\/td>\n<td style=\"width: 67%;\" width=\"72\"><strong>Detalles<\/strong><\/td>\n<\/tr>\n<tr style=\"line-height: 1.4;\">\n<td style=\"width: 33%;\" width=\"36\" height=\"30\"><strong>N\u00famero de modelo<\/strong><\/td>\n<td style=\"width: 67%;\" width=\"72\">836-A, 836-B, 836-C<\/td>\n<\/tr>\n<tr style=\"line-height: 1.4;\">\n<td style=\"width: 33%;\" width=\"36\" height=\"30\"><strong>Material de la bisagra<\/strong><\/td>\n<td style=\"width: 67%;\" width=\"72\">Acero inoxidable<\/td>\n<\/tr>\n<tr style=\"line-height: 1.4;\">\n<td style=\"width: 33%;\" width=\"36\" height=\"30\"><strong>Tipo de bisagra<\/strong><\/td>\n<td style=\"width: 67%;\" width=\"72\">Bisagra amortiguadora<\/td>\n<\/tr>\n<tr style=\"line-height: 1.4;\">\n<td style=\"width: 33%;\" width=\"36\" height=\"30\"><strong>\u00c1ngulo de apertura<\/strong><\/td>\n<td style=\"width: 67%;\" width=\"72\">105\u00b0<\/td>\n<\/tr>\n<tr style=\"line-height: 1.4;\">\n<td style=\"width: 33%;\" width=\"36\" height=\"40\"><strong>Di\u00e1metro de la bisagra<\/strong><\/td>\n<td style=\"width: 67%;\" width=\"72\">35 mm<\/td>\n<\/tr>\n<tr style=\"line-height: 1.4;\">\n<td style=\"width: 33%;\" width=\"36\" height=\"40\"><strong>Profundidad de la copa de la bisagra<\/strong><\/td>\n<td style=\"width: 67%;\" width=\"72\">11,3 mm<\/td>\n<\/tr>\n<tr style=\"line-height: 1.4;\">\n<td style=\"width: 33%;\" width=\"36\" height=\"30\"><strong>Espesor de la puerta<\/strong><\/td>\n<td style=\"width: 67%;\" width=\"72\">13-23 mm<\/td>\n<\/tr>\n<tr style=\"line-height: 1.4;\">\n<td style=\"width: 33%;\" width=\"36\" height=\"60\"><strong>Escenarios aplicables<\/strong><\/td>\n<td style=\"width: 67%;\" width=\"72\">Armario, armario, estanter\u00eda, armario de ba\u00f1o, etc.<\/td>\n<\/tr>\n<tr style=\"line-height: 1.4;\">\n<td style=\"width: 33%;\" width=\"36\" height=\"50\"><strong>Servicio OEM y ODM<\/strong><\/td>\n<td style=\"width: 67%;\" width=\"72\">Admite una personalizaci\u00f3n sencilla y una personalizaci\u00f3n profunda<\/td>\n<\/tr>\n<\/tbody>\n<\/table>","protected":false},"featured_media":473,"comment_status":"closed","ping_status":"closed","template":"","meta":{"_acf_changed":false},"product_brand":[],"product_cat":[16,17,19],"product_tag":[],"class_list":{"0":"post-471","1":"product","2":"type-product","3":"status-publish","4":"has-post-thumbnail","6":"product_cat-wholesale-soft-closing-hinges","7":"product_cat-wholesale-cabinet-hinges","8":"product_cat-wholesale-furniture-hinges","10":"first","11":"instock","12":"shipping-taxable","13":"product-type-simple"},"acf":[],"_links":{"self":[{"href":"https:\/\/www.mrhardwares.com\/es\/wp-json\/wp\/v2\/product\/471","targetHints":{"allow":["GET"]}}],"collection":[{"href":"https:\/\/www.mrhardwares.com\/es\/wp-json\/wp\/v2\/product"}],"about":[{"href":"https:\/\/www.mrhardwares.com\/es\/wp-json\/wp\/v2\/types\/product"}],"replies":[{"embeddable":true,"href":"https:\/\/www.mrhardwares.com\/es\/wp-json\/wp\/v2\/comments?post=471"}],"wp:featuredmedia":[{"embeddable":true,"href":"https:\/\/www.mrhardwares.com\/es\/wp-json\/wp\/v2\/media\/473"}],"wp:attachment":[{"href":"https:\/\/www.mrhardwares.com\/es\/wp-json\/wp\/v2\/media?parent=471"}],"wp:term":[{"taxonomy":"product_brand","embeddable":true,"href":"https:\/\/www.mrhardwares.com\/es\/wp-json\/wp\/v2\/product_brand?post=471"},{"taxonomy":"product_cat","embeddable":true,"href":"https:\/\/www.mrhardwares.com\/es\/wp-json\/wp\/v2\/product_cat?post=471"},{"taxonomy":"product_tag","embeddable":true,"href":"https:\/\/www.mrhardwares.com\/es\/wp-json\/wp\/v2\/product_tag?post=471"}],"curies":[{"name":"wp","href":"https:\/\/api.w.org\/{rel}","templated":true}]}}