{"id":478,"date":"2024-12-28T04:07:07","date_gmt":"2024-12-28T04:07:07","guid":{"rendered":"https:\/\/www.mrhardwares.com\/?post_type=product&#038;p=478"},"modified":"2025-01-06T15:00:58","modified_gmt":"2025-01-06T15:00:58","slug":"custom-best-soft-close-cabinet-hinges-for-sale","status":"publish","type":"product","link":"https:\/\/www.mrhardwares.com\/es\/product\/custom-best-soft-close-cabinet-hinges-for-sale\/","title":{"rendered":"Bisagras de cierre suave para armarios (666A-C) - Mingrun Fabricante de Bisagras"},"content":{"rendered":"<h3 class=\"wp-block-heading\">Caracter\u00edsticas de las bisagras de cierre suave para armarios<\/h3><p><strong>Mecanismo de cierre suave: <\/strong>Esta bisagra est\u00e1 equipada con una funci\u00f3n de cierre suave para garantizar que la puerta del armario se cierre de forma suave y silenciosa, evitando el impacto violento del panel de la puerta y reduciendo el desgaste de la bisagra y el armario.<\/p><p><strong>Amplia compatibilidad:<\/strong> Adecuado para diversas aplicaciones de gabinetes, incluyendo gabinetes de cocina, gabinetes de ba\u00f1o y otros muebles, adecuados para una variedad de estilos de dise\u00f1o y especificaciones.<\/p><p><strong>Servicio de personalizaci\u00f3n OEM y ODM:<\/strong> Proporcionamos soluciones integrales de bisagras personalizadas, fabricando bisagras exclusivas para su proyecto a trav\u00e9s del dise\u00f1o, la fabricaci\u00f3n de muestras y la producci\u00f3n.<\/p><p><strong>Ventajas de las bisagras abiertas de dos conexiones (instalaci\u00f3n fija):<\/strong><\/p><p><strong>Gran estabilidad: <\/strong>El dise\u00f1o abierto de dos conexiones garantiza que la bisagra quede firmemente fijada al panel y al marco de la puerta para evitar que se afloje o inestabilice debido a la frecuente apertura y cierre de la puerta.<\/p><p><strong>Estructura sencilla: <\/strong>El proceso de instalaci\u00f3n es relativamente sencillo, lo que reduce los complejos pasos de ajuste y desmontaje y reduce la dificultad de la instalaci\u00f3n.<\/p><p><strong>Gran resistencia a los terremotos:<\/strong> Como la bisagra est\u00e1 conectada a trav\u00e9s de dos puntos fijos, la estructura general es m\u00e1s s\u00f3lida y puede resistir eficazmente las vibraciones y los impactos del uso diario.<\/p><h3 class=\"wp-block-heading\">Par\u00e1metros de aplicaci\u00f3n e instalaci\u00f3n de la bisagra \u042435mm<\/h3><p><strong>H = <\/strong>Altura de la base de la bisagra<br><strong>D = <\/strong>Revestimiento necesario en el panel lateral<br><strong>K = <\/strong>Distancia entre el canto de la puerta y los taladros de la cazoleta de la bisagra<br><strong>A = <\/strong>Hueco entre la puerta y el panel lateral<\/p><figure class=\"wp-block-image size-full\"><img decoding=\"async\" width=\"1600\" height=\"1200\" src=\"https:\/\/www.mrhardwares.com\/wp-content\/uploads\/2024\/12\/Details-of-Soft-Close-Cabinet-Hinges.webp\" alt=\"Detalles de las bisagras de cierre suave para armarios\" class=\"wp-image-481\" srcset=\"https:\/\/www.mrhardwares.com\/wp-content\/uploads\/2024\/12\/Details-of-Soft-Close-Cabinet-Hinges.webp 1600w, https:\/\/www.mrhardwares.com\/wp-content\/uploads\/2024\/12\/Details-of-Soft-Close-Cabinet-Hinges-300x225.webp 300w, https:\/\/www.mrhardwares.com\/wp-content\/uploads\/2024\/12\/Details-of-Soft-Close-Cabinet-Hinges-768x576.webp 768w, https:\/\/www.mrhardwares.com\/wp-content\/uploads\/2024\/12\/Details-of-Soft-Close-Cabinet-Hinges-1200x900.webp 1200w, https:\/\/www.mrhardwares.com\/wp-content\/uploads\/2024\/12\/Details-of-Soft-Close-Cabinet-Hinges-600x450.webp 600w\" sizes=\"(max-width: 1600px) 100vw, 1600px\" \/><\/figure>","protected":false},"excerpt":{"rendered":"<p>Bisagras para armarios de cierre suave al por mayor personalizadas, nuestras bisagras para armarios de cierre suave personalizadas, proporcionan un excelente rendimiento, se pueden personalizar de acuerdo a sus necesidades espec\u00edficas, cumplen los requisitos de diferentes tama\u00f1os, tratamientos de superficie o funciones especiales, por lo que es adecuado para diferentes tipos de muebles. P\u00f3ngase en contacto con nosotros.<\/p>\n<h2>Especificaciones de las bisagras para armarios de cierre suave a medida<\/h2>\n<table border=\"0\" cellspacing=\"0\" cellpadding=\"0\">\n<tbody style=\"font-size: 14px; border: 1px solid #ccc; overflow: hidden;\">\n<tr style=\"line-height: 1.4;\">\n<td style=\"width: 33%;\" width=\"36\" height=\"30\"><strong>Especificaci\u00f3n<\/strong><\/td>\n<td style=\"width: 67%;\" width=\"72\"><strong>Detalles<\/strong><\/td>\n<\/tr>\n<tr style=\"line-height: 1.4;\">\n<td style=\"width: 33%;\" width=\"36\" height=\"30\"><strong>N\u00famero de modelo<\/strong><\/td>\n<td style=\"width: 67%;\" width=\"72\">666-A,666-B,666-C<\/td>\n<\/tr>\n<tr style=\"line-height: 1.4;\">\n<td style=\"width: 33%;\" width=\"36\" height=\"30\"><strong>Material de la bisagra<\/strong><\/td>\n<td style=\"width: 67%;\" width=\"72\">Acero inoxidable<\/td>\n<\/tr>\n<tr style=\"line-height: 1.4;\">\n<td style=\"width: 33%;\" width=\"36\" height=\"30\"><strong>Tipo de bisagra<\/strong><\/td>\n<td style=\"width: 67%;\" width=\"72\">Bisagra amortiguadora<\/td>\n<\/tr>\n<tr style=\"line-height: 1.4;\">\n<td style=\"width: 33%;\" width=\"36\" height=\"30\"><strong>\u00c1ngulo de apertura<\/strong><\/td>\n<td style=\"width: 67%;\" width=\"72\">105\u00b0<\/td>\n<\/tr>\n<tr style=\"line-height: 1.4;\">\n<td style=\"width: 33%;\" width=\"36\" height=\"40\"><strong>Di\u00e1metro de la bisagra<\/strong><\/td>\n<td style=\"width: 67%;\" width=\"72\">35 mm<\/td>\n<\/tr>\n<tr style=\"line-height: 1.4;\">\n<td style=\"width: 33%;\" width=\"36\" height=\"40\"><strong>Profundidad de la copa de la bisagra<\/strong><\/td>\n<td style=\"width: 67%;\" width=\"72\">11,3 mm<\/td>\n<\/tr>\n<tr style=\"line-height: 1.4;\">\n<td style=\"width: 33%;\" width=\"36\" height=\"30\"><strong>Espesor de la puerta<\/strong><\/td>\n<td style=\"width: 67%;\" width=\"72\">13-23 mm<\/td>\n<\/tr>\n<tr style=\"line-height: 1.4;\">\n<td style=\"width: 33%;\" width=\"36\" height=\"60\"><strong>Escenarios aplicables<\/strong><\/td>\n<td style=\"width: 67%;\" width=\"72\">Armario, armario, estanter\u00eda, armario de ba\u00f1o, etc.<\/td>\n<\/tr>\n<tr style=\"line-height: 1.4;\">\n<td style=\"width: 33%;\" width=\"36\" height=\"50\"><strong>Servicio OEM y ODM<\/strong><\/td>\n<td style=\"width: 67%;\" width=\"72\">Admite una personalizaci\u00f3n sencilla y una personalizaci\u00f3n profunda<\/td>\n<\/tr>\n<\/tbody>\n<\/table>","protected":false},"featured_media":482,"comment_status":"closed","ping_status":"closed","template":"","meta":{"_acf_changed":false},"product_brand":[],"product_cat":[16,17,19],"product_tag":[],"class_list":{"0":"post-478","1":"product","2":"type-product","3":"status-publish","4":"has-post-thumbnail","6":"product_cat-wholesale-soft-closing-hinges","7":"product_cat-wholesale-cabinet-hinges","8":"product_cat-wholesale-furniture-hinges","10":"first","11":"instock","12":"shipping-taxable","13":"product-type-simple"},"acf":[],"_links":{"self":[{"href":"https:\/\/www.mrhardwares.com\/es\/wp-json\/wp\/v2\/product\/478","targetHints":{"allow":["GET"]}}],"collection":[{"href":"https:\/\/www.mrhardwares.com\/es\/wp-json\/wp\/v2\/product"}],"about":[{"href":"https:\/\/www.mrhardwares.com\/es\/wp-json\/wp\/v2\/types\/product"}],"replies":[{"embeddable":true,"href":"https:\/\/www.mrhardwares.com\/es\/wp-json\/wp\/v2\/comments?post=478"}],"wp:featuredmedia":[{"embeddable":true,"href":"https:\/\/www.mrhardwares.com\/es\/wp-json\/wp\/v2\/media\/482"}],"wp:attachment":[{"href":"https:\/\/www.mrhardwares.com\/es\/wp-json\/wp\/v2\/media?parent=478"}],"wp:term":[{"taxonomy":"product_brand","embeddable":true,"href":"https:\/\/www.mrhardwares.com\/es\/wp-json\/wp\/v2\/product_brand?post=478"},{"taxonomy":"product_cat","embeddable":true,"href":"https:\/\/www.mrhardwares.com\/es\/wp-json\/wp\/v2\/product_cat?post=478"},{"taxonomy":"product_tag","embeddable":true,"href":"https:\/\/www.mrhardwares.com\/es\/wp-json\/wp\/v2\/product_tag?post=478"}],"curies":[{"name":"wp","href":"https:\/\/api.w.org\/{rel}","templated":true}]}}