{"id":852,"date":"2025-03-21T03:16:02","date_gmt":"2025-03-21T03:16:02","guid":{"rendered":"https:\/\/www.mrhardwares.com\/?post_type=product&#038;p=852"},"modified":"2025-07-30T01:15:11","modified_gmt":"2025-07-30T01:15:11","slug":"wholesale-and-custom-soft-closing-furniture-hinges","status":"publish","type":"product","link":"https:\/\/www.mrhardwares.com\/es\/product\/wholesale-and-custom-soft-closing-furniture-hinges\/","title":{"rendered":"Bisagras para muebles de cierre suave MR-TD al por mayor y a medida - Mingrun Hinge Manufacturer"},"content":{"rendered":"<h3 class=\"wp-block-heading\">Caracter\u00edsticas de las bisagras de cierre suave para muebles<\/h3><p><strong>F\u00e1cil instalaci\u00f3n:<\/strong> El dise\u00f1o de la bisagra de cierre suave MR-TD es c\u00f3modo para la instalaci\u00f3n. Los clientes pueden instalarla f\u00e1cilmente seg\u00fan sus necesidades, lo que es beneficioso para las empresas de muebles que necesitan instalar en grandes cantidades.<\/p><p><strong>Experiencia de usuario mejorada: <\/strong>Mediante un proceso de cierre lento y suave, la bisagra de cierre suave proporciona a los clientes una mejor experiencia, aumentando el confort y la comodidad de uso.<\/p><p><strong>Aplicaciones con alta frecuencia de uso:<\/strong> Las bisagras de cierre suave MR-TD est\u00e1n dise\u00f1adas espec\u00edficamente para aplicaciones de mobiliario que requieren una alta frecuencia de apertura y cierre, como edificios p\u00fablicos, cocinas comerciales, oficinas, etc.<\/p><p><strong>Necesidades de personalizaci\u00f3n variadas: <\/strong>Ofrecemos opciones de personalizaci\u00f3n con diferentes especificaciones, funciones y dimensiones para adaptar las bisagras de muebles m\u00e1s adecuadas para usted.<\/p>","protected":false},"excerpt":{"rendered":"<p>Bisagras de cierre suave al por mayor, bisagras de cierre suave puede maximizar la vida \u00fatil de los muebles al tiempo que garantiza que la puerta del armario se cierra suavemente y en silencio, adecuado para el hogar, espacio de oficinas y lugares comerciales. Disfrute de precios de f\u00e1brica para compras al por mayor, mayoristas y distribuidores son bienvenidos a contactarnos.<\/p>\n<h2>Especificaciones de las bisagras de cierre suave para muebles<\/h2>\n<table border=\"0\" cellspacing=\"0\" cellpadding=\"0\">\n<tbody style=\"font-size: 12px; border: 1px solid #ccc; overflow: hidden;\">\n<tr style=\"line-height: 1.4;\">\n<td style=\"width: 33%;\" width=\"36\" height=\"30\"><strong>Especificaci\u00f3n<\/strong><\/td>\n<td style=\"width: 67%;\" width=\"72\"><strong>Detalles<\/strong><\/td>\n<\/tr>\n<tr style=\"line-height: 1.4;\">\n<td style=\"width: 33%;\" width=\"36\" height=\"30\"><strong>N\u00famero de modelo<\/strong><\/td>\n<td style=\"width: 67%;\" width=\"72\">MR-TD<\/td>\n<\/tr>\n<tr style=\"line-height: 1.4;\">\n<td style=\"width: 33%;\" width=\"36\" height=\"30\"><strong>Material de la bisagra<\/strong><\/td>\n<td style=\"width: 67%;\" width=\"72\">Acero laminado en fr\u00edo<\/td>\n<\/tr>\n<tr style=\"line-height: 1.4;\">\n<td style=\"width: 33%;\" width=\"36\" height=\"30\"><strong>Tipo de bisagra<\/strong><\/td>\n<td style=\"width: 67%;\" width=\"72\">Bisagra de cierre suave para muebles<\/td>\n<\/tr>\n<tr style=\"line-height: 1.4;\">\n<td style=\"width: 33%;\" width=\"36\" height=\"60\"><strong>Escenarios aplicables<\/strong><\/td>\n<td style=\"width: 67%;\" width=\"72\">Armario, armario, estanter\u00eda, armario de ba\u00f1o, etc.<\/td>\n<\/tr>\n<tr style=\"line-height: 1.4;\">\n<td style=\"width: 33%;\" width=\"36\" height=\"50\"><strong>Servicio OEM y ODM<\/strong><\/td>\n<td style=\"width: 67%;\" width=\"72\">Admite una personalizaci\u00f3n sencilla y una personalizaci\u00f3n profunda<\/td>\n<\/tr>\n<\/tbody>\n<\/table>\n<p>\n<script src=\"chrome-extension:\/\/fpelahbljekknahkcaegamhcndkfpfnc\/iFrame.js\" type=\"text\/javascript\"><\/script><\/p>","protected":false},"featured_media":979,"comment_status":"closed","ping_status":"closed","template":"","meta":{"_acf_changed":false},"product_brand":[],"product_cat":[16,17,19,23],"product_tag":[],"class_list":{"0":"post-852","1":"product","2":"type-product","3":"status-publish","4":"has-post-thumbnail","6":"product_cat-wholesale-soft-closing-hinges","7":"product_cat-wholesale-cabinet-hinges","8":"product_cat-wholesale-furniture-hinges","9":"product_cat-wholesale-hydraulic-hinges","11":"first","12":"instock","13":"shipping-taxable","14":"product-type-simple"},"acf":[],"_links":{"self":[{"href":"https:\/\/www.mrhardwares.com\/es\/wp-json\/wp\/v2\/product\/852","targetHints":{"allow":["GET"]}}],"collection":[{"href":"https:\/\/www.mrhardwares.com\/es\/wp-json\/wp\/v2\/product"}],"about":[{"href":"https:\/\/www.mrhardwares.com\/es\/wp-json\/wp\/v2\/types\/product"}],"replies":[{"embeddable":true,"href":"https:\/\/www.mrhardwares.com\/es\/wp-json\/wp\/v2\/comments?post=852"}],"wp:featuredmedia":[{"embeddable":true,"href":"https:\/\/www.mrhardwares.com\/es\/wp-json\/wp\/v2\/media\/979"}],"wp:attachment":[{"href":"https:\/\/www.mrhardwares.com\/es\/wp-json\/wp\/v2\/media?parent=852"}],"wp:term":[{"taxonomy":"product_brand","embeddable":true,"href":"https:\/\/www.mrhardwares.com\/es\/wp-json\/wp\/v2\/product_brand?post=852"},{"taxonomy":"product_cat","embeddable":true,"href":"https:\/\/www.mrhardwares.com\/es\/wp-json\/wp\/v2\/product_cat?post=852"},{"taxonomy":"product_tag","embeddable":true,"href":"https:\/\/www.mrhardwares.com\/es\/wp-json\/wp\/v2\/product_tag?post=852"}],"curies":[{"name":"wp","href":"https:\/\/api.w.org\/{rel}","templated":true}]}}