{"id":869,"date":"2025-03-21T06:24:13","date_gmt":"2025-03-21T06:24:13","guid":{"rendered":"https:\/\/www.mrhardwares.com\/?post_type=product&#038;p=869"},"modified":"2025-12-31T03:08:05","modified_gmt":"2025-12-31T03:08:05","slug":"wholesale-cabinet-door-hardware-hinges","status":"publish","type":"product","link":"https:\/\/www.mrhardwares.com\/es\/product\/wholesale-cabinet-door-hardware-hinges\/","title":{"rendered":"Mayorista Bisagras para Puertas de Armario, Bisagras a Granel para Puertas de Armario MR-261A1"},"content":{"rendered":"<h3 class=\"wp-block-heading\">Caracter\u00edsticas de las bisagras para puertas de armarios<\/h3><p><strong>Larga vida \u00fatil: <\/strong>La estructura de bisagra mecanizada con precisi\u00f3n garantiza que la puerta del armario se abra y se cierre suavemente sin atascos, y puede mantener un rendimiento estable incluso con un uso frecuente.<\/p><p><strong>Ampliamente aplicable: <\/strong>Adecuado para armarios de cocina, armarios, librer\u00edas, armarios de ba\u00f1o, muebles de oficina, etc., para satisfacer las necesidades de diferentes proyectos dom\u00e9sticos y de ingenier\u00eda.<\/p><p><strong>Bisagras de ferreter\u00eda al por mayor: <\/strong>Proporcionamos venta al por mayor de gran volumen, precios preferenciales, apoyamos la personalizaci\u00f3n OEM\/ODM, y podemos ajustar el tama\u00f1o, el material, el color y el tratamiento de la superficie seg\u00fan las necesidades del cliente.<\/p><p><strong>Respetuoso con el medio ambiente e inocuo: <\/strong>Adoptan materiales respetuosos con el medio ambiente y procesos de fabricaci\u00f3n avanzados, cumplen normas medioambientales internacionales como ISO9001, RoHS y CE, y el producto es seguro y fiable.<\/p>","protected":false},"excerpt":{"rendered":"<p><strong>Precio: US $0.071\/pc<\/strong><\/p>\n<p>Venta al por mayor bisagras para puertas de armarios. Las bisagras para puertas de armarios MR-261A1 ofrecen la combinaci\u00f3n perfecta de estilo, durabilidad y rendimiento superior para satisfacer las exigencias de los armarios modernos. Con certificaci\u00f3n ISO9001 y CE, son adecuadas para una gran variedad de aplicaciones de armarios, incluidos armarios de cocina, armarios empotrados y armarios de ba\u00f1o.<\/p>\n<p>Estas bisagras son ideales para pedidos al por mayor B2B y son econ\u00f3micas para compras al por mayor. No dude en ponerse en contacto con nosotros.<\/p>\n<h2>Especificaciones de la bisagra para puertas de armarios<\/h2>\n<table border=\"0\" cellspacing=\"0\" cellpadding=\"0\">\n<tbody style=\"font-size: 12px; border: 1px solid #ccc; overflow: hidden;\">\n<tr style=\"line-height: 1.4;\">\n<td style=\"width: 33%;\" width=\"36\" height=\"30\"><strong>Especificaci\u00f3n<\/strong><\/td>\n<td style=\"width: 67%;\" width=\"72\"><strong>Detalles<\/strong><\/td>\n<\/tr>\n<tr style=\"line-height: 1.4;\">\n<td style=\"width: 33%;\" width=\"36\" height=\"30\"><strong>N\u00famero de modelo<\/strong><\/td>\n<td style=\"width: 67%;\" width=\"72\">MR - 261A1<\/td>\n<\/tr>\n<tr style=\"line-height: 1.4;\">\n<td style=\"width: 33%;\" width=\"36\" height=\"30\"><strong>Material de la bisagra<\/strong><\/td>\n<td style=\"width: 67%;\" width=\"72\">Acero laminado en fr\u00edo<\/td>\n<\/tr>\n<tr style=\"line-height: 1.4;\">\n<td style=\"width: 33%;\" width=\"36\" height=\"30\"><strong>Tipo de bisagra<\/strong><\/td>\n<td style=\"width: 67%;\" width=\"72\">Bisagra de mueble normal<\/td>\n<\/tr>\n<tr style=\"line-height: 1.4;\">\n<td style=\"width: 33%;\" width=\"36\" height=\"60\"><strong>Escenarios aplicables<\/strong><\/td>\n<td style=\"width: 67%;\" width=\"72\">Armario, armario, estanter\u00eda, armario de ba\u00f1o, etc.<\/td>\n<\/tr>\n<tr style=\"line-height: 1.4;\">\n<td style=\"width: 33%;\" width=\"36\" height=\"50\"><strong>Servicio OEM y ODM<\/strong><\/td>\n<td style=\"width: 67%;\" width=\"72\">Admite una personalizaci\u00f3n sencilla y una personalizaci\u00f3n profunda<\/td>\n<\/tr>\n<\/tbody>\n<\/table>\n<p>&nbsp;<\/p>\n<p>\n<script src=\"chrome-extension:\/\/fpelahbljekknahkcaegamhcndkfpfnc\/iFrame.js\" type=\"text\/javascript\"><\/script><\/p>","protected":false},"featured_media":996,"comment_status":"closed","ping_status":"closed","template":"","meta":{"_acf_changed":false},"product_brand":[],"product_cat":[25],"product_tag":[],"class_list":{"0":"post-869","1":"product","2":"type-product","3":"status-publish","4":"has-post-thumbnail","6":"product_cat-wholesale-regular-furniture-hinges","8":"first","9":"instock","10":"shipping-taxable","11":"purchasable","12":"product-type-simple"},"acf":[],"_links":{"self":[{"href":"https:\/\/www.mrhardwares.com\/es\/wp-json\/wp\/v2\/product\/869","targetHints":{"allow":["GET"]}}],"collection":[{"href":"https:\/\/www.mrhardwares.com\/es\/wp-json\/wp\/v2\/product"}],"about":[{"href":"https:\/\/www.mrhardwares.com\/es\/wp-json\/wp\/v2\/types\/product"}],"replies":[{"embeddable":true,"href":"https:\/\/www.mrhardwares.com\/es\/wp-json\/wp\/v2\/comments?post=869"}],"wp:featuredmedia":[{"embeddable":true,"href":"https:\/\/www.mrhardwares.com\/es\/wp-json\/wp\/v2\/media\/996"}],"wp:attachment":[{"href":"https:\/\/www.mrhardwares.com\/es\/wp-json\/wp\/v2\/media?parent=869"}],"wp:term":[{"taxonomy":"product_brand","embeddable":true,"href":"https:\/\/www.mrhardwares.com\/es\/wp-json\/wp\/v2\/product_brand?post=869"},{"taxonomy":"product_cat","embeddable":true,"href":"https:\/\/www.mrhardwares.com\/es\/wp-json\/wp\/v2\/product_cat?post=869"},{"taxonomy":"product_tag","embeddable":true,"href":"https:\/\/www.mrhardwares.com\/es\/wp-json\/wp\/v2\/product_tag?post=869"}],"curies":[{"name":"wp","href":"https:\/\/api.w.org\/{rel}","templated":true}]}}