{"id":871,"date":"2025-03-21T06:38:31","date_gmt":"2025-03-21T06:38:31","guid":{"rendered":"https:\/\/www.mrhardwares.com\/?post_type=product&#038;p=871"},"modified":"2025-12-31T03:10:50","modified_gmt":"2025-12-31T03:10:50","slug":"wholesale-cupboard-hardware-hinges","status":"publish","type":"product","link":"https:\/\/www.mrhardwares.com\/es\/product\/wholesale-cupboard-hardware-hinges\/","title":{"rendered":"Venta al por mayor bisagras ocultas para armarios, bisagras para armarios a granel"},"content":{"rendered":"<h3 class=\"wp-block-heading\">Caracter\u00edsticas de las bisagras para armarios<\/h3><p><strong>Resistente y duradero: <\/strong>Resistente a la oxidaci\u00f3n y la deformaci\u00f3n, y capaz de garantizar un rendimiento estable incluso en entornos h\u00famedos.<\/p><p><strong>Capacidad de carga: <\/strong>Gracias a su fabricaci\u00f3n de precisi\u00f3n y a las pruebas de soporte de cargas m\u00faltiples, es capaz de sujetar firmemente varios paneles de puertas de armarios para que no se caigan despu\u00e9s de abrirlos y cerrarlos repetidamente durante mucho tiempo.<\/p><p><strong>Multi\u00e1ngulo ajustable:<\/strong> Permiten que la puerta del armario encaje perfectamente con el cuerpo del armario, mejoran el dise\u00f1o general y simplifican la instalaci\u00f3n.<\/p><p><strong>Muy utilizado: <\/strong>Adecuado para diversas aplicaciones de mobiliario, como armarios de cocina, armarios, estanter\u00edas, armarios de ba\u00f1o, muebles de oficina, vitrinas, etc.<\/p><p><strong>Venta al por mayor:<\/strong> Ofrecemos servicios de compra al por mayor, adecuados para minoristas, contratistas de ingenier\u00eda, fabricantes de muebles y empresas de decoraci\u00f3n.<\/p><div class=\"wp-block-columns is-layout-flex wp-container-core-columns-is-layout-9d6595d7 wp-block-columns-is-layout-flex\"><div class=\"wp-block-column is-layout-flow wp-block-column-is-layout-flow\"><figure class=\"wp-block-image size-full\"><img decoding=\"async\" width=\"1600\" height=\"1600\" src=\"https:\/\/www.mrhardwares.com\/wp-content\/uploads\/2025\/03\/Wholesale-Cupboard-Hardware-Hinges-4.webp\" alt=\"Mayorista Bisagras para Armarios (4)\" class=\"wp-image-875\" srcset=\"https:\/\/www.mrhardwares.com\/wp-content\/uploads\/2025\/03\/Wholesale-Cupboard-Hardware-Hinges-4.webp 1600w, https:\/\/www.mrhardwares.com\/wp-content\/uploads\/2025\/03\/Wholesale-Cupboard-Hardware-Hinges-4-300x300.webp 300w, https:\/\/www.mrhardwares.com\/wp-content\/uploads\/2025\/03\/Wholesale-Cupboard-Hardware-Hinges-4-150x150.webp 150w, https:\/\/www.mrhardwares.com\/wp-content\/uploads\/2025\/03\/Wholesale-Cupboard-Hardware-Hinges-4-768x768.webp 768w, https:\/\/www.mrhardwares.com\/wp-content\/uploads\/2025\/03\/Wholesale-Cupboard-Hardware-Hinges-4-12x12.webp 12w, https:\/\/www.mrhardwares.com\/wp-content\/uploads\/2025\/03\/Wholesale-Cupboard-Hardware-Hinges-4-1200x1200.webp 1200w, https:\/\/www.mrhardwares.com\/wp-content\/uploads\/2025\/03\/Wholesale-Cupboard-Hardware-Hinges-4-600x600.webp 600w, https:\/\/www.mrhardwares.com\/wp-content\/uploads\/2025\/03\/Wholesale-Cupboard-Hardware-Hinges-4-100x100.webp 100w\" sizes=\"(max-width: 1600px) 100vw, 1600px\" \/><\/figure><\/div>\n\n<div class=\"wp-block-column is-layout-flow wp-block-column-is-layout-flow\"><figure class=\"wp-block-image size-full\"><img decoding=\"async\" width=\"1600\" height=\"1600\" src=\"https:\/\/www.mrhardwares.com\/wp-content\/uploads\/2025\/03\/Wholesale-Cupboard-Hardware-Hinges-5.webp\" alt=\"Mayorista Bisagras para Armarios (5)\" class=\"wp-image-876\" srcset=\"https:\/\/www.mrhardwares.com\/wp-content\/uploads\/2025\/03\/Wholesale-Cupboard-Hardware-Hinges-5.webp 1600w, https:\/\/www.mrhardwares.com\/wp-content\/uploads\/2025\/03\/Wholesale-Cupboard-Hardware-Hinges-5-300x300.webp 300w, https:\/\/www.mrhardwares.com\/wp-content\/uploads\/2025\/03\/Wholesale-Cupboard-Hardware-Hinges-5-150x150.webp 150w, https:\/\/www.mrhardwares.com\/wp-content\/uploads\/2025\/03\/Wholesale-Cupboard-Hardware-Hinges-5-768x768.webp 768w, https:\/\/www.mrhardwares.com\/wp-content\/uploads\/2025\/03\/Wholesale-Cupboard-Hardware-Hinges-5-12x12.webp 12w, https:\/\/www.mrhardwares.com\/wp-content\/uploads\/2025\/03\/Wholesale-Cupboard-Hardware-Hinges-5-1200x1200.webp 1200w, https:\/\/www.mrhardwares.com\/wp-content\/uploads\/2025\/03\/Wholesale-Cupboard-Hardware-Hinges-5-600x600.webp 600w, https:\/\/www.mrhardwares.com\/wp-content\/uploads\/2025\/03\/Wholesale-Cupboard-Hardware-Hinges-5-100x100.webp 100w\" sizes=\"(max-width: 1600px) 100vw, 1600px\" \/><\/figure><\/div><\/div>","protected":false},"excerpt":{"rendered":"<p><strong>Precio: US $0.057\/pc<\/strong><\/p>\n<p>Bisagras de herrajes para armarios al por mayor, perfectas para armarios de cocina, armarios empotrados y muebles de oficina. Presentan acabados resistentes a la corrosi\u00f3n y son f\u00e1ciles de instalar. Suministramos al por mayor a precios competitivos. P\u00f3ngase en contacto con nosotros.<\/p>\n<h2>Especificaciones de las bisagras para armarios<\/h2>\n<table border=\"0\" cellspacing=\"0\" cellpadding=\"0\">\n<tbody style=\"font-size: 12px; border: 1px solid #ccc; overflow: hidden;\">\n<tr style=\"line-height: 1.4;\">\n<td style=\"width: 33%;\" width=\"36\" height=\"30\"><strong>Especificaci\u00f3n<\/strong><\/td>\n<td style=\"width: 67%;\" width=\"72\"><strong>Detalles<\/strong><\/td>\n<\/tr>\n<tr style=\"line-height: 1.4;\">\n<td style=\"width: 33%;\" width=\"36\" height=\"30\"><strong>N\u00famero de modelo<\/strong><\/td>\n<td style=\"width: 67%;\" width=\"72\">MR-261B1<\/td>\n<\/tr>\n<tr style=\"line-height: 1.4;\">\n<td style=\"width: 33%;\" width=\"36\" height=\"30\"><strong>Material de la bisagra<\/strong><\/td>\n<td style=\"width: 67%;\" width=\"72\">Acero laminado en fr\u00edo<\/td>\n<\/tr>\n<tr style=\"line-height: 1.4;\">\n<td style=\"width: 33%;\" width=\"36\" height=\"30\"><strong>Tipo de bisagra<\/strong><\/td>\n<td style=\"width: 67%;\" width=\"72\">Bisagra de mueble normal<\/td>\n<\/tr>\n<tr style=\"line-height: 1.4;\">\n<td style=\"width: 33%;\" width=\"36\" height=\"60\"><strong>Escenarios aplicables<\/strong><\/td>\n<td style=\"width: 67%;\" width=\"72\">Armario, armario, estanter\u00eda, armario de ba\u00f1o, etc.<\/td>\n<\/tr>\n<tr style=\"line-height: 1.4;\">\n<td style=\"width: 33%;\" width=\"36\" height=\"50\"><strong>Servicio OEM y ODM<\/strong><\/td>\n<td style=\"width: 67%;\" width=\"72\">Admite una personalizaci\u00f3n sencilla y una personalizaci\u00f3n profunda<\/td>\n<\/tr>\n<\/tbody>\n<\/table>\n<p>&nbsp;<\/p>\n<p>\n<script src=\"chrome-extension:\/\/fpelahbljekknahkcaegamhcndkfpfnc\/iFrame.js\" type=\"text\/javascript\"><\/script><\/p>","protected":false},"featured_media":872,"comment_status":"closed","ping_status":"closed","template":"","meta":{"_acf_changed":false},"product_brand":[],"product_cat":[25],"product_tag":[],"class_list":{"0":"post-871","1":"product","2":"type-product","3":"status-publish","4":"has-post-thumbnail","6":"product_cat-wholesale-regular-furniture-hinges","8":"first","9":"instock","10":"shipping-taxable","11":"product-type-simple"},"acf":[],"_links":{"self":[{"href":"https:\/\/www.mrhardwares.com\/es\/wp-json\/wp\/v2\/product\/871","targetHints":{"allow":["GET"]}}],"collection":[{"href":"https:\/\/www.mrhardwares.com\/es\/wp-json\/wp\/v2\/product"}],"about":[{"href":"https:\/\/www.mrhardwares.com\/es\/wp-json\/wp\/v2\/types\/product"}],"replies":[{"embeddable":true,"href":"https:\/\/www.mrhardwares.com\/es\/wp-json\/wp\/v2\/comments?post=871"}],"wp:featuredmedia":[{"embeddable":true,"href":"https:\/\/www.mrhardwares.com\/es\/wp-json\/wp\/v2\/media\/872"}],"wp:attachment":[{"href":"https:\/\/www.mrhardwares.com\/es\/wp-json\/wp\/v2\/media?parent=871"}],"wp:term":[{"taxonomy":"product_brand","embeddable":true,"href":"https:\/\/www.mrhardwares.com\/es\/wp-json\/wp\/v2\/product_brand?post=871"},{"taxonomy":"product_cat","embeddable":true,"href":"https:\/\/www.mrhardwares.com\/es\/wp-json\/wp\/v2\/product_cat?post=871"},{"taxonomy":"product_tag","embeddable":true,"href":"https:\/\/www.mrhardwares.com\/es\/wp-json\/wp\/v2\/product_tag?post=871"}],"curies":[{"name":"wp","href":"https:\/\/api.w.org\/{rel}","templated":true}]}}