{"id":881,"date":"2025-03-21T06:57:20","date_gmt":"2025-03-21T06:57:20","guid":{"rendered":"https:\/\/www.mrhardwares.com\/?post_type=product&#038;p=881"},"modified":"2025-12-31T03:13:30","modified_gmt":"2025-12-31T03:13:30","slug":"wholesale-hardware-cabinet-door-hinges","status":"publish","type":"product","link":"https:\/\/www.mrhardwares.com\/es\/product\/wholesale-hardware-cabinet-door-hinges\/","title":{"rendered":"Mayorista Bisagras Para Puertas De Armario MR-261A2 - Mingrun Fabricante de Bisagras"},"content":{"rendered":"<h3 class=\"wp-block-heading\">Caracter\u00edsticas de las bisagras para puertas de armarios<\/h3><p><strong>Apertura y cierre suaves: <\/strong>La estructura de fabricaci\u00f3n de alta precisi\u00f3n garantiza una apertura y cierre estables y suaves, menor fricci\u00f3n y mayor durabilidad.<\/p><p><strong>Ampliamente aplicable: <\/strong>Adecuado para su uso en armarios de cocina, armarios, estanter\u00edas, mobiliario de oficina, etc., para satisfacer la demanda cambiante de hogares y empresas, el producto al por mayor m\u00e1s adecuado para empresas de muebles, ingenier\u00eda, construcci\u00f3n y distribuidores.<br><br><strong>Buena capacidad de carga: <\/strong>Su gran capacidad de carga le permite sujetar con firmeza puertas de armarios de distintos grosores.<\/p><p><strong>Asequible:<\/strong> Las bisagras para puertas de armarios est\u00e1n dise\u00f1adas con acero laminado en fr\u00edo y tienen un dise\u00f1o de cierre suave reducido, lo que las hace m\u00e1s competitivas en precio y adecuadas para proyectos con presupuestos y requisitos bajos.<\/p><p><strong>Suministro al por mayor: <\/strong>Suministro a granel a precio de f\u00e1brica, con servicio de personalizaci\u00f3n OEM\/ODM.<\/p>","protected":false},"excerpt":{"rendered":"<p><strong>Precio: US $0.057\/pc<\/strong><\/p>\n<p>Mayorista de bisagras para puertas de armarios. Nuestras bisagras convencionales de doble agujero para armarios de cocina ofrecen una gran capacidad de carga y durabilidad. Son adecuadas para diversas aplicaciones, como armarios de cocina, armarios roperos y armarios de oficina, y ofrecen un rendimiento fiable. P\u00f3ngase en contacto con nosotros para solicitar un presupuesto.<\/p>\n<h2>Especificaciones de las bisagras para puertas de armarios<\/h2>\n<table border=\"0\" cellspacing=\"0\" cellpadding=\"0\">\n<tbody style=\"font-size: 12px; border: 1px solid #ccc; overflow: hidden;\">\n<tr style=\"line-height: 1.4;\">\n<td style=\"width: 33%;\" width=\"36\" height=\"30\"><strong>Especificaci\u00f3n<\/strong><\/td>\n<td style=\"width: 67%;\" width=\"72\"><strong>Detalles<\/strong><\/td>\n<\/tr>\n<tr style=\"line-height: 1.4;\">\n<td style=\"width: 33%;\" width=\"36\" height=\"30\"><strong>N\u00famero de modelo<\/strong><\/td>\n<td style=\"width: 67%;\" width=\"72\">MR - 261A2<\/td>\n<\/tr>\n<tr style=\"line-height: 1.4;\">\n<td style=\"width: 33%;\" width=\"36\" height=\"30\"><strong>Material de la bisagra<\/strong><\/td>\n<td style=\"width: 67%;\" width=\"72\">Acero laminado en fr\u00edo<\/td>\n<\/tr>\n<tr style=\"line-height: 1.4;\">\n<td style=\"width: 33%;\" width=\"36\" height=\"30\"><strong>Tipo de bisagra<\/strong><\/td>\n<td style=\"width: 67%;\" width=\"72\">Bisagra de mueble normal<\/td>\n<\/tr>\n<tr style=\"line-height: 1.4;\">\n<td style=\"width: 33%;\" width=\"36\" height=\"60\"><strong>Escenarios aplicables<\/strong><\/td>\n<td style=\"width: 67%;\" width=\"72\">Armario, armario, estanter\u00eda, armario de ba\u00f1o, etc.<\/td>\n<\/tr>\n<tr style=\"line-height: 1.4;\">\n<td style=\"width: 33%;\" width=\"36\" height=\"50\"><strong>Servicio OEM y ODM<\/strong><\/td>\n<td style=\"width: 67%;\" width=\"72\">Admite una personalizaci\u00f3n sencilla y una personalizaci\u00f3n profunda<\/td>\n<\/tr>\n<\/tbody>\n<\/table>\n<p><script src=\"chrome-extension:\/\/fpelahbljekknahkcaegamhcndkfpfnc\/iFrame.js\" type=\"text\/javascript\"><\/script><\/p>\n<p><script src=\"chrome-extension:\/\/fpelahbljekknahkcaegamhcndkfpfnc\/iFrame.js\" type=\"text\/javascript\"><\/script><\/p>\n<p>\n<script src=\"chrome-extension:\/\/fpelahbljekknahkcaegamhcndkfpfnc\/iFrame.js\" type=\"text\/javascript\"><\/script><\/p>","protected":false},"featured_media":886,"comment_status":"closed","ping_status":"closed","template":"","meta":{"_acf_changed":false},"product_brand":[],"product_cat":[25],"product_tag":[],"class_list":{"0":"post-881","1":"product","2":"type-product","3":"status-publish","4":"has-post-thumbnail","6":"product_cat-wholesale-regular-furniture-hinges","8":"first","9":"instock","10":"shipping-taxable","11":"product-type-simple"},"acf":[],"_links":{"self":[{"href":"https:\/\/www.mrhardwares.com\/es\/wp-json\/wp\/v2\/product\/881","targetHints":{"allow":["GET"]}}],"collection":[{"href":"https:\/\/www.mrhardwares.com\/es\/wp-json\/wp\/v2\/product"}],"about":[{"href":"https:\/\/www.mrhardwares.com\/es\/wp-json\/wp\/v2\/types\/product"}],"replies":[{"embeddable":true,"href":"https:\/\/www.mrhardwares.com\/es\/wp-json\/wp\/v2\/comments?post=881"}],"wp:featuredmedia":[{"embeddable":true,"href":"https:\/\/www.mrhardwares.com\/es\/wp-json\/wp\/v2\/media\/886"}],"wp:attachment":[{"href":"https:\/\/www.mrhardwares.com\/es\/wp-json\/wp\/v2\/media?parent=881"}],"wp:term":[{"taxonomy":"product_brand","embeddable":true,"href":"https:\/\/www.mrhardwares.com\/es\/wp-json\/wp\/v2\/product_brand?post=881"},{"taxonomy":"product_cat","embeddable":true,"href":"https:\/\/www.mrhardwares.com\/es\/wp-json\/wp\/v2\/product_cat?post=881"},{"taxonomy":"product_tag","embeddable":true,"href":"https:\/\/www.mrhardwares.com\/es\/wp-json\/wp\/v2\/product_tag?post=881"}],"curies":[{"name":"wp","href":"https:\/\/api.w.org\/{rel}","templated":true}]}}