{"id":882,"date":"2025-03-21T07:02:23","date_gmt":"2025-03-21T07:02:23","guid":{"rendered":"https:\/\/www.mrhardwares.com\/?post_type=product&#038;p=882"},"modified":"2025-12-31T02:34:38","modified_gmt":"2025-12-31T02:34:38","slug":"wholesale-soft-close-concealed-hinges-for-cabinets","status":"publish","type":"product","link":"https:\/\/www.mrhardwares.com\/es\/product\/wholesale-soft-close-concealed-hinges-for-cabinets\/","title":{"rendered":"Mayorista Bisagras ocultas de cierre suave para armarios MR-DTZ"},"content":{"rendered":"<h3 class=\"wp-block-heading\">Caracter\u00edsticas de las bisagras ocultas para armarios de cocina<\/h3><p><strong>Material duradero<\/strong>: Fabricado en acero inoxidable de alta calidad o acero laminado en fr\u00edo, es duradero y resistente.<\/p><p><strong>Dise\u00f1o oculto<\/strong>: La instalaci\u00f3n oculta es hermosa y adecuada para el estilo de mobiliario minimalista moderno.<\/p><p><strong>Estructura antiaflojamiento: <\/strong>Optimice la pieza de conexi\u00f3n de la bisagra, y no se aflojar\u00e1 ni combar\u00e1 tras un uso prolongado.<\/p><p><strong>Materiales respetuosos con el medio ambiente:<\/strong> Fabricado con materiales respetuosos con el medio ambiente, sin sustancias nocivas, y conforme a normas medioambientales como RoHS y CE.<\/p><p><strong>Servicio de personalizaci\u00f3n OEM y ODM:<\/strong> Proporcionamos soluciones integrales de bisagras y podemos personalizar el dise\u00f1o de las muestras, el tama\u00f1o, etc. seg\u00fan las necesidades del cliente.<\/p>","protected":false},"excerpt":{"rendered":"<p><strong>Precio: US $0.15\/pc<\/strong><\/p>\n<p>Puede elegir el material de la bisagra de cierre suave, de acero inoxidable o de acero laminado en fr\u00edo. Nuestra bisagra es resistente, estable y antiaflojamiento para un uso prolongado. Adecuada para diversos entornos de cocina. Ofrecemos personalizaci\u00f3n OEM y ODM para adaptarnos a sus necesidades.  P\u00f3ngase en contacto con nosotros para solicitar un presupuesto.<\/p>\n<h2>Especificaciones de las bisagras ocultas para armarios de cocina<\/h2>\n<table border=\"0\" cellspacing=\"0\" cellpadding=\"0\">\n<tbody style=\"font-size: 12px; border: 1px solid #ccc; overflow: hidden;\">\n<tr style=\"line-height: 1.4;\">\n<td style=\"width: 33%;\" width=\"36\" height=\"30\"><strong>Especificaci\u00f3n<\/strong><\/td>\n<td style=\"width: 67%;\" width=\"72\"><strong>Detalles<\/strong><\/td>\n<\/tr>\n<tr style=\"line-height: 1.4;\">\n<td style=\"width: 33%;\" width=\"36\" height=\"30\"><strong>N\u00famero de modelo<\/strong><\/td>\n<td style=\"width: 67%;\" width=\"72\">MR-DTZ<\/td>\n<\/tr>\n<tr style=\"line-height: 1.4;\">\n<td style=\"width: 33%;\" width=\"36\" height=\"30\"><strong>Material de la bisagra<\/strong><\/td>\n<td style=\"width: 67%;\" width=\"72\">Acero inoxidable o acero laminado en fr\u00edo<\/td>\n<\/tr>\n<tr style=\"line-height: 1.4;\">\n<td style=\"width: 33%;\" width=\"36\" height=\"30\"><strong>Tipo de bisagra<\/strong><\/td>\n<td style=\"width: 67%;\" width=\"72\">Bisagra de cierre suave<\/td>\n<\/tr>\n<tr style=\"line-height: 1.4;\">\n<td style=\"width: 33%;\" width=\"36\" height=\"60\"><strong>Escenarios aplicables<\/strong><\/td>\n<td style=\"width: 67%;\" width=\"72\">Armario, armario, estanter\u00eda, armario de ba\u00f1o, etc.<\/td>\n<\/tr>\n<tr style=\"line-height: 1.4;\">\n<td style=\"width: 33%;\" width=\"36\" height=\"50\"><strong>Servicio OEM y ODM<\/strong><\/td>\n<td style=\"width: 67%;\" width=\"72\">Admite una personalizaci\u00f3n sencilla y una personalizaci\u00f3n profunda<\/td>\n<\/tr>\n<\/tbody>\n<\/table>\n<p><script src=\"chrome-extension:\/\/fpelahbljekknahkcaegamhcndkfpfnc\/iFrame.js\" type=\"text\/javascript\"><\/script><\/p>\n<p>\n<script src=\"chrome-extension:\/\/fpelahbljekknahkcaegamhcndkfpfnc\/iFrame.js\" type=\"text\/javascript\"><\/script><\/p>","protected":false},"featured_media":950,"comment_status":"closed","ping_status":"closed","template":"","meta":{"_acf_changed":false},"product_brand":[],"product_cat":[16],"product_tag":[],"class_list":{"0":"post-882","1":"product","2":"type-product","3":"status-publish","4":"has-post-thumbnail","6":"product_cat-wholesale-soft-closing-hinges","8":"first","9":"instock","10":"shipping-taxable","11":"product-type-simple"},"acf":[],"_links":{"self":[{"href":"https:\/\/www.mrhardwares.com\/es\/wp-json\/wp\/v2\/product\/882","targetHints":{"allow":["GET"]}}],"collection":[{"href":"https:\/\/www.mrhardwares.com\/es\/wp-json\/wp\/v2\/product"}],"about":[{"href":"https:\/\/www.mrhardwares.com\/es\/wp-json\/wp\/v2\/types\/product"}],"replies":[{"embeddable":true,"href":"https:\/\/www.mrhardwares.com\/es\/wp-json\/wp\/v2\/comments?post=882"}],"wp:featuredmedia":[{"embeddable":true,"href":"https:\/\/www.mrhardwares.com\/es\/wp-json\/wp\/v2\/media\/950"}],"wp:attachment":[{"href":"https:\/\/www.mrhardwares.com\/es\/wp-json\/wp\/v2\/media?parent=882"}],"wp:term":[{"taxonomy":"product_brand","embeddable":true,"href":"https:\/\/www.mrhardwares.com\/es\/wp-json\/wp\/v2\/product_brand?post=882"},{"taxonomy":"product_cat","embeddable":true,"href":"https:\/\/www.mrhardwares.com\/es\/wp-json\/wp\/v2\/product_cat?post=882"},{"taxonomy":"product_tag","embeddable":true,"href":"https:\/\/www.mrhardwares.com\/es\/wp-json\/wp\/v2\/product_tag?post=882"}],"curies":[{"name":"wp","href":"https:\/\/api.w.org\/{rel}","templated":true}]}}