{"id":884,"date":"2025-03-21T07:37:04","date_gmt":"2025-03-21T07:37:04","guid":{"rendered":"https:\/\/www.mrhardwares.com\/?post_type=product&#038;p=884"},"modified":"2025-12-31T01:48:31","modified_gmt":"2025-12-31T01:48:31","slug":"wholesale-soft-close-furniture-hinges","status":"publish","type":"product","link":"https:\/\/www.mrhardwares.com\/es\/product\/wholesale-soft-close-furniture-hinges\/","title":{"rendered":"Mayorista Bisagras de Cierre Suave para Muebles, Bisagras de Cierre Suave a Granel para Muebles - MR-ZB"},"content":{"rendered":"<h3 class=\"wp-block-heading\">Caracter\u00edsticas de las bisagras de cierre suave para muebles<\/h3><ul class=\"wp-block-list\"><li><strong>Cierre suave y silencioso: <\/strong>Las bisagras de cierre suave para muebles proporcionan un cierre silencioso de armarios y roperos, evitan eficazmente los impactos violentos y prolongan la vida \u00fatil de bisagras y armarios.<\/li>\n\n<li><strong>Duradero y fiable: <\/strong>Estas bisagras est\u00e1n fabricadas con materiales de alta calidad y son duraderas. Son resistentes al desgaste y a la corrosi\u00f3n, lo que garantiza un rendimiento y una fiabilidad a largo plazo.<\/li>\n\n<li><strong>Reduzca los requisitos de mantenimiento: <\/strong>La bisagra ajustable de cierre suave reduce la necesidad de mantenimiento frecuente gracias a su dise\u00f1o duradero \u00fanico.<\/li>\n\n<li><strong>Personalizaci\u00f3n de materiales: <\/strong>La bisagra de cierre suave para muebles MR-ZB ofrece dos opciones de material, acero inoxidable y acero laminado en fr\u00edo, para satisfacer las necesidades de distintos proyectos.<\/li>\n\n<li><strong>Precio al por mayor de f\u00e1brica: <\/strong>Al tiempo que garantiza una alta calidad, Mingrun ofrece precios al por mayor de f\u00e1brica muy competitivos, lo que permite a los fabricantes de muebles, empresas de decoraci\u00f3n y mayoristas disponer de m\u00e1rgenes de beneficio adicionales si compran.<\/li>\n\n<li><strong>Suministro de bisagras a granel:<\/strong> Mingrun Hardware and Hinge Factory suministra bisagras al por mayor a empresas de muebles de todo el mundo, lo que resulta perfecto para mayoristas, fabricantes de muebles y grandes proyectos.<\/li><\/ul><div class=\"wp-block-columns is-layout-flex wp-container-core-columns-is-layout-9d6595d7 wp-block-columns-is-layout-flex\"><div class=\"wp-block-column is-layout-flow wp-block-column-is-layout-flow\"><figure class=\"wp-block-image size-full\"><img decoding=\"async\" width=\"1600\" height=\"1600\" src=\"https:\/\/www.mrhardwares.com\/wp-content\/uploads\/2025\/03\/wholesale-soft-closing-furniture-hinges-1.webp\" alt=\"venta al por mayor bisagras para muebles de cierre suave (1)\" class=\"wp-image-1250\" srcset=\"https:\/\/www.mrhardwares.com\/wp-content\/uploads\/2025\/03\/wholesale-soft-closing-furniture-hinges-1.webp 1600w, https:\/\/www.mrhardwares.com\/wp-content\/uploads\/2025\/03\/wholesale-soft-closing-furniture-hinges-1-300x300.webp 300w, https:\/\/www.mrhardwares.com\/wp-content\/uploads\/2025\/03\/wholesale-soft-closing-furniture-hinges-1-150x150.webp 150w, https:\/\/www.mrhardwares.com\/wp-content\/uploads\/2025\/03\/wholesale-soft-closing-furniture-hinges-1-768x768.webp 768w, https:\/\/www.mrhardwares.com\/wp-content\/uploads\/2025\/03\/wholesale-soft-closing-furniture-hinges-1-12x12.webp 12w, https:\/\/www.mrhardwares.com\/wp-content\/uploads\/2025\/03\/wholesale-soft-closing-furniture-hinges-1-1200x1200.webp 1200w, https:\/\/www.mrhardwares.com\/wp-content\/uploads\/2025\/03\/wholesale-soft-closing-furniture-hinges-1-600x600.webp 600w, https:\/\/www.mrhardwares.com\/wp-content\/uploads\/2025\/03\/wholesale-soft-closing-furniture-hinges-1-100x100.webp 100w\" sizes=\"(max-width: 1600px) 100vw, 1600px\" \/><\/figure><\/div>\n\n<div class=\"wp-block-column is-layout-flow wp-block-column-is-layout-flow\"><figure class=\"wp-block-image size-full\"><img decoding=\"async\" width=\"1600\" height=\"1600\" src=\"https:\/\/www.mrhardwares.com\/wp-content\/uploads\/2025\/03\/wholesale-soft-closing-furniture-hinges-2.webp\" alt=\"mayorista bisagras de cierre suave para muebles (2)\" class=\"wp-image-1251\" srcset=\"https:\/\/www.mrhardwares.com\/wp-content\/uploads\/2025\/03\/wholesale-soft-closing-furniture-hinges-2.webp 1600w, https:\/\/www.mrhardwares.com\/wp-content\/uploads\/2025\/03\/wholesale-soft-closing-furniture-hinges-2-300x300.webp 300w, https:\/\/www.mrhardwares.com\/wp-content\/uploads\/2025\/03\/wholesale-soft-closing-furniture-hinges-2-150x150.webp 150w, https:\/\/www.mrhardwares.com\/wp-content\/uploads\/2025\/03\/wholesale-soft-closing-furniture-hinges-2-768x768.webp 768w, https:\/\/www.mrhardwares.com\/wp-content\/uploads\/2025\/03\/wholesale-soft-closing-furniture-hinges-2-12x12.webp 12w, https:\/\/www.mrhardwares.com\/wp-content\/uploads\/2025\/03\/wholesale-soft-closing-furniture-hinges-2-1200x1200.webp 1200w, https:\/\/www.mrhardwares.com\/wp-content\/uploads\/2025\/03\/wholesale-soft-closing-furniture-hinges-2-600x600.webp 600w, https:\/\/www.mrhardwares.com\/wp-content\/uploads\/2025\/03\/wholesale-soft-closing-furniture-hinges-2-100x100.webp 100w\" sizes=\"(max-width: 1600px) 100vw, 1600px\" \/><\/figure><\/div><\/div>","protected":false},"excerpt":{"rendered":"<p><strong>Precio: US $0.12\/pc<\/strong><\/p>\n<p>Bisagras para muebles al por mayor con dise\u00f1o amortiguado para un cierre suave y silencioso. <br \/>Mingrun Hardware Hinge Factory se especializa en el suministro de bisagras para muebles amortiguadores al por mayor a empresas de muebles de todo el mundo. Nuestras soluciones al por mayor son ideales para mayoristas, fabricantes de muebles y grandes proyectos. P\u00f3ngase en contacto con nosotros para solicitar un presupuesto.<br \/><strong><a href=\"https:\/\/www.mrhardwares.com\/es\/custom-solution\/\" target=\"_blank\" rel=\"noopener\">M\u00e1s informaci\u00f3n sobre soluciones de bisagras para muebles personalizadas OEM y ODM \u2192 .<\/a><\/strong><\/p>\n<h2>Especificaciones de la bisagra de cierre suave para muebles<\/h2>\n<table border=\"0\" cellspacing=\"0\" cellpadding=\"0\">\n<tbody style=\"font-size: 12px; border: 1px solid #ccc; overflow: hidden;\">\n<tr style=\"line-height: 1.4;\">\n<td style=\"width: 33%;\" width=\"36\" height=\"30\"><strong>Especificaci\u00f3n<\/strong><\/td>\n<td style=\"width: 67%;\" width=\"72\"><strong>Detalles<\/strong><\/td>\n<\/tr>\n<tr style=\"line-height: 1.4;\">\n<td style=\"width: 33%;\" width=\"36\" height=\"30\"><strong>N\u00famero de modelo<\/strong><\/td>\n<td style=\"width: 67%;\" width=\"72\">MR-ZB<\/td>\n<\/tr>\n<tr style=\"line-height: 1.4;\">\n<td style=\"width: 33%;\" width=\"36\" height=\"30\"><strong>Material de la bisagra<\/strong><\/td>\n<td style=\"width: 67%;\" width=\"72\">Acero laminado en fr\u00edo o acero inoxidable<\/td>\n<\/tr>\n<tr style=\"line-height: 1.4;\">\n<td style=\"width: 33%;\" width=\"36\" height=\"30\"><strong>Tipo de bisagra<\/strong><\/td>\n<td style=\"width: 67%;\" width=\"72\">Bisagra de cierre suave<\/td>\n<\/tr>\n<tr style=\"line-height: 1.4;\">\n<td style=\"width: 33%;\" width=\"36\" height=\"60\"><strong>Escenarios aplicables<\/strong><\/td>\n<td style=\"width: 67%;\" width=\"72\">Armario, armario, estanter\u00eda, armario de ba\u00f1o, etc.<\/td>\n<\/tr>\n<tr style=\"line-height: 1.4;\">\n<td style=\"width: 33%;\" width=\"36\" height=\"50\"><strong>Servicio OEM y ODM<\/strong><\/td>\n<td style=\"width: 67%;\" width=\"72\">Admite una personalizaci\u00f3n sencilla y una personalizaci\u00f3n profunda<\/td>\n<\/tr>\n<\/tbody>\n<\/table>\n<p>\n<script src=\"chrome-extension:\/\/fpelahbljekknahkcaegamhcndkfpfnc\/iFrame.js\" type=\"text\/javascript\"><\/script><\/p>","protected":false},"featured_media":1247,"comment_status":"closed","ping_status":"closed","template":"","meta":{"_acf_changed":false},"product_brand":[],"product_cat":[16,17,19,23],"product_tag":[],"class_list":{"0":"post-884","1":"product","2":"type-product","3":"status-publish","4":"has-post-thumbnail","6":"product_cat-wholesale-soft-closing-hinges","7":"product_cat-wholesale-cabinet-hinges","8":"product_cat-wholesale-furniture-hinges","9":"product_cat-wholesale-hydraulic-hinges","11":"first","12":"instock","13":"shipping-taxable","14":"product-type-simple"},"acf":[],"_links":{"self":[{"href":"https:\/\/www.mrhardwares.com\/es\/wp-json\/wp\/v2\/product\/884","targetHints":{"allow":["GET"]}}],"collection":[{"href":"https:\/\/www.mrhardwares.com\/es\/wp-json\/wp\/v2\/product"}],"about":[{"href":"https:\/\/www.mrhardwares.com\/es\/wp-json\/wp\/v2\/types\/product"}],"replies":[{"embeddable":true,"href":"https:\/\/www.mrhardwares.com\/es\/wp-json\/wp\/v2\/comments?post=884"}],"wp:featuredmedia":[{"embeddable":true,"href":"https:\/\/www.mrhardwares.com\/es\/wp-json\/wp\/v2\/media\/1247"}],"wp:attachment":[{"href":"https:\/\/www.mrhardwares.com\/es\/wp-json\/wp\/v2\/media?parent=884"}],"wp:term":[{"taxonomy":"product_brand","embeddable":true,"href":"https:\/\/www.mrhardwares.com\/es\/wp-json\/wp\/v2\/product_brand?post=884"},{"taxonomy":"product_cat","embeddable":true,"href":"https:\/\/www.mrhardwares.com\/es\/wp-json\/wp\/v2\/product_cat?post=884"},{"taxonomy":"product_tag","embeddable":true,"href":"https:\/\/www.mrhardwares.com\/es\/wp-json\/wp\/v2\/product_tag?post=884"}],"curies":[{"name":"wp","href":"https:\/\/api.w.org\/{rel}","templated":true}]}}