{"id":892,"date":"2025-03-25T03:26:55","date_gmt":"2025-03-25T03:26:55","guid":{"rendered":"https:\/\/www.mrhardwares.com\/?post_type=product&#038;p=892"},"modified":"2025-12-31T01:58:11","modified_gmt":"2025-12-31T01:58:11","slug":"wholesale-soft-close-concealed-hinges","status":"publish","type":"product","link":"https:\/\/www.mrhardwares.com\/es\/product\/wholesale-soft-close-concealed-hinges\/","title":{"rendered":"Mayorista Bisagras de Cierre Suave Ocultas, Bisagras de Armario a Granel - MR-F2A"},"content":{"rendered":"<h3 class=\"wp-block-heading\">Caracter\u00edsticas de las bisagras ocultas de cierre suave<\/h3><ul class=\"wp-block-list\"><li><strong>Mecanismo de cierre suave: <\/strong>Cada bisagra est\u00e1 equipada con un amortiguador de ralentizaci\u00f3n incorporado para garantizar que la puerta del armario se cierre suave y silenciosamente. Reduce el desgaste de la bisagra y el cuerpo del armario, pero tambi\u00e9n aporta una experiencia de usuario silenciosa y de alta calidad.<br><\/li>\n\n<li><strong>Hay tres tipos de instalaci\u00f3n disponibles: <\/strong>Los modelos MR-F2A est\u00e1n disponibles en estilos de bisagra de cobertura total, semicubierta y empotrada (sin cobertura), que son compatibles con varias configuraciones de puertas de armario.<br><\/li>\n\n<li><strong>Dise\u00f1o oculto:<\/strong> Los estilos de cobertura total y semicubierta tienen un dise\u00f1o oculto. Cuando la puerta del armario est\u00e1 cerrada, la bisagra no aparece en el campo de visi\u00f3n, lo que garantiza el aspecto sencillo del mueble.<br><\/li>\n\n<li><strong>Dos materiales a elegir:<\/strong> La bisagra oculta de cierre suave serie MR-F2A est\u00e1 disponible en acero inoxidable y acero laminado en fr\u00edo. Adecuada para diferentes necesidades de proyectos, es muy adecuada para que la adquieran mayoristas y empresas de muebles.<br><\/li>\n\n<li><strong>Suministro de bisagras para armarios a granel:<\/strong>Como fabricante profesional de bisagras, suministramos bisagras para muebles a granel a marcas mundiales de muebles, fabricantes de armarios y mayoristas, ofreciendo precios muy competitivos y servicios flexibles de personalizaci\u00f3n.<\/li><\/ul>","protected":false},"excerpt":{"rendered":"<p data-pm-slice=\"1 1 []\"><strong>Precio: US $0.123\/pc<\/strong><\/p>\n<p>Wholesale soft-close concealed hinges. The MR-F2A series offers full-cover, half-cover and recessed styles, and is available in stainless steel or cold-rolled steel. It is equipped with a soft-close hydraulic system to provide users with a quiet and smooth cabinet door closing experience.<\/p>\n<p>Mingrun fabricante de bisagras le proporciona suministro de bisagras de gabinete a granel y precios de f\u00e1brica, recepci\u00f3n para entrarnos en contacto con.<br \/><strong><a href=\"https:\/\/www.mrhardwares.com\/es\/custom-solution\/\" target=\"_blank\" rel=\"noopener\">M\u00e1s informaci\u00f3n sobre soluciones de bisagras para muebles a medida OEM y ODM \u2192 <\/a><\/strong><\/p>\n<h2>Especificaciones de las bisagras para puertas de armarios de cierre suave<\/h2>\n<table border=\"0\" cellspacing=\"0\" cellpadding=\"0\">\n<tbody style=\"font-size: 12px; border: 1px solid #ccc; overflow: hidden;\">\n<tr style=\"line-height: 1.4;\">\n<td style=\"width: 33%;\" width=\"36\" height=\"30\"><span style=\"font-size: 16px;\">Especificaci\u00f3n<\/span><\/td>\n<td style=\"width: 67%;\" width=\"72\"><span style=\"font-size: 16px;\">Detalles<\/span><\/td>\n<\/tr>\n<tr style=\"line-height: 1.4;\">\n<td style=\"width: 33%;\" width=\"36\" height=\"30\"><span style=\"font-size: 16px;\">N\u00famero de modelo<\/span><\/td>\n<td style=\"width: 67%;\" width=\"72\"><span style=\"font-size: 16px;\">MR-F2A<\/span><\/td>\n<\/tr>\n<tr style=\"line-height: 1.4;\">\n<td style=\"width: 33%;\" width=\"36\" height=\"30\"><span style=\"font-size: 16px;\">Material de la bisagra<\/span><\/td>\n<td style=\"width: 67%;\" width=\"72\"><span style=\"font-size: 16px;\">Acero inoxidable o acero laminado en fr\u00edo<\/span><\/td>\n<\/tr>\n<tr style=\"line-height: 1.4;\">\n<td style=\"width: 33%;\" width=\"36\" height=\"30\"><span style=\"font-size: 16px;\">Tipo de bisagra<\/span><\/td>\n<td style=\"width: 67%;\" width=\"72\"><span style=\"font-size: 16px;\">Bisagra de cierre suave<\/span><\/td>\n<\/tr>\n<tr style=\"line-height: 1.4;\">\n<td style=\"width: 33%;\" width=\"36\" height=\"60\"><span style=\"font-size: 16px;\">Escenarios aplicables<\/span><\/td>\n<td style=\"width: 67%;\" width=\"72\"><span style=\"font-size: 16px;\">Armario, armario, estanter\u00eda, armario de ba\u00f1o, etc.<\/span><\/td>\n<\/tr>\n<tr style=\"line-height: 1.4;\">\n<td style=\"width: 33%;\" width=\"36\" height=\"50\"><span style=\"font-size: 16px;\">Servicio OEM y ODM<\/span><\/td>\n<td style=\"width: 67%;\" width=\"72\"><span style=\"font-size: 16px;\">Admite una personalizaci\u00f3n sencilla y una personalizaci\u00f3n profunda<\/span><\/td>\n<\/tr>\n<\/tbody>\n<\/table>\n<p><script src=\"chrome-extension:\/\/fpelahbljekknahkcaegamhcndkfpfnc\/iFrame.js\" type=\"text\/javascript\"><\/script><\/p>","protected":false},"featured_media":1254,"comment_status":"closed","ping_status":"closed","template":"","meta":{"_acf_changed":false},"product_brand":[],"product_cat":[17,19,16],"product_tag":[],"class_list":{"0":"post-892","1":"product","2":"type-product","3":"status-publish","4":"has-post-thumbnail","6":"product_cat-wholesale-cabinet-hinges","7":"product_cat-wholesale-furniture-hinges","8":"product_cat-wholesale-soft-closing-hinges","10":"first","11":"instock","12":"shipping-taxable","13":"product-type-simple"},"acf":[],"_links":{"self":[{"href":"https:\/\/www.mrhardwares.com\/es\/wp-json\/wp\/v2\/product\/892","targetHints":{"allow":["GET"]}}],"collection":[{"href":"https:\/\/www.mrhardwares.com\/es\/wp-json\/wp\/v2\/product"}],"about":[{"href":"https:\/\/www.mrhardwares.com\/es\/wp-json\/wp\/v2\/types\/product"}],"replies":[{"embeddable":true,"href":"https:\/\/www.mrhardwares.com\/es\/wp-json\/wp\/v2\/comments?post=892"}],"wp:featuredmedia":[{"embeddable":true,"href":"https:\/\/www.mrhardwares.com\/es\/wp-json\/wp\/v2\/media\/1254"}],"wp:attachment":[{"href":"https:\/\/www.mrhardwares.com\/es\/wp-json\/wp\/v2\/media?parent=892"}],"wp:term":[{"taxonomy":"product_brand","embeddable":true,"href":"https:\/\/www.mrhardwares.com\/es\/wp-json\/wp\/v2\/product_brand?post=892"},{"taxonomy":"product_cat","embeddable":true,"href":"https:\/\/www.mrhardwares.com\/es\/wp-json\/wp\/v2\/product_cat?post=892"},{"taxonomy":"product_tag","embeddable":true,"href":"https:\/\/www.mrhardwares.com\/es\/wp-json\/wp\/v2\/product_tag?post=892"}],"curies":[{"name":"wp","href":"https:\/\/api.w.org\/{rel}","templated":true}]}}