{"id":893,"date":"2025-03-21T08:07:23","date_gmt":"2025-03-21T08:07:23","guid":{"rendered":"https:\/\/www.mrhardwares.com\/?post_type=product&#038;p=893"},"modified":"2025-12-31T02:04:00","modified_gmt":"2025-12-31T02:04:00","slug":"wholesale-soft-close-cabinet-hinges-mr-f2b","status":"publish","type":"product","link":"https:\/\/www.mrhardwares.com\/es\/product\/wholesale-soft-close-cabinet-hinges-mr-f2b\/","title":{"rendered":"Mayorista Bisagras de Cierre Suave para Armarios con y sin Bisagra - MR-F2B"},"content":{"rendered":"<h3 class=\"wp-block-heading\">Caracter\u00edsticas de las bisagras de cierre suave para armarios<\/h3><ul class=\"wp-block-list\"><li><strong>Sistema hidr\u00e1ulico de cierre suave: <\/strong>Cada bisagra utiliza un amortiguador hidr\u00e1ulico sellado para reducir eficazmente el impacto y el ruido al cerrar la puerta, proporcionando una experiencia de cierre suave, silenciosa y sin sobresaltos.<br><\/li>\n\n<li><strong>Duradera: <\/strong>Estas bisagras de cierre suave para armarios son duraderas y se han probado durante m\u00e1s de 80.000 ciclos de apertura y cierre, simulando escenarios de uso repetido diario para garantizar un rendimiento y una fiabilidad a largo plazo.<br><\/li>\n\n<li><strong>Tres opciones de cobertura: <\/strong>La serie MR-F2B est\u00e1 disponible en los estilos de cobertura total, media cobertura y empotrado (sin cobertura) para admitir diversas configuraciones de puertas de armario.<br><\/li>\n\n<li><strong>Ideal para proyectos al por mayor: <\/strong>Como fabricante profesional de bisagras, suministramos bisagras para muebles a granel a clientes de todo el mundo a precios muy competitivos para satisfacer las necesidades de grandes proyectos y producciones a gran escala.<br><\/li>\n\n<li><strong>Ventajas de la venta al por mayor personalizada: <\/strong>Admite LOGO personalizado, embalaje y m\u00e1s detalles personalizados para ayudar a mejorar la imagen de marca. Tambi\u00e9n ofrecemos precios al por mayor flexibles y servicios de entrega r\u00e1pida para pedidos al por mayor.<\/li><\/ul>","protected":false},"excerpt":{"rendered":"<p><strong>Precio: US $0.13\/pc<\/strong><\/p>\n<p>Las bisagras de cierre suave para armarios al por mayor se pueden utilizar en armarios, gabinetes y tocadores de ba\u00f1o, soportan m\u00e1s de 80.000 pruebas de apertura y cierre, son duraderas y de excelente calidad. Ofrecemos estilos de cobertura total, semicubierta y empotrada (sin cobertura) para satisfacer las diferentes necesidades de los proyectos. P\u00f3ngase en contacto con nosotros para solicitar un presupuesto.<\/p>\n<p><strong><a href=\"https:\/\/www.mrhardwares.com\/es\/custom-solution\/\" target=\"_blank\" rel=\"noopener\">M\u00e1s informaci\u00f3n sobre soluciones de bisagras para muebles a medida OEM y ODM \u2192<\/a><\/strong><\/p>\n<h2>Especificaciones de la bisagra de cierre suave para armarios<\/h2>\n<table border=\"0\" cellspacing=\"0\" cellpadding=\"0\">\n<tbody style=\"font-size: 12px; border: 1px solid #ccc; overflow: hidden;\">\n<tr style=\"line-height: 1.4;\">\n<td style=\"width: 33%;\" width=\"36\" height=\"30\"><strong>Especificaci\u00f3n<\/strong><\/td>\n<td style=\"width: 67%;\" width=\"72\"><strong>Detalles<\/strong><\/td>\n<\/tr>\n<tr style=\"line-height: 1.4;\">\n<td style=\"width: 33%;\" width=\"36\" height=\"30\"><strong>N\u00famero de modelo<\/strong><\/td>\n<td style=\"width: 67%;\" width=\"72\">MR-F2B<\/td>\n<\/tr>\n<tr style=\"line-height: 1.4;\">\n<td style=\"width: 33%;\" width=\"36\" height=\"30\"><strong>Material de la bisagra<\/strong><\/td>\n<td style=\"width: 67%;\" width=\"72\">Acero inoxidable o acero laminado en fr\u00edo<\/td>\n<\/tr>\n<tr style=\"line-height: 1.4;\">\n<td style=\"width: 33%;\" width=\"36\" height=\"30\"><strong>Tipo de bisagra<\/strong><\/td>\n<td style=\"width: 67%;\" width=\"72\">Bisagra de cierre suave<\/td>\n<\/tr>\n<tr style=\"line-height: 1.4;\">\n<td style=\"width: 33%;\" width=\"36\" height=\"60\"><strong>Escenarios aplicables<\/strong><\/td>\n<td style=\"width: 67%;\" width=\"72\">Armario, armario, estanter\u00eda, armario de ba\u00f1o, etc.<\/td>\n<\/tr>\n<tr style=\"line-height: 1.4;\">\n<td style=\"width: 33%;\" width=\"36\" height=\"50\"><strong>Servicio OEM y ODM<\/strong><\/td>\n<td style=\"width: 67%;\" width=\"72\">Admite una personalizaci\u00f3n sencilla y una personalizaci\u00f3n profunda<\/td>\n<\/tr>\n<\/tbody>\n<\/table>\n<p>\n<script src=\"chrome-extension:\/\/fpelahbljekknahkcaegamhcndkfpfnc\/iFrame.js\" type=\"text\/javascript\"><\/script><\/p>","protected":false},"featured_media":1264,"comment_status":"closed","ping_status":"closed","template":"","meta":{"_acf_changed":false},"product_brand":[],"product_cat":[16,17,19],"product_tag":[],"class_list":{"0":"post-893","1":"product","2":"type-product","3":"status-publish","4":"has-post-thumbnail","6":"product_cat-wholesale-soft-closing-hinges","7":"product_cat-wholesale-cabinet-hinges","8":"product_cat-wholesale-furniture-hinges","10":"first","11":"instock","12":"shipping-taxable","13":"product-type-simple"},"acf":[],"_links":{"self":[{"href":"https:\/\/www.mrhardwares.com\/es\/wp-json\/wp\/v2\/product\/893","targetHints":{"allow":["GET"]}}],"collection":[{"href":"https:\/\/www.mrhardwares.com\/es\/wp-json\/wp\/v2\/product"}],"about":[{"href":"https:\/\/www.mrhardwares.com\/es\/wp-json\/wp\/v2\/types\/product"}],"replies":[{"embeddable":true,"href":"https:\/\/www.mrhardwares.com\/es\/wp-json\/wp\/v2\/comments?post=893"}],"wp:featuredmedia":[{"embeddable":true,"href":"https:\/\/www.mrhardwares.com\/es\/wp-json\/wp\/v2\/media\/1264"}],"wp:attachment":[{"href":"https:\/\/www.mrhardwares.com\/es\/wp-json\/wp\/v2\/media?parent=893"}],"wp:term":[{"taxonomy":"product_brand","embeddable":true,"href":"https:\/\/www.mrhardwares.com\/es\/wp-json\/wp\/v2\/product_brand?post=893"},{"taxonomy":"product_cat","embeddable":true,"href":"https:\/\/www.mrhardwares.com\/es\/wp-json\/wp\/v2\/product_cat?post=893"},{"taxonomy":"product_tag","embeddable":true,"href":"https:\/\/www.mrhardwares.com\/es\/wp-json\/wp\/v2\/product_tag?post=893"}],"curies":[{"name":"wp","href":"https:\/\/api.w.org\/{rel}","templated":true}]}}