{"id":894,"date":"2025-03-21T08:28:32","date_gmt":"2025-03-21T08:28:32","guid":{"rendered":"https:\/\/www.mrhardwares.com\/?post_type=product&#038;p=894"},"modified":"2025-12-31T02:54:43","modified_gmt":"2025-12-31T02:54:43","slug":"wholesale-soft-close-hydraulic-cabinet-hinges","status":"publish","type":"product","link":"https:\/\/www.mrhardwares.com\/es\/product\/wholesale-soft-close-hydraulic-cabinet-hinges\/","title":{"rendered":"Venta al por mayor bisagras hidr\u00e1ulicas para armarios, bisagras ocultas a granel para armarios MR-DTG"},"content":{"rendered":"<h3 class=\"wp-block-heading\">Caracter\u00edsticas de las bisagras hidr\u00e1ulicas para armarios<\/h3><p><strong>Material de alta calidad:<\/strong> Fabricado en acero inoxidable de alta calidad o materiales de hierro para garantizar la<strong> <\/strong>durabilidad a largo plazo de la bisagra.<\/p><p><strong>Amortiguaci\u00f3n y silencio<\/strong>: Sistema de amortiguaci\u00f3n hidr\u00e1ulica incorporado, la puerta rebota lentamente al abrirse y cerrarse, garantizando una apertura y cierre suaves, reduciendo eficazmente el ruido.<\/p><p><strong>F\u00e1cil de instalar:<\/strong> Dise\u00f1o sencillo, gu\u00eda de instalaci\u00f3n detallada, apto para todo tipo de puertas de armarios de cocina, proceso de instalaci\u00f3n r\u00e1pido y sencillo, incluso los no profesionales pueden completarlo f\u00e1cilmente.<\/p><p><strong>Gran capacidad de carga<\/strong>: Estructura de bisagra reforzada, fuerte capacidad de carga, adecuada para la mayor\u00eda de puertas de armarios de cocina, capaz de soportar la presi\u00f3n de apertura y cierre en el uso diario.<\/p><p><strong>Larga vida \u00fatil<\/strong>: Dise\u00f1o de alta resistencia al desgaste, la bisagra sigue manteniendo un rendimiento de apertura y cierre suave durante el uso a largo plazo, lo que reduce el coste de la sustituci\u00f3n frecuente.<\/p><p><strong>Aplicaci\u00f3n vers\u00e1til:<\/strong> Adecuado para todo tipo de armarios de cocina, armarios, armarios de ba\u00f1o y otros muebles, ampliamente utilizado en el hogar, cocinas comerciales y proyectos de muebles a medida.<\/p>","protected":false},"excerpt":{"rendered":"<p><strong>Price: US $0.124\/pc<\/strong><\/p>\n<p>Las bisagras hidr\u00e1ulicas al por mayor del gabinete aseguran las puertas del gabinete se cierran suavemente y lentamente, reducen con eficacia el ruido, conveniente para las puertas del gabinete de diversos materiales. Proporcionar precios al por mayor de f\u00e1brica, apoyar los servicios de personalizaci\u00f3n OEM y ODM, recepci\u00f3n para entrarnos en contacto con.<\/p>\n<h2>Especificaciones de las bisagras hidr\u00e1ulicas para armarios<\/h2>\n<table border=\"0\" cellspacing=\"0\" cellpadding=\"0\">\n<tbody style=\"font-size: 12px; border: 1px solid #ccc; overflow: hidden;\">\n<tr style=\"line-height: 1.4;\">\n<td style=\"width: 33%;\" width=\"36\" height=\"30\"><strong>Especificaci\u00f3n<\/strong><\/td>\n<td style=\"width: 67%;\" width=\"72\"><strong>Detalles<\/strong><\/td>\n<\/tr>\n<tr style=\"line-height: 1.4;\">\n<td style=\"width: 33%;\" width=\"36\" height=\"30\"><strong>N\u00famero de modelo<\/strong><\/td>\n<td style=\"width: 67%;\" width=\"72\">MR-DTG<\/td>\n<\/tr>\n<tr style=\"line-height: 1.4;\">\n<td style=\"width: 33%;\" width=\"36\" height=\"30\"><strong>Material de la bisagra<\/strong><\/td>\n<td style=\"width: 67%;\" width=\"72\">Acero inoxidable o acero laminado en fr\u00edo<\/td>\n<\/tr>\n<tr style=\"line-height: 1.4;\">\n<td style=\"width: 33%;\" width=\"36\" height=\"30\"><strong>Tipo de bisagra<\/strong><\/td>\n<td style=\"width: 67%;\" width=\"72\">Bisagra de cierre suave<\/td>\n<\/tr>\n<tr style=\"line-height: 1.4;\">\n<td style=\"width: 33%;\" width=\"36\" height=\"60\"><strong>Escenarios aplicables<\/strong><\/td>\n<td style=\"width: 67%;\" width=\"72\">Armario, armario, estanter\u00eda, armario de ba\u00f1o, etc.<\/td>\n<\/tr>\n<tr style=\"line-height: 1.4;\">\n<td style=\"width: 33%;\" width=\"36\" height=\"50\"><strong>Servicio OEM y ODM<\/strong><\/td>\n<td style=\"width: 67%;\" width=\"72\">Admite una personalizaci\u00f3n sencilla y una personalizaci\u00f3n profunda<\/td>\n<\/tr>\n<\/tbody>\n<\/table>\n<p>&nbsp;<\/p>\n<p><script src=\"chrome-extension:\/\/fpelahbljekknahkcaegamhcndkfpfnc\/iFrame.js\" type=\"text\/javascript\"><\/script><\/p>\n<p>\n<script src=\"chrome-extension:\/\/fpelahbljekknahkcaegamhcndkfpfnc\/iFrame.js\" type=\"text\/javascript\"><\/script><\/p>","protected":false},"featured_media":956,"comment_status":"closed","ping_status":"closed","template":"","meta":{"_acf_changed":false},"product_brand":[],"product_cat":[16,17,19,23],"product_tag":[],"class_list":{"0":"post-894","1":"product","2":"type-product","3":"status-publish","4":"has-post-thumbnail","6":"product_cat-wholesale-soft-closing-hinges","7":"product_cat-wholesale-cabinet-hinges","8":"product_cat-wholesale-furniture-hinges","9":"product_cat-wholesale-hydraulic-hinges","11":"first","12":"instock","13":"shipping-taxable","14":"product-type-simple"},"acf":[],"_links":{"self":[{"href":"https:\/\/www.mrhardwares.com\/es\/wp-json\/wp\/v2\/product\/894","targetHints":{"allow":["GET"]}}],"collection":[{"href":"https:\/\/www.mrhardwares.com\/es\/wp-json\/wp\/v2\/product"}],"about":[{"href":"https:\/\/www.mrhardwares.com\/es\/wp-json\/wp\/v2\/types\/product"}],"replies":[{"embeddable":true,"href":"https:\/\/www.mrhardwares.com\/es\/wp-json\/wp\/v2\/comments?post=894"}],"wp:featuredmedia":[{"embeddable":true,"href":"https:\/\/www.mrhardwares.com\/es\/wp-json\/wp\/v2\/media\/956"}],"wp:attachment":[{"href":"https:\/\/www.mrhardwares.com\/es\/wp-json\/wp\/v2\/media?parent=894"}],"wp:term":[{"taxonomy":"product_brand","embeddable":true,"href":"https:\/\/www.mrhardwares.com\/es\/wp-json\/wp\/v2\/product_brand?post=894"},{"taxonomy":"product_cat","embeddable":true,"href":"https:\/\/www.mrhardwares.com\/es\/wp-json\/wp\/v2\/product_cat?post=894"},{"taxonomy":"product_tag","embeddable":true,"href":"https:\/\/www.mrhardwares.com\/es\/wp-json\/wp\/v2\/product_tag?post=894"}],"curies":[{"name":"wp","href":"https:\/\/api.w.org\/{rel}","templated":true}]}}