{"id":896,"date":"2025-03-21T08:58:53","date_gmt":"2025-03-21T08:58:53","guid":{"rendered":"https:\/\/www.mrhardwares.com\/?post_type=product&#038;p=896"},"modified":"2025-12-31T03:14:40","modified_gmt":"2025-12-31T03:14:40","slug":"wholesale-normal-furniture-hinge","status":"publish","type":"product","link":"https:\/\/www.mrhardwares.com\/es\/product\/wholesale-normal-furniture-hinge\/","title":{"rendered":"Mayorista Bisagras Normales para Armario y Cabina, Armarios de Ba\u00f1o - MR-261B2"},"content":{"rendered":"<h3 class=\"wp-block-heading\">Caracter\u00edsticas de las bisagras normales MR-261B2<\/h3><p><strong>Apertura y cierre suaves<\/strong>Tecnolog\u00eda de fabricaci\u00f3n de alta precisi\u00f3n para garantizar la apertura y el cierre suaves y silenciosos del panel de la puerta.<\/p><p><strong>Gran capacidad de carga<\/strong>: la estructura es estable y puede soportar grandes pesos para garantizar el uso seguro de la puerta del armario.<\/p><p><strong>Bajo coste de mantenimiento<\/strong>: su dise\u00f1o de alta durabilidad reduce la frecuencia de sustituci\u00f3n y los costes de mantenimiento posteriores.<\/p><p><strong>Soluci\u00f3n integral de personalizaci\u00f3n:<\/strong> El tama\u00f1o, el \u00e1ngulo, la resistencia del muelle, el tratamiento superficial, etc. pueden ajustarse seg\u00fan las necesidades del cliente.<\/p>","protected":false},"excerpt":{"rendered":"<p><strong>Precio: US $0.055\/pc<\/strong><\/p>\n<p>Bisagras ordinarias al por mayor, aptas para todo tipo de muebles como armarios, gabinetes, armarios de ba\u00f1o, etc., aptas para m\u00faltiples escenarios como el hogar, el hotel, la oficina, etc. Apoyar la personalizaci\u00f3n OEM y ODM para satisfacer las necesidades de diferentes clientes, bienvenidos a consultar y cooperar.<\/p>\n<h2>Especificaciones de la bisagra normal - MR-261B2<\/h2>\n<table border=\"0\" cellspacing=\"0\" cellpadding=\"0\">\n<tbody style=\"font-size: 12px; border: 1px solid #ccc; overflow: hidden;\">\n<tr style=\"line-height: 1.4;\">\n<td style=\"width: 33%;\" width=\"36\" height=\"30\"><strong>Especificaci\u00f3n<\/strong><\/td>\n<td style=\"width: 67%;\" width=\"72\"><strong>Detalles<\/strong><\/td>\n<\/tr>\n<tr style=\"line-height: 1.4;\">\n<td style=\"width: 33%;\" width=\"36\" height=\"30\"><strong>N\u00famero de modelo<\/strong><\/td>\n<td style=\"width: 67%;\" width=\"72\">MR-261B2<\/td>\n<\/tr>\n<tr style=\"line-height: 1.4;\">\n<td style=\"width: 33%;\" width=\"36\" height=\"30\"><strong>Material de la bisagra<\/strong><\/td>\n<td style=\"width: 67%;\" width=\"72\">Hierro<\/td>\n<\/tr>\n<tr style=\"line-height: 1.4;\">\n<td style=\"width: 33%;\" width=\"36\" height=\"30\"><strong>Tipo de bisagra<\/strong><\/td>\n<td style=\"width: 67%;\" width=\"72\">Bisagras normales para muebles<\/td>\n<\/tr>\n<tr style=\"line-height: 1.4;\">\n<td style=\"width: 33%;\" width=\"36\" height=\"60\"><strong>Escenarios aplicables<\/strong><\/td>\n<td style=\"width: 67%;\" width=\"72\">Armario, armario, estanter\u00eda, armario de ba\u00f1o, etc.<\/td>\n<\/tr>\n<tr style=\"line-height: 1.4;\">\n<td style=\"width: 33%;\" width=\"36\" height=\"50\"><strong>Servicio OEM y ODM<\/strong><\/td>\n<td style=\"width: 67%;\" width=\"72\">Admite una personalizaci\u00f3n sencilla y una personalizaci\u00f3n profunda<\/td>\n<\/tr>\n<\/tbody>\n<\/table>\n<p><script src=\"chrome-extension:\/\/fpelahbljekknahkcaegamhcndkfpfnc\/iFrame.js\" type=\"text\/javascript\"><\/script><\/p>\n<p>\n<script src=\"chrome-extension:\/\/fpelahbljekknahkcaegamhcndkfpfnc\/iFrame.js\" type=\"text\/javascript\"><\/script><\/p>","protected":false},"featured_media":1001,"comment_status":"closed","ping_status":"closed","template":"","meta":{"_acf_changed":false},"product_brand":[],"product_cat":[25],"product_tag":[],"class_list":{"0":"post-896","1":"product","2":"type-product","3":"status-publish","4":"has-post-thumbnail","6":"product_cat-wholesale-regular-furniture-hinges","8":"first","9":"instock","10":"shipping-taxable","11":"product-type-simple"},"acf":[],"_links":{"self":[{"href":"https:\/\/www.mrhardwares.com\/es\/wp-json\/wp\/v2\/product\/896","targetHints":{"allow":["GET"]}}],"collection":[{"href":"https:\/\/www.mrhardwares.com\/es\/wp-json\/wp\/v2\/product"}],"about":[{"href":"https:\/\/www.mrhardwares.com\/es\/wp-json\/wp\/v2\/types\/product"}],"replies":[{"embeddable":true,"href":"https:\/\/www.mrhardwares.com\/es\/wp-json\/wp\/v2\/comments?post=896"}],"wp:featuredmedia":[{"embeddable":true,"href":"https:\/\/www.mrhardwares.com\/es\/wp-json\/wp\/v2\/media\/1001"}],"wp:attachment":[{"href":"https:\/\/www.mrhardwares.com\/es\/wp-json\/wp\/v2\/media?parent=896"}],"wp:term":[{"taxonomy":"product_brand","embeddable":true,"href":"https:\/\/www.mrhardwares.com\/es\/wp-json\/wp\/v2\/product_brand?post=896"},{"taxonomy":"product_cat","embeddable":true,"href":"https:\/\/www.mrhardwares.com\/es\/wp-json\/wp\/v2\/product_cat?post=896"},{"taxonomy":"product_tag","embeddable":true,"href":"https:\/\/www.mrhardwares.com\/es\/wp-json\/wp\/v2\/product_tag?post=896"}],"curies":[{"name":"wp","href":"https:\/\/api.w.org\/{rel}","templated":true}]}}