{"id":906,"date":"2025-03-21T09:57:54","date_gmt":"2025-03-21T09:57:54","guid":{"rendered":"https:\/\/www.mrhardwares.com\/?post_type=product&#038;p=906"},"modified":"2025-12-31T02:57:54","modified_gmt":"2025-12-31T02:57:54","slug":"wholesale-concealed-soft-close-cabinet-hinges-mr-dtza","status":"publish","type":"product","link":"https:\/\/www.mrhardwares.com\/es\/product\/wholesale-concealed-soft-close-cabinet-hinges-mr-dtza\/","title":{"rendered":"Venta al por mayor bisagras de cierre suave para armarios, OEM y ODM disponibles - MR-DTZA"},"content":{"rendered":"<h3 class=\"wp-block-heading\">Caracter\u00edsticas de la bisagra oculta de cierre suave para armarios<\/h3><p><strong>Funci\u00f3n de cierre suave:<\/strong> Equipada con tecnolog\u00eda de cierre suave, la puerta del armario se cierra suave y silenciosamente, evitando da\u00f1os por impacto y mejorando la experiencia del usuario.<\/p><p><strong>Dise\u00f1o ajustable<\/strong>: Admite ajustes horizontales, verticales y de profundidad para garantizar una alineaci\u00f3n precisa de la puerta del armario para adaptarse a las diferentes necesidades de instalaci\u00f3n.<\/p><p><strong>Gran capacidad de carga:<\/strong> El dise\u00f1o optimizado soporta puertas de armario pesadas para garantizar la estabilidad y durabilidad en el uso diario.<\/p><p><strong>Aspecto moderno: <\/strong>Dise\u00f1o moderno y sencillo, adecuado para una variedad de estilos de muebles modernos, realza el aspecto general.<\/p><p><strong>Instalaci\u00f3n r\u00e1pida<\/strong>: F\u00e1cil instalaci\u00f3n, adecuado para el hogar y espacios comerciales, ahorrando tiempo y eficiencia.<\/p><p><strong>Opciones de personalizaci\u00f3n:<\/strong> Proporcionamos una gran variedad de tama\u00f1os, colores y servicios de personalizaci\u00f3n del dise\u00f1o para adaptarnos perfectamente a las necesidades \u00fanicas de su mueble de ba\u00f1o y satisfacer requisitos personalizados.<\/p>","protected":false},"excerpt":{"rendered":"<p><strong>Precio: US $0.151\/pc<\/strong><\/p>\n<p>Las bisagras para armarios de cierre suave ocultas al por mayor garantizan un cierre de puertas suave y silencioso, con ajustes regulables para una alineaci\u00f3n perfecta. P\u00f3ngase en contacto con nosotros para obtener su soluci\u00f3n de bisagras personalizada. Compras al por mayor para disfrutar de precios de f\u00e1brica.<\/p>\n<h2>Especificaciones de la bisagra oculta de cierre suave para armarios<\/h2>\n<table border=\"0\" cellspacing=\"0\" cellpadding=\"0\">\n<tbody style=\"font-size: 12px; border: 1px solid #ccc; overflow: hidden;\">\n<tr style=\"line-height: 1.4;\">\n<td style=\"width: 33%;\" width=\"36\" height=\"30\"><strong>Especificaci\u00f3n<\/strong><\/td>\n<td style=\"width: 67%;\" width=\"72\"><strong>Detalles<\/strong><\/td>\n<\/tr>\n<tr style=\"line-height: 1.4;\">\n<td style=\"width: 33%;\" width=\"36\" height=\"30\"><strong>N\u00famero de modelo<\/strong><\/td>\n<td style=\"width: 67%;\" width=\"72\">MR-DTZA<\/td>\n<\/tr>\n<tr style=\"line-height: 1.4;\">\n<td style=\"width: 33%;\" width=\"36\" height=\"30\"><strong>Material de la bisagra<\/strong><\/td>\n<td style=\"width: 67%;\" width=\"72\">Acero inoxidable o acero laminado en fr\u00edo<\/td>\n<\/tr>\n<tr style=\"line-height: 1.4;\">\n<td style=\"width: 33%;\" width=\"36\" height=\"30\"><strong>Tipo de bisagra<\/strong><\/td>\n<td style=\"width: 67%;\" width=\"72\">Bisagra de cierre suave<\/td>\n<\/tr>\n<tr style=\"line-height: 1.4;\">\n<td style=\"width: 33%;\" width=\"36\" height=\"60\"><strong>Escenarios aplicables<\/strong><\/td>\n<td style=\"width: 67%;\" width=\"72\">Armario, armario, estanter\u00eda, armario de ba\u00f1o, etc.<\/td>\n<\/tr>\n<tr style=\"line-height: 1.4;\">\n<td style=\"width: 33%;\" width=\"36\" height=\"50\"><strong>Servicio OEM y ODM<\/strong><\/td>\n<td style=\"width: 67%;\" width=\"72\">Admite una personalizaci\u00f3n sencilla y una personalizaci\u00f3n profunda<\/td>\n<\/tr>\n<\/tbody>\n<\/table>\n<p><script src=\"chrome-extension:\/\/fpelahbljekknahkcaegamhcndkfpfnc\/iFrame.js\" type=\"text\/javascript\"><\/script><\/p>\n<p><script src=\"chrome-extension:\/\/fpelahbljekknahkcaegamhcndkfpfnc\/iFrame.js\" type=\"text\/javascript\"><\/script><\/p>\n<p>\n<script src=\"chrome-extension:\/\/fpelahbljekknahkcaegamhcndkfpfnc\/iFrame.js\" type=\"text\/javascript\"><\/script><\/p>","protected":false},"featured_media":962,"comment_status":"closed","ping_status":"closed","template":"","meta":{"_acf_changed":false},"product_brand":[],"product_cat":[16,17,19,23],"product_tag":[],"class_list":{"0":"post-906","1":"product","2":"type-product","3":"status-publish","4":"has-post-thumbnail","6":"product_cat-wholesale-soft-closing-hinges","7":"product_cat-wholesale-cabinet-hinges","8":"product_cat-wholesale-furniture-hinges","9":"product_cat-wholesale-hydraulic-hinges","11":"first","12":"instock","13":"shipping-taxable","14":"product-type-simple"},"acf":[],"_links":{"self":[{"href":"https:\/\/www.mrhardwares.com\/es\/wp-json\/wp\/v2\/product\/906","targetHints":{"allow":["GET"]}}],"collection":[{"href":"https:\/\/www.mrhardwares.com\/es\/wp-json\/wp\/v2\/product"}],"about":[{"href":"https:\/\/www.mrhardwares.com\/es\/wp-json\/wp\/v2\/types\/product"}],"replies":[{"embeddable":true,"href":"https:\/\/www.mrhardwares.com\/es\/wp-json\/wp\/v2\/comments?post=906"}],"wp:featuredmedia":[{"embeddable":true,"href":"https:\/\/www.mrhardwares.com\/es\/wp-json\/wp\/v2\/media\/962"}],"wp:attachment":[{"href":"https:\/\/www.mrhardwares.com\/es\/wp-json\/wp\/v2\/media?parent=906"}],"wp:term":[{"taxonomy":"product_brand","embeddable":true,"href":"https:\/\/www.mrhardwares.com\/es\/wp-json\/wp\/v2\/product_brand?post=906"},{"taxonomy":"product_cat","embeddable":true,"href":"https:\/\/www.mrhardwares.com\/es\/wp-json\/wp\/v2\/product_cat?post=906"},{"taxonomy":"product_tag","embeddable":true,"href":"https:\/\/www.mrhardwares.com\/es\/wp-json\/wp\/v2\/product_tag?post=906"}],"curies":[{"name":"wp","href":"https:\/\/api.w.org\/{rel}","templated":true}]}}