{"id":907,"date":"2025-03-21T10:05:20","date_gmt":"2025-03-21T10:05:20","guid":{"rendered":"https:\/\/www.mrhardwares.com\/?post_type=product&#038;p=907"},"modified":"2025-12-31T03:01:23","modified_gmt":"2025-12-31T03:01:23","slug":"wholesale-soft-closing-silent-hinges","status":"publish","type":"product","link":"https:\/\/www.mrhardwares.com\/es\/product\/wholesale-soft-closing-silent-hinges\/","title":{"rendered":"Mayorista Bisagras Silenciosas de Cierre Suave para Armarios MR-F4B - Mingrun Fabricante de Bisagras para Muebles"},"content":{"rendered":"<h3 class=\"wp-block-heading\">Caracter\u00edsticas de la bisagra silenciosa de cierre suave para armarios<\/h3><p><strong>Dise\u00f1o silencioso: <\/strong>Innovadora tecnolog\u00eda silenciosa, no hace ruido al abrir y cerrar las bisagras, lo que proporciona una experiencia de uso silenciosa y c\u00f3moda.<\/p><p><strong>Mecanismo de cierre suave: <\/strong>Cierre suave para evitar la colisi\u00f3n del panel de la puerta, prolonga la vida \u00fatil de la puerta del armario, adecuado para entornos de uso de alta frecuencia.<\/p><p><strong>Ampliamente aplicable<\/strong>: Adecuado para todo tipo de muebles, como cocinas, dormitorios, oficinas, etc., para satisfacer diversas necesidades.<\/p><p><strong>F\u00e1cil instalaci\u00f3n: <\/strong>Dise\u00f1o sencillo, instalaci\u00f3n r\u00e1pida, que reduce los costes de mano de obra y tiempo.<\/p><p><strong>Larga durabilidad:<\/strong> Su estructura reforzada garantiza un uso con cargas elevadas, mantiene la suavidad del interruptor y no requiere sustituciones frecuentes.<\/p>","protected":false},"excerpt":{"rendered":"<p><strong>Precio: US $0.13\/pc<\/strong><\/p>\n<p>La bisagra silenciosa al por mayor ofrece un funcionamiento sin ruido con un mecanismo de cierre suave para evitar el impacto de la puerta. Fabricada con material duradero, es ideal para uso de alta frecuencia en cocinas, oficinas y m\u00e1s. F\u00e1cil de instalar y dise\u00f1ada para un rendimiento duradero. Como fabricante profesional de bisagras para muebles, ofrecemos presupuestos de f\u00e1brica, no dude en ponerse en contacto con nosotros.<\/p>\n<h2>Especificaciones de la bisagra silenciosa de cierre suave para armarios<\/h2>\n<table border=\"0\" cellspacing=\"0\" cellpadding=\"0\">\n<tbody style=\"font-size: 12px; border: 1px solid #ccc; overflow: hidden;\">\n<tr style=\"line-height: 1.4;\">\n<td style=\"width: 33%;\" width=\"36\" height=\"30\"><strong>Especificaci\u00f3n<\/strong><\/td>\n<td style=\"width: 67%;\" width=\"72\"><strong>Detalles<\/strong><\/td>\n<\/tr>\n<tr style=\"line-height: 1.4;\">\n<td style=\"width: 33%;\" width=\"36\" height=\"30\"><strong>N\u00famero de modelo<\/strong><\/td>\n<td style=\"width: 67%;\" width=\"72\">MR-F4B<\/td>\n<\/tr>\n<tr style=\"line-height: 1.4;\">\n<td style=\"width: 33%;\" width=\"36\" height=\"30\"><strong>Material de la bisagra<\/strong><\/td>\n<td style=\"width: 67%;\" width=\"72\">Acero inoxidable o acero laminado en fr\u00edo<\/td>\n<\/tr>\n<tr style=\"line-height: 1.4;\">\n<td style=\"width: 33%;\" width=\"36\" height=\"30\"><strong>Tipo de bisagra<\/strong><\/td>\n<td style=\"width: 67%;\" width=\"72\">Bisagra de cierre suave<\/td>\n<\/tr>\n<tr style=\"line-height: 1.4;\">\n<td style=\"width: 33%;\" width=\"36\" height=\"60\"><strong>Escenarios aplicables<\/strong><\/td>\n<td style=\"width: 67%;\" width=\"72\">Armario, armario, estanter\u00eda, armario de ba\u00f1o, etc.<\/td>\n<\/tr>\n<tr style=\"line-height: 1.4;\">\n<td style=\"width: 33%;\" width=\"36\" height=\"50\"><strong>Servicio OEM y ODM<\/strong><\/td>\n<td style=\"width: 67%;\" width=\"72\">Admite una personalizaci\u00f3n sencilla y una personalizaci\u00f3n profunda<\/td>\n<\/tr>\n<\/tbody>\n<\/table>\n<p>&nbsp;<\/p>\n<p>\n<script src=\"chrome-extension:\/\/fpelahbljekknahkcaegamhcndkfpfnc\/iFrame.js\" type=\"text\/javascript\"><\/script><\/p>","protected":false},"featured_media":984,"comment_status":"closed","ping_status":"closed","template":"","meta":{"_acf_changed":false},"product_brand":[],"product_cat":[16],"product_tag":[],"class_list":{"0":"post-907","1":"product","2":"type-product","3":"status-publish","4":"has-post-thumbnail","6":"product_cat-wholesale-soft-closing-hinges","8":"first","9":"instock","10":"shipping-taxable","11":"product-type-simple"},"acf":[],"_links":{"self":[{"href":"https:\/\/www.mrhardwares.com\/es\/wp-json\/wp\/v2\/product\/907","targetHints":{"allow":["GET"]}}],"collection":[{"href":"https:\/\/www.mrhardwares.com\/es\/wp-json\/wp\/v2\/product"}],"about":[{"href":"https:\/\/www.mrhardwares.com\/es\/wp-json\/wp\/v2\/types\/product"}],"replies":[{"embeddable":true,"href":"https:\/\/www.mrhardwares.com\/es\/wp-json\/wp\/v2\/comments?post=907"}],"wp:featuredmedia":[{"embeddable":true,"href":"https:\/\/www.mrhardwares.com\/es\/wp-json\/wp\/v2\/media\/984"}],"wp:attachment":[{"href":"https:\/\/www.mrhardwares.com\/es\/wp-json\/wp\/v2\/media?parent=907"}],"wp:term":[{"taxonomy":"product_brand","embeddable":true,"href":"https:\/\/www.mrhardwares.com\/es\/wp-json\/wp\/v2\/product_brand?post=907"},{"taxonomy":"product_cat","embeddable":true,"href":"https:\/\/www.mrhardwares.com\/es\/wp-json\/wp\/v2\/product_cat?post=907"},{"taxonomy":"product_tag","embeddable":true,"href":"https:\/\/www.mrhardwares.com\/es\/wp-json\/wp\/v2\/product_tag?post=907"}],"curies":[{"name":"wp","href":"https:\/\/api.w.org\/{rel}","templated":true}]}}