{"id":908,"date":"2025-03-21T10:15:28","date_gmt":"2025-03-21T10:15:28","guid":{"rendered":"https:\/\/www.mrhardwares.com\/?post_type=product&#038;p=908"},"modified":"2025-12-31T03:02:58","modified_gmt":"2025-12-31T03:02:58","slug":"bulk-furniture-hinges-wholesale","status":"publish","type":"product","link":"https:\/\/www.mrhardwares.com\/es\/product\/bulk-furniture-hinges-wholesale\/","title":{"rendered":"Bisagras de cierre suave MR-F4C a granel de alta calidad, adecuadas para armarios, armarios roperos, armarios de ba\u00f1o"},"content":{"rendered":"<h3 class=\"wp-block-heading\">Caracter\u00edsticas de las bisagras para muebles de alta calidad<\/h3><p><strong>Bisagras de alta calidad<\/strong>: Fabricado en acero inoxidable de alta calidad o acero laminado en fr\u00edo, duradero y asequible, adecuado para todo tipo de muebles.<\/p><p><strong>Funci\u00f3n de cierre suave<\/strong>: Equipada con un mecanismo de cierre suave, la puerta del armario se cierra f\u00e1cilmente, evita los golpes y prolonga la vida \u00fatil.<\/p><p><strong>Gran capacidad de carga<\/strong>: El dise\u00f1o de alta capacidad de carga soporta puertas o armarios m\u00e1s pesados, garantizando estabilidad y durabilidad.<\/p><p><strong>Amplia aplicabilidad<\/strong>: Ampliamente utilizado en diversos entornos como el hogar y la empresa, adecuado para muebles de cocina, ba\u00f1o y oficina.<\/p><p><strong>Servicio de personalizaci\u00f3n<\/strong>: Proporcionar opciones personalizadas para satisfacer diferentes requisitos de tama\u00f1o, color y dise\u00f1o para garantizar que las bisagras satisfagan plenamente las necesidades de los proyectos personalizados.<\/p>","protected":false},"excerpt":{"rendered":"<p><strong>Precio: US $0.121\/pc<\/strong><\/p>\n<p>Ofrecemos al por mayor grandes cantidades de bisagras de alta calidad fabricadas en acero inoxidable duradero o acero laminado en fr\u00edo. Cuentan con un sistema hidr\u00e1ulico de cierre suave para un cierre suave de la puerta y una fuerte capacidad de carga adecuada para puertas m\u00e1s pesadas. Son adecuadas para diversos entornos, como cocinas, ba\u00f1os y oficinas, y est\u00e1n disponibles en tama\u00f1os y dise\u00f1os personalizados. Invitamos a mayoristas y distribuidores a ponerse en contacto con nosotros para solicitar un presupuesto.<\/p>\n<h2>Especificaciones de las bisagras para muebles de alta calidad<\/h2>\n<table border=\"0\" cellspacing=\"0\" cellpadding=\"0\">\n<tbody style=\"font-size: 12px; border: 1px solid #ccc; overflow: hidden;\">\n<tr style=\"line-height: 1.4;\">\n<td style=\"width: 33%;\" width=\"36\" height=\"30\"><strong>Especificaci\u00f3n<\/strong><\/td>\n<td style=\"width: 67%;\" width=\"72\"><strong>Detalles<\/strong><\/td>\n<\/tr>\n<tr style=\"line-height: 1.4;\">\n<td style=\"width: 33%;\" width=\"36\" height=\"30\"><strong>N\u00famero de modelo<\/strong><\/td>\n<td style=\"width: 67%;\" width=\"72\">Suave MR-F4C<\/td>\n<\/tr>\n<tr style=\"line-height: 1.4;\">\n<td style=\"width: 33%;\" width=\"36\" height=\"30\"><strong>Material de la bisagra<\/strong><\/td>\n<td style=\"width: 67%;\" width=\"72\">Acero inoxidable o hierro<\/td>\n<\/tr>\n<tr style=\"line-height: 1.4;\">\n<td style=\"width: 33%;\" width=\"36\" height=\"30\"><strong>Tipo de bisagra<\/strong><\/td>\n<td style=\"width: 67%;\" width=\"72\">Bisagra de cierre suave<\/td>\n<\/tr>\n<tr style=\"line-height: 1.4;\">\n<td style=\"width: 33%;\" width=\"36\" height=\"60\"><strong>Escenarios aplicables<\/strong><\/td>\n<td style=\"width: 67%;\" width=\"72\">Armario, armario, estanter\u00eda, armario de ba\u00f1o, etc.<\/td>\n<\/tr>\n<tr style=\"line-height: 1.4;\">\n<td style=\"width: 33%;\" width=\"36\" height=\"50\"><strong>Servicio OEM y ODM<\/strong><\/td>\n<td style=\"width: 67%;\" width=\"72\">Admite una personalizaci\u00f3n sencilla y una personalizaci\u00f3n profunda<\/td>\n<\/tr>\n<\/tbody>\n<\/table>\n<p>&nbsp;<\/p>\n<p>\n<script src=\"chrome-extension:\/\/fpelahbljekknahkcaegamhcndkfpfnc\/iFrame.js\" type=\"text\/javascript\"><\/script><\/p>","protected":false},"featured_media":986,"comment_status":"closed","ping_status":"closed","template":"","meta":{"_acf_changed":false},"product_brand":[],"product_cat":[16,17,19,23],"product_tag":[],"class_list":{"0":"post-908","1":"product","2":"type-product","3":"status-publish","4":"has-post-thumbnail","6":"product_cat-wholesale-soft-closing-hinges","7":"product_cat-wholesale-cabinet-hinges","8":"product_cat-wholesale-furniture-hinges","9":"product_cat-wholesale-hydraulic-hinges","11":"first","12":"instock","13":"shipping-taxable","14":"product-type-simple"},"acf":[],"_links":{"self":[{"href":"https:\/\/www.mrhardwares.com\/es\/wp-json\/wp\/v2\/product\/908","targetHints":{"allow":["GET"]}}],"collection":[{"href":"https:\/\/www.mrhardwares.com\/es\/wp-json\/wp\/v2\/product"}],"about":[{"href":"https:\/\/www.mrhardwares.com\/es\/wp-json\/wp\/v2\/types\/product"}],"replies":[{"embeddable":true,"href":"https:\/\/www.mrhardwares.com\/es\/wp-json\/wp\/v2\/comments?post=908"}],"wp:featuredmedia":[{"embeddable":true,"href":"https:\/\/www.mrhardwares.com\/es\/wp-json\/wp\/v2\/media\/986"}],"wp:attachment":[{"href":"https:\/\/www.mrhardwares.com\/es\/wp-json\/wp\/v2\/media?parent=908"}],"wp:term":[{"taxonomy":"product_brand","embeddable":true,"href":"https:\/\/www.mrhardwares.com\/es\/wp-json\/wp\/v2\/product_brand?post=908"},{"taxonomy":"product_cat","embeddable":true,"href":"https:\/\/www.mrhardwares.com\/es\/wp-json\/wp\/v2\/product_cat?post=908"},{"taxonomy":"product_tag","embeddable":true,"href":"https:\/\/www.mrhardwares.com\/es\/wp-json\/wp\/v2\/product_tag?post=908"}],"curies":[{"name":"wp","href":"https:\/\/api.w.org\/{rel}","templated":true}]}}