{"id":909,"date":"2025-03-21T23:57:03","date_gmt":"2025-03-21T23:57:03","guid":{"rendered":"https:\/\/www.mrhardwares.com\/?post_type=product&#038;p=909"},"modified":"2025-12-31T03:21:03","modified_gmt":"2025-12-31T03:21:03","slug":"wholesale-soft-close-cupboard-door-hinges-2","status":"publish","type":"product","link":"https:\/\/www.mrhardwares.com\/es\/product\/wholesale-soft-close-cupboard-door-hinges-2\/","title":{"rendered":"Mayorista Bisagras de cierre suave para puertas de armarios MR-DTGS - Mingrun Hinge Manufacturer"},"content":{"rendered":"<h3 class=\"wp-block-heading\">Caracter\u00edsticas de las bisagras para puertas de armario de cierre suave<\/h3><p><strong>Mecanismo de cierre del b\u00fafer:<\/strong> La tecnolog\u00eda de amortiguaci\u00f3n puede reducir la fuerza de impacto entre la puerta y el cuerpo del armario y prolongar su vida \u00fatil.<\/p><p><strong>Se aplica ampliamente: <\/strong>Apto para todo tipo de muebles dom\u00e9sticos y comerciales, como armarios de cocina, armarios roperos, armarios de ba\u00f1o, archivadores de oficina, armarios de almacenamiento, armarios de TV, etc., apto para la demanda del mercado mundial.<\/p><p><strong>Suministro de gran volumen: <\/strong>Mingrun dispone de modernas l\u00edneas de producci\u00f3n y equipos de producci\u00f3n automatizados con gran capacidad diaria, que pueden satisfacer las necesidades de pedidos de gran volumen.<\/p><p><strong>Garant\u00eda de calidad: <\/strong>Cada bisagra se somete a una estricta inspecci\u00f3n de calidad para garantizar un rendimiento estable y una firme durabilidad.<\/p>","protected":false},"excerpt":{"rendered":"<p><strong>Precio: US $0.136\/pc<\/strong><\/p>\n<p>Las bisagras para puertas de armario de cierre suave al por mayor, que proporcionan un cierre suave, silencioso y f\u00e1cil, son adecuadas para armarios de cocina, armarios, muebles de oficina y tocadores de ba\u00f1o. Ofrecemos precios competitivos directos de f\u00e1brica y suministro a granel para satisfacer las necesidades de grandes proyectos. P\u00f3ngase en contacto con nosotros para solicitar un presupuesto.<\/p>\n<h2>Especificaciones de las bisagras para puertas de armario de cierre suave<\/h2>\n<table border=\"0\" cellspacing=\"0\" cellpadding=\"0\">\n<tbody style=\"font-size: 12px; border: 1px solid #ccc; overflow: hidden;\">\n<tr style=\"line-height: 1.4;\">\n<td style=\"width: 33%;\" width=\"36\" height=\"30\"><strong>Especificaci\u00f3n<\/strong><\/td>\n<td style=\"width: 67%;\" width=\"72\"><strong>Detalles<\/strong><\/td>\n<\/tr>\n<tr style=\"line-height: 1.4;\">\n<td style=\"width: 33%;\" width=\"36\" height=\"30\"><strong>N\u00famero de modelo<\/strong><\/td>\n<td style=\"width: 67%;\" width=\"72\">MR-DTGS<\/td>\n<\/tr>\n<tr style=\"line-height: 1.4;\">\n<td style=\"width: 33%;\" width=\"36\" height=\"30\"><strong>Material de la bisagra<\/strong><\/td>\n<td style=\"width: 67%;\" width=\"72\">Acero inoxidable o acero laminado en fr\u00edo<\/td>\n<\/tr>\n<tr style=\"line-height: 1.4;\">\n<td style=\"width: 33%;\" width=\"36\" height=\"30\"><strong>Tipo de bisagra<\/strong><\/td>\n<td style=\"width: 67%;\" width=\"72\">Bisagra de cierre suave<\/td>\n<\/tr>\n<tr style=\"line-height: 1.4;\">\n<td style=\"width: 33%;\" width=\"36\" height=\"60\"><strong>Escenarios aplicables<\/strong><\/td>\n<td style=\"width: 67%;\" width=\"72\">Armario, armario, estanter\u00eda, armario de ba\u00f1o, etc.<\/td>\n<\/tr>\n<tr style=\"line-height: 1.4;\">\n<td style=\"width: 33%;\" width=\"36\" height=\"50\"><strong>Servicio OEM y ODM<\/strong><\/td>\n<td style=\"width: 67%;\" width=\"72\">Admite una personalizaci\u00f3n sencilla y una personalizaci\u00f3n profunda<\/td>\n<\/tr>\n<\/tbody>\n<\/table>\n<p><script src=\"chrome-extension:\/\/fpelahbljekknahkcaegamhcndkfpfnc\/iFrame.js\" type=\"text\/javascript\"><\/script><\/p>\n<p>\n<script src=\"chrome-extension:\/\/fpelahbljekknahkcaegamhcndkfpfnc\/iFrame.js\" type=\"text\/javascript\"><\/script><\/p>","protected":false},"featured_media":910,"comment_status":"closed","ping_status":"closed","template":"","meta":{"_acf_changed":false},"product_brand":[],"product_cat":[16],"product_tag":[],"class_list":{"0":"post-909","1":"product","2":"type-product","3":"status-publish","4":"has-post-thumbnail","6":"product_cat-wholesale-soft-closing-hinges","8":"first","9":"instock","10":"shipping-taxable","11":"product-type-simple"},"acf":[],"_links":{"self":[{"href":"https:\/\/www.mrhardwares.com\/es\/wp-json\/wp\/v2\/product\/909","targetHints":{"allow":["GET"]}}],"collection":[{"href":"https:\/\/www.mrhardwares.com\/es\/wp-json\/wp\/v2\/product"}],"about":[{"href":"https:\/\/www.mrhardwares.com\/es\/wp-json\/wp\/v2\/types\/product"}],"replies":[{"embeddable":true,"href":"https:\/\/www.mrhardwares.com\/es\/wp-json\/wp\/v2\/comments?post=909"}],"wp:featuredmedia":[{"embeddable":true,"href":"https:\/\/www.mrhardwares.com\/es\/wp-json\/wp\/v2\/media\/910"}],"wp:attachment":[{"href":"https:\/\/www.mrhardwares.com\/es\/wp-json\/wp\/v2\/media?parent=909"}],"wp:term":[{"taxonomy":"product_brand","embeddable":true,"href":"https:\/\/www.mrhardwares.com\/es\/wp-json\/wp\/v2\/product_brand?post=909"},{"taxonomy":"product_cat","embeddable":true,"href":"https:\/\/www.mrhardwares.com\/es\/wp-json\/wp\/v2\/product_cat?post=909"},{"taxonomy":"product_tag","embeddable":true,"href":"https:\/\/www.mrhardwares.com\/es\/wp-json\/wp\/v2\/product_tag?post=909"}],"curies":[{"name":"wp","href":"https:\/\/api.w.org\/{rel}","templated":true}]}}