{"id":916,"date":"2025-03-22T00:08:29","date_gmt":"2025-03-22T00:08:29","guid":{"rendered":"https:\/\/www.mrhardwares.com\/?post_type=product&#038;p=916"},"modified":"2025-12-31T03:28:19","modified_gmt":"2025-12-31T03:28:19","slug":"wholesale-kitchen-cabinet-soft-close-hinges","status":"publish","type":"product","link":"https:\/\/www.mrhardwares.com\/es\/product\/wholesale-kitchen-cabinet-soft-close-hinges\/","title":{"rendered":"Mayorista Bisagras de Cierre Suave para Armarios de Cocina MR-DTZB, Disponible OEM y ODM"},"content":{"rendered":"<h3 class=\"wp-block-heading\">Caracter\u00edsticas de las bisagras de cierre suave para armarios de cocina <\/h3><p><strong>Resistente a la corrosi\u00f3n:<\/strong> Fabricados en acero inoxidable de alta calidad, son m\u00e1s resistentes a la corrosi\u00f3n, ofrecen una excelente resistencia al desgaste y aguantan en entornos de cocina h\u00famedos.<\/p><p><strong>Capacidad de carga pesada: <\/strong>Con una gran capacidad de carga, son muy duraderas y estables para un uso prolongado en cocinas residenciales y comerciales.<\/p><p><strong>Instalaci\u00f3n f\u00e1cil y sencilla:<\/strong> Con un sistema de montaje f\u00e1cil de usar, pueden montarse f\u00e1cilmente, con el consiguiente ahorro de tiempo y aumento de la productividad para contratistas y fabricantes de muebles.<\/p><p><strong>Precio de f\u00e1brica: <\/strong>Se vende a precios de f\u00e1brica competitivos, lo que garantiza la rentabilidad para compradores a granel, mayoristas y fabricantes de muebles en serie.<\/p>","protected":false},"excerpt":{"rendered":"<p><strong>Precio: US $0.178\/pc<\/strong><\/p>\n<p>Bisagras para armarios de cocina de cierre suave de acero inoxidable al por mayor, resistentes a la corrosi\u00f3n, soporte de suministro de grandes cantidades, adecuadas para fabricantes de muebles, mayoristas y grandes proyectos. P\u00f3ngase en contacto con nosotros para una cotizaci\u00f3n.<\/p>\n<h2>Especificaciones de las bisagras de cierre suave para armarios de cocina<\/h2>\n<table border=\"0\" cellspacing=\"0\" cellpadding=\"0\">\n<tbody style=\"font-size: 12px; border: 1px solid #ccc; overflow: hidden;\">\n<tr style=\"line-height: 1.4;\">\n<td style=\"width: 33%;\" width=\"36\" height=\"30\"><strong>Especificaciones<\/strong><\/td>\n<td style=\"width: 67%;\" width=\"72\">Detalles<\/td>\n<\/tr>\n<tr style=\"line-height: 1.4;\">\n<td style=\"width: 33%;\" width=\"36\" height=\"30\"><strong>Nombre del modelo<\/strong><\/td>\n<td style=\"width: 67%;\" width=\"72\">MR-DTZB<\/td>\n<\/tr>\n<tr style=\"line-height: 1.4;\">\n<td style=\"width: 33%;\" width=\"36\" height=\"30\"><strong>Material de la bisagra<\/strong><\/td>\n<td style=\"width: 67%;\" width=\"72\">Acero inoxidable o acero laminado en fr\u00edo<\/td>\n<\/tr>\n<tr style=\"line-height: 1.4;\">\n<td style=\"width: 33%;\" width=\"36\" height=\"30\"><strong>Tipo de bisagra<\/strong><\/td>\n<td style=\"width: 67%;\" width=\"72\">Bisagra de cierre suave<\/td>\n<\/tr>\n<tr style=\"line-height: 1.4;\">\n<td style=\"width: 33%;\" width=\"36\" height=\"60\"><strong>Escenarios aplicables<\/strong><\/td>\n<td style=\"width: 67%;\" width=\"72\">Armario, armario, estanter\u00eda, armario de ba\u00f1o, etc.<\/td>\n<\/tr>\n<tr style=\"line-height: 1.4;\">\n<td style=\"width: 33%;\" width=\"36\" height=\"50\"><strong>Servicio OEM y ODM<\/strong><\/td>\n<td style=\"width: 67%;\" width=\"72\">Admite una personalizaci\u00f3n sencilla y una personalizaci\u00f3n profunda<\/td>\n<\/tr>\n<\/tbody>\n<\/table>\n<p><script src=\"chrome-extension:\/\/fpelahbljekknahkcaegamhcndkfpfnc\/iFrame.js\" type=\"text\/javascript\"><\/script><\/p>\n<p><script src=\"chrome-extension:\/\/fpelahbljekknahkcaegamhcndkfpfnc\/iFrame.js\" type=\"text\/javascript\"><\/script><\/p>\n<p><script src=\"chrome-extension:\/\/fpelahbljekknahkcaegamhcndkfpfnc\/iFrame.js\" type=\"text\/javascript\"><\/script><\/p>\n<p><script src=\"chrome-extension:\/\/fpelahbljekknahkcaegamhcndkfpfnc\/iFrame.js\" type=\"text\/javascript\"><\/script><\/p>\n<p>\n<script src=\"chrome-extension:\/\/fpelahbljekknahkcaegamhcndkfpfnc\/iFrame.js\" type=\"text\/javascript\"><\/script><\/p>","protected":false},"featured_media":917,"comment_status":"closed","ping_status":"closed","template":"","meta":{"_acf_changed":false},"product_brand":[],"product_cat":[16],"product_tag":[],"class_list":{"0":"post-916","1":"product","2":"type-product","3":"status-publish","4":"has-post-thumbnail","6":"product_cat-wholesale-soft-closing-hinges","8":"first","9":"instock","10":"shipping-taxable","11":"product-type-simple"},"acf":[],"_links":{"self":[{"href":"https:\/\/www.mrhardwares.com\/es\/wp-json\/wp\/v2\/product\/916","targetHints":{"allow":["GET"]}}],"collection":[{"href":"https:\/\/www.mrhardwares.com\/es\/wp-json\/wp\/v2\/product"}],"about":[{"href":"https:\/\/www.mrhardwares.com\/es\/wp-json\/wp\/v2\/types\/product"}],"replies":[{"embeddable":true,"href":"https:\/\/www.mrhardwares.com\/es\/wp-json\/wp\/v2\/comments?post=916"}],"wp:featuredmedia":[{"embeddable":true,"href":"https:\/\/www.mrhardwares.com\/es\/wp-json\/wp\/v2\/media\/917"}],"wp:attachment":[{"href":"https:\/\/www.mrhardwares.com\/es\/wp-json\/wp\/v2\/media?parent=916"}],"wp:term":[{"taxonomy":"product_brand","embeddable":true,"href":"https:\/\/www.mrhardwares.com\/es\/wp-json\/wp\/v2\/product_brand?post=916"},{"taxonomy":"product_cat","embeddable":true,"href":"https:\/\/www.mrhardwares.com\/es\/wp-json\/wp\/v2\/product_cat?post=916"},{"taxonomy":"product_tag","embeddable":true,"href":"https:\/\/www.mrhardwares.com\/es\/wp-json\/wp\/v2\/product_tag?post=916"}],"curies":[{"name":"wp","href":"https:\/\/api.w.org\/{rel}","templated":true}]}}