{"id":967,"date":"2025-03-25T06:03:04","date_gmt":"2025-03-25T06:03:04","guid":{"rendered":"https:\/\/www.mrhardwares.com\/?post_type=product&#038;p=967"},"modified":"2025-12-31T02:59:12","modified_gmt":"2025-12-31T02:59:12","slug":"wholesale-soft-close-hydraulic-hinges-for-cabinets","status":"publish","type":"product","link":"https:\/\/www.mrhardwares.com\/es\/product\/wholesale-soft-close-hydraulic-hinges-for-cabinets\/","title":{"rendered":"Mayorista Bisagras hidr\u00e1ulicas de cierre suave para armarios MR-DTWG"},"content":{"rendered":"<h3 class=\"wp-block-heading\">Caracter\u00edsticas de la bisagra hidr\u00e1ulica de cierre suave<\/h3><p><strong>Cierre silencioso: <\/strong>El dispositivo de amortiguaci\u00f3n hidr\u00e1ulica incorporado garantiza que la puerta del armario se cierre suave y silenciosamente, proporcionando una experiencia de uso m\u00e1s tranquila.<\/p><p><strong>Proteja los muebles: <\/strong>El dise\u00f1o de cierre lento reduce el impacto directo entre la puerta o el caj\u00f3n del armario y el cuerpo del mismo, lo que prolonga la vida \u00fatil del mueble.<\/p><p><strong>Dise\u00f1o antipinzamiento: <\/strong>Las caracter\u00edsticas de cierre lento de la bisagra de cierre suave pueden reducir eficazmente la velocidad de cierre de la puerta del armario o caj\u00f3n, lo que es adecuado para familias con ni\u00f1os.<\/p><p><strong>Funcionamiento sin esfuerzo: <\/strong>El dise\u00f1o de la bisagra de cierre suave permite que la puerta del armario se cierre autom\u00e1ticamente con un ligero empuj\u00f3n, lo que facilita su uso.<\/p><p><strong>Precio al por mayor:<\/strong> Como fabricante profesional de bisagras, ofrecemos precios al por mayor competitivos para pedidos de gran volumen, adecuados para fabricantes de muebles y mayoristas de ferreter\u00eda.<\/p>","protected":false},"excerpt":{"rendered":"<p><strong>Precio: US $0.123\/pc<\/strong><\/p>\n<p>Bisagras hidr\u00e1ulicas de cierre suave al por mayor, aseguran que las puertas de los armarios se cierren suave y silenciosamente, adecuadas para el hogar, la oficina y el uso comercial. Mingrun fabricante de bisagras ofrece buenos precios al por mayor, adecuados para compras al por mayor. P\u00f3ngase en contacto con nosotros para solicitar un presupuesto.<\/p>\n<h2>Especificaciones de la bisagra hidr\u00e1ulica de cierre suave<\/h2>\n<table border=\"0\" cellspacing=\"0\" cellpadding=\"0\">\n<tbody style=\"font-size: 12px; border: 1px solid #ccc; overflow: hidden;\">\n<tr style=\"line-height: 1.4;\">\n<td style=\"width: 33%;\" width=\"36\" height=\"30\"><strong>Especificaci\u00f3n<\/strong><\/td>\n<td style=\"width: 67%;\" width=\"72\"><strong>Detalles<\/strong><\/td>\n<\/tr>\n<tr style=\"line-height: 1.4;\">\n<td style=\"width: 33%;\" width=\"36\" height=\"30\"><strong>N\u00famero de modeloMR<\/strong><\/td>\n<td style=\"width: 67%;\" width=\"72\">MR-DTWG<\/td>\n<\/tr>\n<tr style=\"line-height: 1.4;\">\n<td style=\"width: 33%;\" width=\"36\" height=\"30\"><strong>Material de la bisagra<\/strong><\/td>\n<td style=\"width: 67%;\" width=\"72\">Hierro o acero inoxidable<\/td>\n<\/tr>\n<tr style=\"line-height: 1.4;\">\n<td style=\"width: 33%;\" width=\"36\" height=\"30\"><strong>Tipo de bisagra<\/strong><\/td>\n<td style=\"width: 67%;\" width=\"72\">Bisagra de cierre suave<\/td>\n<\/tr>\n<tr style=\"line-height: 1.4;\">\n<td style=\"width: 33%;\" width=\"36\" height=\"60\"><strong>Escenarios aplicables<\/strong><\/td>\n<td style=\"width: 67%;\" width=\"72\">Armario, armario, estanter\u00eda, armario de ba\u00f1o, etc.<\/td>\n<\/tr>\n<tr style=\"line-height: 1.4;\">\n<td style=\"width: 33%;\" width=\"36\" height=\"50\"><strong>Servicio OEM y ODM<\/strong><\/td>\n<td style=\"width: 67%;\" width=\"72\">Admite una personalizaci\u00f3n sencilla y una personalizaci\u00f3n profunda<\/td>\n<\/tr>\n<\/tbody>\n<\/table>\n<p><script src=\"chrome-extension:\/\/fpelahbljekknahkcaegamhcndkfpfnc\/iFrame.js\" type=\"text\/javascript\"><\/script><\/p>","protected":false},"featured_media":968,"comment_status":"closed","ping_status":"closed","template":"","meta":{"_acf_changed":false},"product_brand":[],"product_cat":[16,17,19,23],"product_tag":[],"class_list":{"0":"post-967","1":"product","2":"type-product","3":"status-publish","4":"has-post-thumbnail","6":"product_cat-wholesale-soft-closing-hinges","7":"product_cat-wholesale-cabinet-hinges","8":"product_cat-wholesale-furniture-hinges","9":"product_cat-wholesale-hydraulic-hinges","11":"first","12":"instock","13":"shipping-taxable","14":"product-type-simple"},"acf":[],"_links":{"self":[{"href":"https:\/\/www.mrhardwares.com\/es\/wp-json\/wp\/v2\/product\/967","targetHints":{"allow":["GET"]}}],"collection":[{"href":"https:\/\/www.mrhardwares.com\/es\/wp-json\/wp\/v2\/product"}],"about":[{"href":"https:\/\/www.mrhardwares.com\/es\/wp-json\/wp\/v2\/types\/product"}],"replies":[{"embeddable":true,"href":"https:\/\/www.mrhardwares.com\/es\/wp-json\/wp\/v2\/comments?post=967"}],"wp:featuredmedia":[{"embeddable":true,"href":"https:\/\/www.mrhardwares.com\/es\/wp-json\/wp\/v2\/media\/968"}],"wp:attachment":[{"href":"https:\/\/www.mrhardwares.com\/es\/wp-json\/wp\/v2\/media?parent=967"}],"wp:term":[{"taxonomy":"product_brand","embeddable":true,"href":"https:\/\/www.mrhardwares.com\/es\/wp-json\/wp\/v2\/product_brand?post=967"},{"taxonomy":"product_cat","embeddable":true,"href":"https:\/\/www.mrhardwares.com\/es\/wp-json\/wp\/v2\/product_cat?post=967"},{"taxonomy":"product_tag","embeddable":true,"href":"https:\/\/www.mrhardwares.com\/es\/wp-json\/wp\/v2\/product_tag?post=967"}],"curies":[{"name":"wp","href":"https:\/\/api.w.org\/{rel}","templated":true}]}}