{"id":1409,"date":"2025-08-24T06:34:43","date_gmt":"2025-08-24T06:34:43","guid":{"rendered":"https:\/\/www.mrhardwares.com\/?post_type=product&#038;p=1409"},"modified":"2025-12-31T01:51:08","modified_gmt":"2025-12-31T01:51:08","slug":"wholesale-full-overlay-soft-close-cabinet-hinges","status":"publish","type":"product","link":"https:\/\/www.mrhardwares.com\/fr\/product\/wholesale-full-overlay-soft-close-cabinet-hinges\/","title":{"rendered":"Wholesale Full Overlay Soft Close Cabinet Hinges MR-ZB1"},"content":{"rendered":"<h3 class=\"wp-block-heading\">Caract\u00e9ristiques des charni\u00e8res d'armoire \u00e0 fermeture douce \u00e0 recouvrement total<\/h3><ul class=\"wp-block-list\"><li><strong>Cr\u00e9ez un look \u00e9pur\u00e9 : <\/strong>Les charni\u00e8res de meuble \u00e0 recouvrement total r\u00e9duisent les espaces entre les portes ou les tiroirs adjacents, ce qui conf\u00e8re au meuble un aspect net, moderne et homog\u00e8ne.<\/li>\n\n<li><strong>Nombreuses applications : <\/strong>Les charni\u00e8res \u00e0 recouvrement total sont le plus souvent utilis\u00e9es pour les armoires sans cadre et conviennent aux cuisines, aux salles de bains, aux armoires de bureau ou aux meubles sur mesure pour lesquels un aspect \u00e9l\u00e9gant et haut de gamme est important.<\/li>\n\n<li><strong>Angle d'ouverture plus grand : <\/strong>Nos charni\u00e8res d'armoire \u00e0 recouvrement total offrent un angle d'ouverture plus large pour un acc\u00e8s plus facile.<\/li>\n\n<li><strong>Dispositif de fermeture en douceur int\u00e9gr\u00e9 : <\/strong>Nos charni\u00e8res d'armoire \u00e0 recouvrement total sont dot\u00e9es d'un dispositif de fermeture en douceur int\u00e9gr\u00e9 qui ralentit la porte et \u00e9vite qu'elle ne claque.<\/li><\/ul><div class=\"wp-block-columns is-layout-flex wp-container-core-columns-is-layout-9d6595d7 wp-block-columns-is-layout-flex\"><div class=\"wp-block-column is-layout-flow wp-block-column-is-layout-flow\"><\/div>\n\n<div class=\"wp-block-column is-layout-flow wp-block-column-is-layout-flow\"><\/div><\/div>","protected":false},"excerpt":{"rendered":"<p><strong>Prix : US $0.12\/pc<\/strong><\/p>\n<p>Con\u00e7ues pour les armoires modernes sans cadre, nos charni\u00e8res d'armoire \u00e0 couverture totale et \u00e0 fermeture progressive sont dot\u00e9es d'un m\u00e9canisme de fermeture progressive int\u00e9gr\u00e9 pour une performance souple, silencieuse et durable. Disponibles en vrac, ces charni\u00e8res sont id\u00e9ales pour les projets de meubles de cuisine, de salle de bain et de bureau.<\/p>\n<p><strong><a href=\"https:\/\/www.mrhardwares.com\/fr\/custom-solution\/\" target=\"_blank\" rel=\"noopener\">En savoir plus sur les solutions de charni\u00e8res de meubles personnalis\u00e9es OEM et ODM \u2192\u00a0<\/a><\/strong><\/p>\n<h2>Sp\u00e9cifications de la charni\u00e8re de meuble \u00e0 fermeture douce \u00e0 recouvrement total<\/h2>\n<table border=\"0\" cellspacing=\"0\" cellpadding=\"0\">\n<tbody style=\"font-size: 12px; border: 1px solid #ccc; overflow: hidden;\">\n<tr style=\"line-height: 1.4;\">\n<td style=\"width: 33%;\" width=\"36\" height=\"30\"><strong>Sp\u00e9cifications<\/strong><\/td>\n<td style=\"width: 67%;\" width=\"72\"><strong>D\u00e9tails<\/strong><\/td>\n<\/tr>\n<tr style=\"line-height: 1.4;\">\n<td style=\"width: 33%;\" width=\"36\" height=\"30\"><strong>Num\u00e9ro de mod\u00e8le<\/strong><\/td>\n<td style=\"width: 67%;\" width=\"72\">MR-ZB1<\/td>\n<\/tr>\n<tr style=\"line-height: 1.4;\">\n<td style=\"width: 33%;\" width=\"36\" height=\"30\"><strong>Mat\u00e9riau de la charni\u00e8re<\/strong><\/td>\n<td style=\"width: 67%;\" width=\"72\">Acier lamin\u00e9 \u00e0 froid<\/td>\n<\/tr>\n<tr style=\"line-height: 1.4;\">\n<td style=\"width: 33%;\" width=\"36\" height=\"30\"><strong>Type de charni\u00e8re<\/strong><\/td>\n<td style=\"width: 67%;\" width=\"72\">Charni\u00e8re de meuble \u00e0 fermeture douce \u00e0 recouvrement total<\/td>\n<\/tr>\n<tr style=\"line-height: 1.4;\">\n<td style=\"width: 33%;\" width=\"36\" height=\"60\"><strong>Sc\u00e9narios applicables<\/strong><\/td>\n<td style=\"width: 67%;\" width=\"72\">Penderie, armoire, biblioth\u00e8que, meuble de salle de bain, etc.<\/td>\n<\/tr>\n<tr style=\"line-height: 1.4;\">\n<td style=\"width: 33%;\" width=\"36\" height=\"50\"><strong>Service OEM et ODM<\/strong><\/td>\n<td style=\"width: 67%;\" width=\"72\">Prise en charge de la personnalisation facile et de la personnalisation approfondie<\/td>\n<\/tr>\n<\/tbody>\n<\/table>\n<p>&nbsp;<\/p>\n<p>\n<script src=\"chrome-extension:\/\/fpelahbljekknahkcaegamhcndkfpfnc\/iFrame.js\" type=\"text\/javascript\"><\/script><\/p>","protected":false},"featured_media":1410,"comment_status":"closed","ping_status":"closed","template":"","meta":{"_acf_changed":false},"product_brand":[],"product_cat":[26],"product_tag":[],"class_list":{"0":"post-1409","1":"product","2":"type-product","3":"status-publish","4":"has-post-thumbnail","6":"product_cat-wholesale-full-overlay-cabinet-hinges","8":"first","9":"instock","10":"shipping-taxable","11":"product-type-simple"},"acf":[],"_links":{"self":[{"href":"https:\/\/www.mrhardwares.com\/fr\/wp-json\/wp\/v2\/product\/1409","targetHints":{"allow":["GET"]}}],"collection":[{"href":"https:\/\/www.mrhardwares.com\/fr\/wp-json\/wp\/v2\/product"}],"about":[{"href":"https:\/\/www.mrhardwares.com\/fr\/wp-json\/wp\/v2\/types\/product"}],"replies":[{"embeddable":true,"href":"https:\/\/www.mrhardwares.com\/fr\/wp-json\/wp\/v2\/comments?post=1409"}],"wp:featuredmedia":[{"embeddable":true,"href":"https:\/\/www.mrhardwares.com\/fr\/wp-json\/wp\/v2\/media\/1410"}],"wp:attachment":[{"href":"https:\/\/www.mrhardwares.com\/fr\/wp-json\/wp\/v2\/media?parent=1409"}],"wp:term":[{"taxonomy":"product_brand","embeddable":true,"href":"https:\/\/www.mrhardwares.com\/fr\/wp-json\/wp\/v2\/product_brand?post=1409"},{"taxonomy":"product_cat","embeddable":true,"href":"https:\/\/www.mrhardwares.com\/fr\/wp-json\/wp\/v2\/product_cat?post=1409"},{"taxonomy":"product_tag","embeddable":true,"href":"https:\/\/www.mrhardwares.com\/fr\/wp-json\/wp\/v2\/product_tag?post=1409"}],"curies":[{"name":"wp","href":"https:\/\/api.w.org\/{rel}","templated":true}]}}