{"id":1411,"date":"2025-08-24T06:47:09","date_gmt":"2025-08-24T06:47:09","guid":{"rendered":"https:\/\/www.mrhardwares.com\/?post_type=product&#038;p=1411"},"modified":"2025-12-31T01:59:34","modified_gmt":"2025-12-31T01:59:34","slug":"wholesale-soft-close-full-overlay-cabinet-hinges","status":"publish","type":"product","link":"https:\/\/www.mrhardwares.com\/fr\/product\/wholesale-soft-close-full-overlay-cabinet-hinges\/","title":{"rendered":"Wholesale Soft Close Cabinet Hinges Full Overlay, Wholesale Supply MR-F2A1"},"content":{"rendered":"<h3 class=\"wp-block-heading\">Caract\u00e9ristiques des charni\u00e8res d'armoire \u00e0 recouvrement total<\/h3><ul class=\"wp-block-list\"><li><strong>M\u00e9canisme de fermeture en douceur : <\/strong>Les amortisseurs int\u00e9gr\u00e9s aux charni\u00e8res garantissent une fermeture lente et silencieuse de la porte de l'armoire \u00e0 chaque fois, r\u00e9duisant ainsi les niveaux de bruit dans votre maison ou votre bureau pour une exp\u00e9rience plus confortable et plus pratique.<br><\/li>\n\n<li><strong>R\u00e9glages ajustables : <\/strong>Nos charni\u00e8res de gros \u00e0 recouvrement total sont r\u00e9glables en trois dimensions, ce qui permet aux installateurs ou aux propri\u00e9taires d'aligner la porte avec pr\u00e9cision sans avoir \u00e0 retirer les charni\u00e8res.<br><\/li>\n\n<li><strong>Angle d'ouverture standard : <\/strong>Nos charni\u00e8res \u00e0 recouvrement total en gros ont un angle d'ouverture de 105\u00b0, ce qui offre un grand espace de rangement et facilite l'acc\u00e8s aux articles de grande taille.<br><\/li>\n\n<li><strong>Large compatibilit\u00e9 : <\/strong>Les charni\u00e8res \u00e0 recouvrement total sont adapt\u00e9es aux armoires sans cadre (de style europ\u00e9en) et conviennent \u00e0 une vari\u00e9t\u00e9 d'applications de meubles, y compris les armoires de cuisine, les garde-robes, les vanit\u00e9s de salle de bain et les rangements de bureau.<\/li><\/ul>","protected":false},"excerpt":{"rendered":"<p data-pm-slice=\"1 1 []\"><strong>Prix : US $0.123\/pc<\/strong><\/p>\n<p>Vente en gros de charni\u00e8res d'armoires \u00e0 fermeture progressive. La conception \u00e0 recouvrement total cr\u00e9e un aspect lisse et sans joint, am\u00e9liorant l'attrait visuel des int\u00e9rieurs modernes. La technologie de fermeture lente garantit une fermeture douce et silencieuse. Les fabricants de charni\u00e8res Mingrun proposent des options en acier inoxydable et en acier lamin\u00e9 \u00e0 froid. Contactez-nous pour un devis.<\/p>\n<p><strong><a href=\"https:\/\/www.mrhardwares.com\/fr\/custom-solution\/\" target=\"_blank\" rel=\"noopener\">En savoir plus sur les solutions de charni\u00e8res de meubles personnalis\u00e9es OEM et ODM \u2192 <\/a><\/strong><\/p>\n<h2>Sp\u00e9cifications des charni\u00e8res d'armoire \u00e0 recouvrement total<\/h2>\n<table border=\"0\" cellspacing=\"0\" cellpadding=\"0\">\n<tbody style=\"font-size: 12px; border: 1px solid #ccc; overflow: hidden;\">\n<tr style=\"line-height: 1.4;\">\n<td style=\"width: 33%;\" width=\"36\" height=\"30\"><span style=\"font-size: 16px;\">Sp\u00e9cifications<\/span><\/td>\n<td style=\"width: 67%;\" width=\"72\"><span style=\"font-size: 16px;\">D\u00e9tails<\/span><\/td>\n<\/tr>\n<tr style=\"line-height: 1.4;\">\n<td style=\"width: 33%;\" width=\"36\" height=\"30\"><span style=\"font-size: 16px;\">Num\u00e9ro de mod\u00e8le<\/span><\/td>\n<td style=\"width: 67%;\" width=\"72\"><span style=\"font-size: 16px;\">MR-F2A<\/span><\/td>\n<\/tr>\n<tr style=\"line-height: 1.4;\">\n<td style=\"width: 33%;\" width=\"36\" height=\"30\"><span style=\"font-size: 16px;\">Mat\u00e9riau de la charni\u00e8re<\/span><\/td>\n<td style=\"width: 67%;\" width=\"72\"><span style=\"font-size: 16px;\">Acier inoxydable ou acier lamin\u00e9 \u00e0 froid<\/span><\/td>\n<\/tr>\n<tr style=\"line-height: 1.4;\">\n<td style=\"width: 33%;\" width=\"36\" height=\"30\"><span style=\"font-size: 16px;\">Type de charni\u00e8re<\/span><\/td>\n<td style=\"width: 67%;\" width=\"72\">Charni\u00e8re de meuble \u00e0 fermeture douce \u00e0 recouvrement total<\/td>\n<\/tr>\n<tr style=\"line-height: 1.4;\">\n<td style=\"width: 33%;\" width=\"36\" height=\"60\"><span style=\"font-size: 16px;\">Sc\u00e9narios applicables<\/span><\/td>\n<td style=\"width: 67%;\" width=\"72\"><span style=\"font-size: 16px;\">Penderie, armoire, biblioth\u00e8que, meuble de salle de bain, etc.<\/span><\/td>\n<\/tr>\n<tr style=\"line-height: 1.4;\">\n<td style=\"width: 33%;\" width=\"36\" height=\"50\"><span style=\"font-size: 16px;\">Service OEM et ODM<\/span><\/td>\n<td style=\"width: 67%;\" width=\"72\"><span style=\"font-size: 16px;\">Prise en charge de la personnalisation facile et de la personnalisation approfondie<\/span><\/td>\n<\/tr>\n<\/tbody>\n<\/table>\n<p>&nbsp;<\/p>\n<p>\n<script src=\"chrome-extension:\/\/fpelahbljekknahkcaegamhcndkfpfnc\/iFrame.js\" type=\"text\/javascript\"><\/script><\/p>","protected":false},"featured_media":1412,"comment_status":"closed","ping_status":"closed","template":"","meta":{"_acf_changed":false},"product_brand":[],"product_cat":[26],"product_tag":[],"class_list":{"0":"post-1411","1":"product","2":"type-product","3":"status-publish","4":"has-post-thumbnail","6":"product_cat-wholesale-full-overlay-cabinet-hinges","8":"first","9":"instock","10":"shipping-taxable","11":"product-type-simple"},"acf":[],"_links":{"self":[{"href":"https:\/\/www.mrhardwares.com\/fr\/wp-json\/wp\/v2\/product\/1411","targetHints":{"allow":["GET"]}}],"collection":[{"href":"https:\/\/www.mrhardwares.com\/fr\/wp-json\/wp\/v2\/product"}],"about":[{"href":"https:\/\/www.mrhardwares.com\/fr\/wp-json\/wp\/v2\/types\/product"}],"replies":[{"embeddable":true,"href":"https:\/\/www.mrhardwares.com\/fr\/wp-json\/wp\/v2\/comments?post=1411"}],"wp:featuredmedia":[{"embeddable":true,"href":"https:\/\/www.mrhardwares.com\/fr\/wp-json\/wp\/v2\/media\/1412"}],"wp:attachment":[{"href":"https:\/\/www.mrhardwares.com\/fr\/wp-json\/wp\/v2\/media?parent=1411"}],"wp:term":[{"taxonomy":"product_brand","embeddable":true,"href":"https:\/\/www.mrhardwares.com\/fr\/wp-json\/wp\/v2\/product_brand?post=1411"},{"taxonomy":"product_cat","embeddable":true,"href":"https:\/\/www.mrhardwares.com\/fr\/wp-json\/wp\/v2\/product_cat?post=1411"},{"taxonomy":"product_tag","embeddable":true,"href":"https:\/\/www.mrhardwares.com\/fr\/wp-json\/wp\/v2\/product_tag?post=1411"}],"curies":[{"name":"wp","href":"https:\/\/api.w.org\/{rel}","templated":true}]}}