{"id":1414,"date":"2025-08-24T07:08:37","date_gmt":"2025-08-24T07:08:37","guid":{"rendered":"https:\/\/www.mrhardwares.com\/?post_type=product&#038;p=1414"},"modified":"2025-12-31T02:04:33","modified_gmt":"2025-12-31T02:04:33","slug":"bulk-full-overlay-cabinet-hinges","status":"publish","type":"product","link":"https:\/\/www.mrhardwares.com\/fr\/product\/bulk-full-overlay-cabinet-hinges\/","title":{"rendered":"Charni\u00e8res d'armoire \u00e0 recouvrement total en vrac avec design \u00e0 fermeture douce MR-F2B1 - Fabricant de charni\u00e8res en gros"},"content":{"rendered":"<h3 class=\"wp-block-heading\">Caract\u00e9ristiques de la charni\u00e8re de meuble \u00e0 fermeture douce \u00e0 recouvrement total MR-F2B1<\/h3><ul class=\"wp-block-list\"><li><strong>Conception d'une superposition compl\u00e8te<\/strong>: Ces charni\u00e8res sont con\u00e7ues pour les portes d'armoires \u00e0 recouvrement total. Lorsqu'elles sont install\u00e9es avec ces charni\u00e8res, les portes de l'armoire recouvrent compl\u00e8tement le cadre de l'armoire lorsqu'elles sont ferm\u00e9es, ce qui am\u00e9liore l'esth\u00e9tique g\u00e9n\u00e9rale des cuisines, des salles de bains et des armoires modernes.<br><\/li>\n\n<li><strong>M\u00e9canisme de fermeture en douceur :<\/strong> Les charni\u00e8res de meuble \u00e0 recouvrement total sont dot\u00e9es d'amortisseurs de fermeture en douceur int\u00e9gr\u00e9s, ce qui garantit une fermeture silencieuse et sans \u00e0-coups. La fonction de fermeture en douceur r\u00e9duit \u00e9galement les contraintes exerc\u00e9es sur la porte et le cadre, prot\u00e9geant ainsi la structure de l'armoire.<br><\/li>\n\n<li><strong>Options de mat\u00e9riaux : <\/strong>Les charni\u00e8res d'armoire \u00e0 recouvrement total MR-F2B1 sont disponibles en acier lamin\u00e9 \u00e0 froid ou en acier inoxydable. L'acier lamin\u00e9 \u00e0 froid est durable et rentable, tandis que l'acier inoxydable offre une excellente r\u00e9sistance \u00e0 la rouille et \u00e0 la corrosion, ce qui permet de l'utiliser dans des environnements humides tels que les cuisines et les salles de bains.<br><\/li>\n\n<li><strong>Approvisionnement rentable :<\/strong> En tant que fabricant professionnel de charni\u00e8res pour meubles bas\u00e9 en Chine, nous fournissons directement nos clients dans le monde entier \u00e0 des prix comp\u00e9titifs, ce qui en fait une option abordable pour les projets \u00e0 grande \u00e9chelle tels que les d\u00e9veloppements r\u00e9sidentiels, les installations h\u00f4teli\u00e8res ou les lignes de production de meubles.<\/li><\/ul>","protected":false},"excerpt":{"rendered":"<p><strong>Prix : US $0.123\/pc<\/strong><\/p>\n<p>Ces charni\u00e8res d'armoire \u00e0 recouvrement total en vrac avec design \u00e0 ralentissement sont des charni\u00e8res de haute qualit\u00e9 con\u00e7ues pour les portes d'armoire \u00e0 recouvrement total, offrant un aspect \u00e9l\u00e9gant et moderne. Elles sont disponibles en acier lamin\u00e9 \u00e0 froid ou en acier inoxydable pour r\u00e9pondre aux besoins de votre entreprise. Contactez-nous pour des achats en gros directement aupr\u00e8s d'un fabricant de charni\u00e8res de confiance.<\/p>\n<p><strong><a href=\"https:\/\/www.mrhardwares.com\/fr\/custom-solution\/\" target=\"_blank\" rel=\"noopener\">En savoir plus sur les solutions de charni\u00e8res de meubles personnalis\u00e9es OEM et ODM \u2192<\/a><\/strong><\/p>\n<h2>Sp\u00e9cifications de la charni\u00e8re d'armoire \u00e0 fermeture douce<\/h2>\n<table border=\"0\" cellspacing=\"0\" cellpadding=\"0\">\n<tbody style=\"font-size: 12px; border: 1px solid #ccc; overflow: hidden;\">\n<tr style=\"line-height: 1.4;\">\n<td style=\"width: 33%;\" width=\"36\" height=\"30\"><strong>Sp\u00e9cifications<\/strong><\/td>\n<td style=\"width: 67%;\" width=\"72\"><strong>D\u00e9tails<\/strong><\/td>\n<\/tr>\n<tr style=\"line-height: 1.4;\">\n<td style=\"width: 33%;\" width=\"36\" height=\"30\"><strong>Num\u00e9ro de mod\u00e8le<\/strong><\/td>\n<td style=\"width: 67%;\" width=\"72\">MR-F2B1<\/td>\n<\/tr>\n<tr style=\"line-height: 1.4;\">\n<td style=\"width: 33%;\" width=\"36\" height=\"30\"><strong>Mat\u00e9riau de la charni\u00e8re<\/strong><\/td>\n<td style=\"width: 67%;\" width=\"72\">Acier inoxydable ou acier lamin\u00e9 \u00e0 froid<\/td>\n<\/tr>\n<tr style=\"line-height: 1.4;\">\n<td style=\"width: 33%;\" width=\"36\" height=\"30\"><strong>Type de charni\u00e8re<\/strong><\/td>\n<td style=\"width: 67%;\" width=\"72\">Charni\u00e8res d'armoire \u00e0 recouvrement complet<\/td>\n<\/tr>\n<tr style=\"line-height: 1.4;\">\n<td style=\"width: 33%;\" width=\"36\" height=\"60\"><strong>Sc\u00e9narios applicables<\/strong><\/td>\n<td style=\"width: 67%;\" width=\"72\">Penderie, armoire, biblioth\u00e8que, meuble de salle de bain, etc.<\/td>\n<\/tr>\n<tr style=\"line-height: 1.4;\">\n<td style=\"width: 33%;\" width=\"36\" height=\"50\"><strong>Service OEM et ODM<\/strong><\/td>\n<td style=\"width: 67%;\" width=\"72\">Prise en charge de la personnalisation facile et de la personnalisation approfondie<\/td>\n<\/tr>\n<\/tbody>\n<\/table>\n<p><script src=\"chrome-extension:\/\/fpelahbljekknahkcaegamhcndkfpfnc\/iFrame.js\" type=\"text\/javascript\"><\/script><\/p>\n<p><script src=\"chrome-extension:\/\/fpelahbljekknahkcaegamhcndkfpfnc\/iFrame.js\" type=\"text\/javascript\"><\/script><\/p>","protected":false},"featured_media":1415,"comment_status":"closed","ping_status":"closed","template":"","meta":{"_acf_changed":false},"product_brand":[],"product_cat":[26],"product_tag":[],"class_list":{"0":"post-1414","1":"product","2":"type-product","3":"status-publish","4":"has-post-thumbnail","6":"product_cat-wholesale-full-overlay-cabinet-hinges","8":"first","9":"instock","10":"shipping-taxable","11":"product-type-simple"},"acf":[],"_links":{"self":[{"href":"https:\/\/www.mrhardwares.com\/fr\/wp-json\/wp\/v2\/product\/1414","targetHints":{"allow":["GET"]}}],"collection":[{"href":"https:\/\/www.mrhardwares.com\/fr\/wp-json\/wp\/v2\/product"}],"about":[{"href":"https:\/\/www.mrhardwares.com\/fr\/wp-json\/wp\/v2\/types\/product"}],"replies":[{"embeddable":true,"href":"https:\/\/www.mrhardwares.com\/fr\/wp-json\/wp\/v2\/comments?post=1414"}],"wp:featuredmedia":[{"embeddable":true,"href":"https:\/\/www.mrhardwares.com\/fr\/wp-json\/wp\/v2\/media\/1415"}],"wp:attachment":[{"href":"https:\/\/www.mrhardwares.com\/fr\/wp-json\/wp\/v2\/media?parent=1414"}],"wp:term":[{"taxonomy":"product_brand","embeddable":true,"href":"https:\/\/www.mrhardwares.com\/fr\/wp-json\/wp\/v2\/product_brand?post=1414"},{"taxonomy":"product_cat","embeddable":true,"href":"https:\/\/www.mrhardwares.com\/fr\/wp-json\/wp\/v2\/product_cat?post=1414"},{"taxonomy":"product_tag","embeddable":true,"href":"https:\/\/www.mrhardwares.com\/fr\/wp-json\/wp\/v2\/product_tag?post=1414"}],"curies":[{"name":"wp","href":"https:\/\/api.w.org\/{rel}","templated":true}]}}