{"id":1416,"date":"2025-08-24T07:36:49","date_gmt":"2025-08-24T07:36:49","guid":{"rendered":"https:\/\/www.mrhardwares.com\/?post_type=product&#038;p=1416"},"modified":"2025-12-31T02:10:32","modified_gmt":"2025-12-31T02:10:32","slug":"wholesale-full-overlay-soft-close-hinges","status":"publish","type":"product","link":"https:\/\/www.mrhardwares.com\/fr\/product\/wholesale-full-overlay-soft-close-hinges\/","title":{"rendered":"Wholesale Full Overlay Soft Close Hinges for Kitchen, Bathroom, and Furniture Doors MR-DB1"},"content":{"rendered":"<h3 class=\"wp-block-heading\">Caract\u00e9ristiques de la charni\u00e8re \u00e0 fermeture douce \u00e0 recouvrement total<\/h3><ul class=\"wp-block-list\"><li><strong>Esth\u00e9tique simple am\u00e9lior\u00e9e : <\/strong>La charni\u00e8re \u00e0 recouvrement total permet \u00e0 la porte de l'armoire de recouvrir compl\u00e8tement le cadre de l'armoire lorsqu'elle est ferm\u00e9e, ce qui am\u00e9liore l'aspect g\u00e9n\u00e9ral.<\/li>\n\n<li><strong>M\u00e9canisme silencieux de fermeture en douceur :<\/strong> Equip\u00e9es d'un syst\u00e8me fiable de fermeture en douceur, nos charni\u00e8res \u00e0 recouvrement total emp\u00eachent la porte de claquer, cr\u00e9ant ainsi un environnement plus confortable et plus silencieux.<\/li>\n\n<li><strong>S\u00e9curit\u00e9 et protection accrues :<\/strong> Le m\u00e9canisme de fermeture en douceur am\u00e9liore non seulement la fonctionnalit\u00e9, mais aussi la s\u00e9curit\u00e9 en r\u00e9duisant le risque de blessures aux doigts lors de la fermeture de la porte. Cette conception est particuli\u00e8rement utile pour les maisons avec enfants ou les espaces commerciaux tr\u00e8s fr\u00e9quent\u00e9s.<\/li>\n\n<li><strong>Largement compatible :<\/strong> Les charni\u00e8res \u00e0 recouvrement total Wholesale sont compatibles avec un large \u00e9ventail de types d'armoires, y compris les armoires de cuisine, les armoires de salle de bains, les portes d'armoires et d'autres meubles, ce qui en fait un choix pratique pour les projets r\u00e9sidentiels et commerciaux.<\/li><\/ul>","protected":false},"excerpt":{"rendered":"<p><strong>Prix : US $0.14\/pc<\/strong><\/p>\n<p>Vente en gros de charni\u00e8res \u00e0 fermeture souple \u00e0 recouvrement total. Ces charni\u00e8res allient style, durabilit\u00e9 et fonctionnalit\u00e9. La conception \u00e0 recouvrement total garantit que la porte de l'armoire recouvre enti\u00e8rement le cadre, cr\u00e9ant ainsi un aspect propre et moderne pour les cuisines, les salles de bains et les meubles. En tant que fabricant professionnel de charni\u00e8res, nous proposons des devis d'usine et sommes en mesure de r\u00e9aliser une grande vari\u00e9t\u00e9 de projets. Contactez nous.<\/p>\n<p><strong><a href=\"https:\/\/www.mrhardwares.com\/fr\/custom-solution\/\" target=\"_blank\" rel=\"noopener\">En savoir plus sur les solutions de charni\u00e8res de meubles personnalis\u00e9es OEM et ODM \u2192<\/a><\/strong><\/p>\n<h2>Sp\u00e9cifications de la charni\u00e8re \u00e0 fermeture douce \u00e0 recouvrement total<\/h2>\n<table border=\"0\" cellspacing=\"0\" cellpadding=\"0\">\n<tbody style=\"font-size: 12px; border: 1px solid #ccc; overflow: hidden;\">\n<tr style=\"line-height: 1.4;\">\n<td style=\"width: 33%;\" width=\"36\" height=\"30\"><strong>Sp\u00e9cifications<\/strong><\/td>\n<td style=\"width: 67%;\" width=\"72\"><strong>D\u00e9tails<\/strong><\/td>\n<\/tr>\n<tr style=\"line-height: 1.4;\">\n<td style=\"width: 33%;\" width=\"36\" height=\"30\"><strong>Num\u00e9ro de mod\u00e8le<\/strong><\/td>\n<td style=\"width: 67%;\" width=\"72\">MR-DB1<\/td>\n<\/tr>\n<tr style=\"line-height: 1.4;\">\n<td style=\"width: 33%;\" width=\"36\" height=\"30\"><strong>Mat\u00e9riau de la charni\u00e8re<\/strong><\/td>\n<td style=\"width: 67%;\" width=\"72\">Acier inoxydable ou acier lamin\u00e9 \u00e0 froid<\/td>\n<\/tr>\n<tr style=\"line-height: 1.4;\">\n<td style=\"width: 33%;\" width=\"36\" height=\"30\"><strong>Type de charni\u00e8re<\/strong><\/td>\n<td style=\"width: 67%;\" width=\"72\">Charni\u00e8re \u00e0 fermeture douce \u00e0 recouvrement total<\/td>\n<\/tr>\n<tr style=\"line-height: 1.4;\">\n<td style=\"width: 33%;\" width=\"36\" height=\"60\"><strong>Sc\u00e9narios applicables<\/strong><\/td>\n<td style=\"width: 67%;\" width=\"72\">Penderie, armoire, biblioth\u00e8que, meuble de salle de bain, etc.<\/td>\n<\/tr>\n<tr style=\"line-height: 1.4;\">\n<td style=\"width: 33%;\" width=\"36\" height=\"50\"><strong>Service OEM et ODM<\/strong><\/td>\n<td style=\"width: 67%;\" width=\"72\">Prise en charge de la personnalisation facile et de la personnalisation approfondie<\/td>\n<\/tr>\n<\/tbody>\n<\/table>\n<p><script src=\"chrome-extension:\/\/fpelahbljekknahkcaegamhcndkfpfnc\/iFrame.js\" type=\"text\/javascript\"><\/script><\/p>\n<p>\n<script src=\"chrome-extension:\/\/fpelahbljekknahkcaegamhcndkfpfnc\/iFrame.js\" type=\"text\/javascript\"><\/script><\/p>","protected":false},"featured_media":1417,"comment_status":"closed","ping_status":"closed","template":"","meta":{"_acf_changed":false},"product_brand":[],"product_cat":[26],"product_tag":[],"class_list":{"0":"post-1416","1":"product","2":"type-product","3":"status-publish","4":"has-post-thumbnail","6":"product_cat-wholesale-full-overlay-cabinet-hinges","8":"first","9":"instock","10":"shipping-taxable","11":"product-type-simple"},"acf":[],"_links":{"self":[{"href":"https:\/\/www.mrhardwares.com\/fr\/wp-json\/wp\/v2\/product\/1416","targetHints":{"allow":["GET"]}}],"collection":[{"href":"https:\/\/www.mrhardwares.com\/fr\/wp-json\/wp\/v2\/product"}],"about":[{"href":"https:\/\/www.mrhardwares.com\/fr\/wp-json\/wp\/v2\/types\/product"}],"replies":[{"embeddable":true,"href":"https:\/\/www.mrhardwares.com\/fr\/wp-json\/wp\/v2\/comments?post=1416"}],"wp:featuredmedia":[{"embeddable":true,"href":"https:\/\/www.mrhardwares.com\/fr\/wp-json\/wp\/v2\/media\/1417"}],"wp:attachment":[{"href":"https:\/\/www.mrhardwares.com\/fr\/wp-json\/wp\/v2\/media?parent=1416"}],"wp:term":[{"taxonomy":"product_brand","embeddable":true,"href":"https:\/\/www.mrhardwares.com\/fr\/wp-json\/wp\/v2\/product_brand?post=1416"},{"taxonomy":"product_cat","embeddable":true,"href":"https:\/\/www.mrhardwares.com\/fr\/wp-json\/wp\/v2\/product_cat?post=1416"},{"taxonomy":"product_tag","embeddable":true,"href":"https:\/\/www.mrhardwares.com\/fr\/wp-json\/wp\/v2\/product_tag?post=1416"}],"curies":[{"name":"wp","href":"https:\/\/api.w.org\/{rel}","templated":true}]}}