{"id":1418,"date":"2025-08-24T08:03:22","date_gmt":"2025-08-24T08:03:22","guid":{"rendered":"https:\/\/www.mrhardwares.com\/?post_type=product&#038;p=1418"},"modified":"2025-12-31T02:38:26","modified_gmt":"2025-12-31T02:38:26","slug":"wholesale-full-overlay-cabinet-door-hinges","status":"publish","type":"product","link":"https:\/\/www.mrhardwares.com\/fr\/product\/wholesale-full-overlay-cabinet-door-hinges\/","title":{"rendered":"Wholesale Full Overlay Cabinet Door Hinges MR-DTZ1"},"content":{"rendered":"<h3 class=\"wp-block-heading\">Caract\u00e9ristiques des charni\u00e8res de porte d'armoire \u00e0 recouvrement total<\/h3><ul class=\"wp-block-list\"><li><strong>Conception d'une superposition compl\u00e8te : <\/strong>Les charni\u00e8res de porte de meuble \u00e0 recouvrement total permettent \u00e0 la porte de meuble de couvrir toute la fa\u00e7ade du meuble, ne laissant qu'un petit espace uniforme entre les portes, cr\u00e9ant ainsi un design cach\u00e9 et mettant en valeur le style minimaliste.<\/li>\n\n<li><strong>Installation facile : <\/strong>Nos charni\u00e8res \u00e0 recouvrement total sont encliquetables, ce qui acc\u00e9l\u00e8re consid\u00e9rablement l'installation.<\/li>\n\n<li><strong>R\u00e9glable : <\/strong>Les charni\u00e8res \u00e0 recouvrement total sont r\u00e9glables en trois dimensions : en profondeur, d'un c\u00f4t\u00e9 \u00e0 l'autre et \u00e0 la verticale. Ce r\u00e9glage complet garantit un ajustement parfait sans d\u00e9montage, m\u00eame si le caisson est l\u00e9g\u00e8rement hors d'\u00e9querre ou s'il n'est pas parfaitement install\u00e9.<\/li>\n\n<li><strong>Prix comp\u00e9titifs : <\/strong>Les charni\u00e8res \u00e0 recouvrement total de Mingrun Hinge Factory peuvent aider votre entreprise \u00e0 r\u00e9duire consid\u00e9rablement le co\u00fbt par charni\u00e8re et \u00e0 garantir l'uniformit\u00e9 du produit.<\/li><\/ul>","protected":false},"excerpt":{"rendered":"<p><strong>Prix : US $0.15\/pc<\/strong><\/p>\n<p>Les charni\u00e8res de porte d'armoire \u00e0 recouvrement int\u00e9gral dissimulent le cadre de l'armoire, donnant \u00e0 vos portes d'armoire une apparence homog\u00e8ne et affleurante. De plus, leur m\u00e9canisme de fermeture en douceur int\u00e9gr\u00e9 assure un mouvement de fermeture en douceur. Nous fournissons des volumes importants afin de garantir l'homog\u00e9n\u00e9it\u00e9 des produits et des prix comp\u00e9titifs. N'h\u00e9sitez pas \u00e0 nous contacter d\u00e8s aujourd'hui !<\/p>\n<h2>Sp\u00e9cifications des charni\u00e8res de porte d'armoire \u00e0 recouvrement total<\/h2>\n<table border=\"0\" cellspacing=\"0\" cellpadding=\"0\">\n<tbody style=\"font-size: 12px; border: 1px solid #ccc; overflow: hidden;\">\n<tr style=\"line-height: 1.4;\">\n<td style=\"width: 33%;\" width=\"36\" height=\"30\"><strong>Sp\u00e9cifications<\/strong><\/td>\n<td style=\"width: 67%;\" width=\"72\"><strong>D\u00e9tails<\/strong><\/td>\n<\/tr>\n<tr style=\"line-height: 1.4;\">\n<td style=\"width: 33%;\" width=\"36\" height=\"30\"><strong>Num\u00e9ro de mod\u00e8le<\/strong><\/td>\n<td style=\"width: 67%;\" width=\"72\">MR-DTZ1<\/td>\n<\/tr>\n<tr style=\"line-height: 1.4;\">\n<td style=\"width: 33%;\" width=\"36\" height=\"30\"><strong>Mat\u00e9riau de la charni\u00e8re<\/strong><\/td>\n<td style=\"width: 67%;\" width=\"72\">Acier inoxydable ou acier lamin\u00e9 \u00e0 froid<\/td>\n<\/tr>\n<tr style=\"line-height: 1.4;\">\n<td style=\"width: 33%;\" width=\"36\" height=\"30\"><strong>Type de charni\u00e8re<\/strong><\/td>\n<td style=\"width: 67%;\" width=\"72\">Charni\u00e8re de porte d'armoire \u00e0 recouvrement complet<\/td>\n<\/tr>\n<tr style=\"line-height: 1.4;\">\n<td style=\"width: 33%;\" width=\"36\" height=\"60\"><strong>Sc\u00e9narios applicables<\/strong><\/td>\n<td style=\"width: 67%;\" width=\"72\">Penderie, armoire, biblioth\u00e8que, meuble de salle de bain, etc.<\/td>\n<\/tr>\n<tr style=\"line-height: 1.4;\">\n<td style=\"width: 33%;\" width=\"36\" height=\"50\"><strong>Service OEM et ODM<\/strong><\/td>\n<td style=\"width: 67%;\" width=\"72\">Prise en charge de la personnalisation facile et de la personnalisation approfondie<\/td>\n<\/tr>\n<\/tbody>\n<\/table>\n<p>&nbsp;<\/p>\n<p><script src=\"chrome-extension:\/\/fpelahbljekknahkcaegamhcndkfpfnc\/iFrame.js\" type=\"text\/javascript\"><\/script><\/p>\n<p>\n<script src=\"chrome-extension:\/\/fpelahbljekknahkcaegamhcndkfpfnc\/iFrame.js\" type=\"text\/javascript\"><\/script><\/p>","protected":false},"featured_media":1420,"comment_status":"closed","ping_status":"closed","template":"","meta":{"_acf_changed":false},"product_brand":[],"product_cat":[26],"product_tag":[],"class_list":{"0":"post-1418","1":"product","2":"type-product","3":"status-publish","4":"has-post-thumbnail","6":"product_cat-wholesale-full-overlay-cabinet-hinges","8":"first","9":"instock","10":"shipping-taxable","11":"product-type-simple"},"acf":[],"_links":{"self":[{"href":"https:\/\/www.mrhardwares.com\/fr\/wp-json\/wp\/v2\/product\/1418","targetHints":{"allow":["GET"]}}],"collection":[{"href":"https:\/\/www.mrhardwares.com\/fr\/wp-json\/wp\/v2\/product"}],"about":[{"href":"https:\/\/www.mrhardwares.com\/fr\/wp-json\/wp\/v2\/types\/product"}],"replies":[{"embeddable":true,"href":"https:\/\/www.mrhardwares.com\/fr\/wp-json\/wp\/v2\/comments?post=1418"}],"wp:featuredmedia":[{"embeddable":true,"href":"https:\/\/www.mrhardwares.com\/fr\/wp-json\/wp\/v2\/media\/1420"}],"wp:attachment":[{"href":"https:\/\/www.mrhardwares.com\/fr\/wp-json\/wp\/v2\/media?parent=1418"}],"wp:term":[{"taxonomy":"product_brand","embeddable":true,"href":"https:\/\/www.mrhardwares.com\/fr\/wp-json\/wp\/v2\/product_brand?post=1418"},{"taxonomy":"product_cat","embeddable":true,"href":"https:\/\/www.mrhardwares.com\/fr\/wp-json\/wp\/v2\/product_cat?post=1418"},{"taxonomy":"product_tag","embeddable":true,"href":"https:\/\/www.mrhardwares.com\/fr\/wp-json\/wp\/v2\/product_tag?post=1418"}],"curies":[{"name":"wp","href":"https:\/\/api.w.org\/{rel}","templated":true}]}}