{"id":1421,"date":"2025-08-24T08:42:14","date_gmt":"2025-08-24T08:42:14","guid":{"rendered":"https:\/\/www.mrhardwares.com\/?post_type=product&#038;p=1421"},"modified":"2025-12-31T01:51:47","modified_gmt":"2025-12-31T01:51:47","slug":"wholesale-half-overlay-soft-close-cabinet-hinges","status":"publish","type":"product","link":"https:\/\/www.mrhardwares.com\/fr\/product\/wholesale-half-overlay-soft-close-cabinet-hinges\/","title":{"rendered":"Wholesale Half Overlay Cabinet Hinges with Soft Close Design MR-ZB2"},"content":{"rendered":"<h3 class=\"wp-block-heading\">Caract\u00e9ristiques des charni\u00e8res d'armoire en demi-couverture<\/h3><ul class=\"wp-block-list\"><li><strong>Id\u00e9al pour les rang\u00e9es d'armoires : <\/strong>Les charni\u00e8res \u00e0 demi-couverture sont id\u00e9ales pour les rang\u00e9es d'armoires, en particulier lorsque plusieurs portes partagent une s\u00e9paration centrale.<\/li>\n\n<li><strong>Une installation plus souple : <\/strong>Les charni\u00e8res \u00e0 demi-recouvrement offrent une plus grande souplesse d'installation que les charni\u00e8res \u00e0 recouvrement total. Comme la porte ne couvre que la moiti\u00e9 du cadre de l'armoire, les l\u00e9gers d\u00e9fauts d'alignement ou les erreurs de mesure sont moins perceptibles.<\/li>\n\n<li><strong>Esth\u00e9tique classique : <\/strong>Les charni\u00e8res \u00e0 demi-couverture cr\u00e9ent un aspect plus sculpt\u00e9 en laissant une partie du cadre du meuble expos\u00e9e, contrairement aux charni\u00e8res \u00e0 pleine couverture.<\/li>\n\n<li><strong>Style polyvalent : <\/strong>Les charni\u00e8res \u00e0 demi-couverture offrent \u00e0 la fois l'aspect dissimul\u00e9 des armoires modernes sans cadre et le cadre apparent des armoires encastr\u00e9es traditionnelles, ce qui les rend id\u00e9ales pour une grande vari\u00e9t\u00e9 de styles de cuisine.<\/li><\/ul><div class=\"wp-block-columns is-layout-flex wp-container-core-columns-is-layout-9d6595d7 wp-block-columns-is-layout-flex\"><div class=\"wp-block-column is-layout-flow wp-block-column-is-layout-flow\"><\/div>\n\n<div class=\"wp-block-column is-layout-flow wp-block-column-is-layout-flow\"><\/div><\/div>","protected":false},"excerpt":{"rendered":"<p data-pm-slice=\"1 1 []\"><strong>Prix : US $0.12\/pc<\/strong><\/p>\n<p>Vente en gros de charni\u00e8res d'armoires \u00e0 demi-couverture. Cette conception est id\u00e9ale pour les armoires \u00e0 portes continues, telles que les armoires de cuisine ou les penderies, o\u00f9 deux portes adjacentes sont mont\u00e9es sur les c\u00f4t\u00e9s oppos\u00e9s d'une cloison centrale commune. Ces charni\u00e8res d'armoire \u00e0 demi-recouvrement sont \u00e9galement dot\u00e9es d'un m\u00e9canisme de fermeture en douceur pour une ouverture et une fermeture en douceur.<\/p>\n<p>En tant que <a href=\"https:\/\/www.mrhardwares.com\/fr\/\" target=\"_blank\" rel=\"noopener\"><strong>fabricant professionnel de charni\u00e8res<\/strong><\/a>Mingrun propose une large gamme de charni\u00e8res d'armoires en vrac \u00e0 des prix d'usine comp\u00e9titifs. Nous prenons en charge les commandes de gros volumes, n'h\u00e9sitez pas \u00e0 nous contacter.<\/p>\n<h2>Sp\u00e9cifications de la charni\u00e8re d'armoire \u00e0 demi-recouvrement<\/h2>\n<table border=\"0\" cellspacing=\"0\" cellpadding=\"0\">\n<tbody style=\"font-size: 12px; border: 1px solid #ccc; overflow: hidden;\">\n<tr style=\"line-height: 1.4;\">\n<td style=\"width: 33%;\" width=\"36\" height=\"30\"><strong>Sp\u00e9cifications<\/strong><\/td>\n<td style=\"width: 67%;\" width=\"72\"><strong>D\u00e9tails<\/strong><\/td>\n<\/tr>\n<tr style=\"line-height: 1.4;\">\n<td style=\"width: 33%;\" width=\"36\" height=\"30\"><strong>Num\u00e9ro de mod\u00e8le<\/strong><\/td>\n<td style=\"width: 67%;\" width=\"72\">MR-ZB2<\/td>\n<\/tr>\n<tr style=\"line-height: 1.4;\">\n<td style=\"width: 33%;\" width=\"36\" height=\"30\"><strong>Mat\u00e9riau de la charni\u00e8re<\/strong><\/td>\n<td style=\"width: 67%;\" width=\"72\">Acier lamin\u00e9 \u00e0 froid<\/td>\n<\/tr>\n<tr style=\"line-height: 1.4;\">\n<td style=\"width: 33%;\" width=\"36\" height=\"30\"><strong>Type de charni\u00e8re<\/strong><\/td>\n<td style=\"width: 67%;\" width=\"72\">Charni\u00e8re de meuble \u00e0 fermeture douce en demi-couverture<\/td>\n<\/tr>\n<tr style=\"line-height: 1.4;\">\n<td style=\"width: 33%;\" width=\"36\" height=\"60\"><strong>Sc\u00e9narios applicables<\/strong><\/td>\n<td style=\"width: 67%;\" width=\"72\">Penderie, armoire, biblioth\u00e8que, meuble de salle de bain, etc.<\/td>\n<\/tr>\n<tr style=\"line-height: 1.4;\">\n<td style=\"width: 33%;\" width=\"36\" height=\"50\"><strong>Service OEM et ODM<\/strong><\/td>\n<td style=\"width: 67%;\" width=\"72\">Prise en charge de la personnalisation facile et de la personnalisation approfondie<\/td>\n<\/tr>\n<\/tbody>\n<\/table>\n<p>&nbsp;<\/p>\n<p><script src=\"chrome-extension:\/\/fpelahbljekknahkcaegamhcndkfpfnc\/iFrame.js\" type=\"text\/javascript\"><\/script><\/p>\n<p>\n<script src=\"chrome-extension:\/\/fpelahbljekknahkcaegamhcndkfpfnc\/iFrame.js\" type=\"text\/javascript\"><\/script><\/p>","protected":false},"featured_media":1410,"comment_status":"closed","ping_status":"closed","template":"","meta":{"_acf_changed":false},"product_brand":[],"product_cat":[28],"product_tag":[],"class_list":{"0":"post-1421","1":"product","2":"type-product","3":"status-publish","4":"has-post-thumbnail","6":"product_cat-wholesale-half-overlay-cabinet-hinges","8":"first","9":"instock","10":"shipping-taxable","11":"product-type-simple"},"acf":[],"_links":{"self":[{"href":"https:\/\/www.mrhardwares.com\/fr\/wp-json\/wp\/v2\/product\/1421","targetHints":{"allow":["GET"]}}],"collection":[{"href":"https:\/\/www.mrhardwares.com\/fr\/wp-json\/wp\/v2\/product"}],"about":[{"href":"https:\/\/www.mrhardwares.com\/fr\/wp-json\/wp\/v2\/types\/product"}],"replies":[{"embeddable":true,"href":"https:\/\/www.mrhardwares.com\/fr\/wp-json\/wp\/v2\/comments?post=1421"}],"wp:featuredmedia":[{"embeddable":true,"href":"https:\/\/www.mrhardwares.com\/fr\/wp-json\/wp\/v2\/media\/1410"}],"wp:attachment":[{"href":"https:\/\/www.mrhardwares.com\/fr\/wp-json\/wp\/v2\/media?parent=1421"}],"wp:term":[{"taxonomy":"product_brand","embeddable":true,"href":"https:\/\/www.mrhardwares.com\/fr\/wp-json\/wp\/v2\/product_brand?post=1421"},{"taxonomy":"product_cat","embeddable":true,"href":"https:\/\/www.mrhardwares.com\/fr\/wp-json\/wp\/v2\/product_cat?post=1421"},{"taxonomy":"product_tag","embeddable":true,"href":"https:\/\/www.mrhardwares.com\/fr\/wp-json\/wp\/v2\/product_tag?post=1421"}],"curies":[{"name":"wp","href":"https:\/\/api.w.org\/{rel}","templated":true}]}}